{"id":985,"date":"2020-10-19T14:57:36","date_gmt":"2020-10-19T17:57:36","guid":{"rendered":"https:\/\/www.lpicomercial.com.br\/?post_type=product&#038;p=985"},"modified":"2021-06-24T14:21:39","modified_gmt":"2021-06-24T17:21:39","slug":"rolamento-autocompensador-de-rolos-em-forma-de-tonel-22220ccw","status":"publish","type":"product","link":"https:\/\/ztlrolamentos.com.br\/loja\/produto\/rolamento-autocompensador-de-rolos-em-forma-de-tonel-22220ccw\/","title":{"rendered":"Rolamento Autocompensador de Rolos em Forma de Tonel &#8211; 22220CCW"},"content":{"rendered":"<p>Rolamento autocompensador de rolos em forma de tonel. duas carreiras. folga interna C3. gaiola em a\u00e7o. furo cil\u00edndrico. suporta carga radial e axial.<\/p>\n<p>Marca: ZTL<\/p>\n<p>C\u00f3digo do Produto : 22220<\/p>\n<p>Di\u00e2metro Interno: 100mm<\/p>\n<p>Grupo: Rolamentos autocompensadores de rolos<\/p>\n<p>Largura: 46mm<\/p>\n<p>Di\u00e2metro Externo: 180mm<\/p>\n<p>Subgrupo: Rolamentos autocompensadores de rolos. furo cil\u00edndrico<\/p>\n<p>Peso Bruto: 4.94 kg<\/p>\n","protected":false},"excerpt":{"rendered":"<p>Rolamento autocompensador de rolos em forma de tonel. duas carreiras. folga interna C3. gaiola em a\u00e7o. furo cil\u00edndrico. suporta carga radial e axial. Marca: ZTL C\u00f3digo do Produto : 22220 Di\u00e2metro Interno: 100mm Grupo: Rolamentos autocompensadores de rolos Largura: 46mm Di\u00e2metro Externo: 180mm Subgrupo: Rolamentos autocompensadores de rolos. furo cil\u00edndrico Peso Bruto: 4.94 kg<\/p>\n","protected":false},"featured_media":986,"comment_status":"open","ping_status":"closed","template":"","meta":{"_joinchat":[]},"product_brand":[],"product_cat":[38],"product_tag":[249],"class_list":{"0":"post-985","1":"product","2":"type-product","3":"status-publish","4":"has-post-thumbnail","6":"product_cat-linha-leve-conicos","7":"product_tag-rolamentos","9":"first","10":"instock","11":"sale","12":"taxable","13":"shipping-taxable","14":"purchasable","15":"product-type-simple"},"_links":{"self":[{"href":"https:\/\/ztlrolamentos.com.br\/loja\/wp-json\/wp\/v2\/product\/985","targetHints":{"allow":["GET"]}}],"collection":[{"href":"https:\/\/ztlrolamentos.com.br\/loja\/wp-json\/wp\/v2\/product"}],"about":[{"href":"https:\/\/ztlrolamentos.com.br\/loja\/wp-json\/wp\/v2\/types\/product"}],"replies":[{"embeddable":true,"href":"https:\/\/ztlrolamentos.com.br\/loja\/wp-json\/wp\/v2\/comments?post=985"}],"wp:featuredmedia":[{"embeddable":true,"href":"https:\/\/ztlrolamentos.com.br\/loja\/wp-json\/wp\/v2\/media\/986"}],"wp:attachment":[{"href":"https:\/\/ztlrolamentos.com.br\/loja\/wp-json\/wp\/v2\/media?parent=985"}],"wp:term":[{"taxonomy":"product_brand","embeddable":true,"href":"https:\/\/ztlrolamentos.com.br\/loja\/wp-json\/wp\/v2\/product_brand?post=985"},{"taxonomy":"product_cat","embeddable":true,"href":"https:\/\/ztlrolamentos.com.br\/loja\/wp-json\/wp\/v2\/product_cat?post=985"},{"taxonomy":"product_tag","embeddable":true,"href":"https:\/\/ztlrolamentos.com.br\/loja\/wp-json\/wp\/v2\/product_tag?post=985"}],"curies":[{"name":"wp","href":"https:\/\/api.w.org\/{rel}","templated":true}]}}