{"id":978,"date":"2020-10-19T11:48:38","date_gmt":"2020-10-19T14:48:38","guid":{"rendered":"https:\/\/www.lpicomercial.com.br\/?post_type=product&#038;p=978"},"modified":"2023-06-15T11:47:41","modified_gmt":"2023-06-15T14:47:41","slug":"rolamento-autocompensador-de-rolos-22322","status":"publish","type":"product","link":"https:\/\/ztlrolamentos.com.br\/loja\/produto\/rolamento-autocompensador-de-rolos-22322\/","title":{"rendered":"Rolamento  Autocompensador de Rolos 22322 A"},"content":{"rendered":"<p>Os rolamentos autocompensadores de rolos possuem duas carreiras de rolos sim\u00e9tricas com uma pista esf\u00e9rica comum no anel externo e duas pistas no anel interno inclinadas em um \u00e2ngulo em rela\u00e7\u00e3o ao eixo do rolamento\u00a0O ponto central da esfera na pista do anel externo fica no eixo do rolamento.<\/p>\n<p>&nbsp;<\/p>\n<ul>\n<li>Marca: ZTL<\/li>\n<li>C\u00f3digo da Pe\u00e7a: 22322EA<\/li>\n<li>Grupo: Rolamentos autocompensadores de rolos.<\/li>\n<li>Altura: 25.5 cm<\/li>\n<li>Comprimento: 25 cm<\/li>\n<li>Largura: 9,3 cm<\/li>\n<li>Peso Bruto: 17.53 kg<\/li>\n<\/ul>\n","protected":false},"excerpt":{"rendered":"<p>Os rolamentos autocompensadores de rolos possuem duas carreiras de rolos sim\u00e9tricas com uma pista esf\u00e9rica comum no anel externo e duas pistas no anel interno inclinadas em um \u00e2ngulo em rela\u00e7\u00e3o ao eixo do rolamento\u00a0O ponto central da esfera na pista do anel externo fica no eixo do rolamento. &nbsp; Marca: ZTL C\u00f3digo da Pe\u00e7a: 22322EA Grupo: Rolamentos autocompensadores de rolos. Altura: 25.5 cm Comprimento: 25 cm Largura: 9,3 cm Peso Bruto: 17.53 kg<\/p>\n","protected":false},"featured_media":1470,"comment_status":"open","ping_status":"closed","template":"","meta":{"_joinchat":[]},"product_brand":[],"product_cat":[148],"product_tag":[249],"class_list":{"0":"post-978","1":"product","2":"type-product","3":"status-publish","4":"has-post-thumbnail","6":"product_cat-linha-pesada-conicos","7":"product_tag-rolamentos","9":"first","10":"instock","11":"taxable","12":"shipping-taxable","13":"purchasable","14":"product-type-simple"},"_links":{"self":[{"href":"https:\/\/ztlrolamentos.com.br\/loja\/wp-json\/wp\/v2\/product\/978","targetHints":{"allow":["GET"]}}],"collection":[{"href":"https:\/\/ztlrolamentos.com.br\/loja\/wp-json\/wp\/v2\/product"}],"about":[{"href":"https:\/\/ztlrolamentos.com.br\/loja\/wp-json\/wp\/v2\/types\/product"}],"replies":[{"embeddable":true,"href":"https:\/\/ztlrolamentos.com.br\/loja\/wp-json\/wp\/v2\/comments?post=978"}],"wp:featuredmedia":[{"embeddable":true,"href":"https:\/\/ztlrolamentos.com.br\/loja\/wp-json\/wp\/v2\/media\/1470"}],"wp:attachment":[{"href":"https:\/\/ztlrolamentos.com.br\/loja\/wp-json\/wp\/v2\/media?parent=978"}],"wp:term":[{"taxonomy":"product_brand","embeddable":true,"href":"https:\/\/ztlrolamentos.com.br\/loja\/wp-json\/wp\/v2\/product_brand?post=978"},{"taxonomy":"product_cat","embeddable":true,"href":"https:\/\/ztlrolamentos.com.br\/loja\/wp-json\/wp\/v2\/product_cat?post=978"},{"taxonomy":"product_tag","embeddable":true,"href":"https:\/\/ztlrolamentos.com.br\/loja\/wp-json\/wp\/v2\/product_tag?post=978"}],"curies":[{"name":"wp","href":"https:\/\/api.w.org\/{rel}","templated":true}]}}