{"id":974,"date":"2020-10-19T10:14:26","date_gmt":"2020-10-19T13:14:26","guid":{"rendered":"https:\/\/www.lpicomercial.com.br\/?post_type=product&#038;p=974"},"modified":"2021-04-15T15:30:03","modified_gmt":"2021-04-15T18:30:03","slug":"rolamento-autocompensador-de-rolos-22326","status":"publish","type":"product","link":"https:\/\/ztlrolamentos.com.br\/loja\/produto\/rolamento-autocompensador-de-rolos-22326\/","title":{"rendered":"Rolamento autocompensador de rolos 22326"},"content":{"rendered":"<p>Os rolamentos autocompensadores de rolos possuem duas carreiras de rolos sim\u00e9tricas com uma pista esf\u00e9rica comum no anel externo e duas pistas no anel interno inclinadas em um \u00e2ngulo em rela\u00e7\u00e3o ao eixo do rolamento. O ponto central da esfera na pista do anel externo fica no eixo do rolamento.<\/p>\n<p>C\u00f3digo da pe\u00e7a : 22326CAK<\/p>\n<p>Grupo: Rolamento Autocompensador de Rolos<\/p>\n<p>&nbsp;<\/p>\n","protected":false},"excerpt":{"rendered":"<p>Os rolamentos autocompensadores de rolos possuem duas carreiras de rolos sim\u00e9tricas com uma pista esf\u00e9rica comum no anel externo e duas pistas no anel interno inclinadas em um \u00e2ngulo em rela\u00e7\u00e3o ao eixo do rolamento. O ponto central da esfera na pista do anel externo fica no eixo do rolamento. C\u00f3digo da pe\u00e7a : 22326CAK Grupo: Rolamento Autocompensador de Rolos &nbsp;<\/p>\n","protected":false},"featured_media":975,"comment_status":"open","ping_status":"closed","template":"","meta":{"_joinchat":[]},"product_brand":[],"product_cat":[148],"product_tag":[249],"class_list":{"0":"post-974","1":"product","2":"type-product","3":"status-publish","4":"has-post-thumbnail","6":"product_cat-linha-pesada-conicos","7":"product_tag-rolamentos","9":"first","10":"instock","11":"taxable","12":"shipping-taxable","13":"purchasable","14":"product-type-simple"},"_links":{"self":[{"href":"https:\/\/ztlrolamentos.com.br\/loja\/wp-json\/wp\/v2\/product\/974","targetHints":{"allow":["GET"]}}],"collection":[{"href":"https:\/\/ztlrolamentos.com.br\/loja\/wp-json\/wp\/v2\/product"}],"about":[{"href":"https:\/\/ztlrolamentos.com.br\/loja\/wp-json\/wp\/v2\/types\/product"}],"replies":[{"embeddable":true,"href":"https:\/\/ztlrolamentos.com.br\/loja\/wp-json\/wp\/v2\/comments?post=974"}],"wp:featuredmedia":[{"embeddable":true,"href":"https:\/\/ztlrolamentos.com.br\/loja\/wp-json\/wp\/v2\/media\/975"}],"wp:attachment":[{"href":"https:\/\/ztlrolamentos.com.br\/loja\/wp-json\/wp\/v2\/media?parent=974"}],"wp:term":[{"taxonomy":"product_brand","embeddable":true,"href":"https:\/\/ztlrolamentos.com.br\/loja\/wp-json\/wp\/v2\/product_brand?post=974"},{"taxonomy":"product_cat","embeddable":true,"href":"https:\/\/ztlrolamentos.com.br\/loja\/wp-json\/wp\/v2\/product_cat?post=974"},{"taxonomy":"product_tag","embeddable":true,"href":"https:\/\/ztlrolamentos.com.br\/loja\/wp-json\/wp\/v2\/product_tag?post=974"}],"curies":[{"name":"wp","href":"https:\/\/api.w.org\/{rel}","templated":true}]}}