{"id":734,"date":"2020-07-29T17:19:36","date_gmt":"2020-07-29T20:19:36","guid":{"rendered":"https:\/\/www.lpicomercial.com.br\/?post_type=product&#038;p=734"},"modified":"2020-07-29T17:20:06","modified_gmt":"2020-07-29T20:20:06","slug":"cubo-de-roda-traseiro-com-rolamento-furo-rol-o-30mm-fiat-pick-up-94-strada-torq-fiorino","status":"publish","type":"product","link":"https:\/\/ztlrolamentos.com.br\/loja\/produto\/cubo-de-roda-traseiro-com-rolamento-furo-rol-o-30mm-fiat-pick-up-94-strada-torq-fiorino\/","title":{"rendered":"CUBO DE RODA TRASEIRO, COM ROLAMENTO, FURO ROL. \u00d8 30MM FIAT PICK-UP 94\/STRADA\/TORQ\/FIORINO"},"content":{"rendered":"<p>LPI.PRODUTOS DE QUALIDADE PARA SEU VE\u00cdCULO. LINHA LEVE,PESADA E VANS.<\/p>\n<p><span style=\"color: #00ccff\"><strong>APLICA\u00c7\u00c3O:<\/strong><\/span><\/p>\n<p>PICK-UP 94, STRADA 1.0 1999\u2026, STRADA 1.6 16V 2000\u2026, STRADA 1.3\/1.5\/1.8 8V, STRADA FIRE, STRADA LOCKER 1.4\/1.8, STRADA 1.6\/1.8 16V E-TORQ 2013\/2013, FIORINO 1980\u2026<\/p>\n<p><span style=\"color: #00ccff\"><strong>MARCA:<\/strong>\u00a0<\/span>VOBER<\/p>\n<p><span style=\"color: #00ccff\"><strong>PRODUTO NOVO<\/strong><\/span><\/p>\n<p><strong><span style=\"color: #00ccff\">GARANTIA:<\/span>\u00a0<\/strong>\u00a090 dias ap\u00f3s o recebimento do produto. Todas as garantias s\u00e3o dadas pelos fabricantes, e variam de produto para produto. Para devolu\u00e7\u00f5es, os produtos dever\u00e3o ser remetidos em suas embalagens originais e caso for constatado mal uso, o custo ser\u00e1 por parte do comprador.<\/p>\n","protected":false},"excerpt":{"rendered":"<p><span style=\"color: #3366ff\"><strong><span style=\"color: #00ccff\">C\u00d3DIGO VOBER:<\/span> 31040419<\/strong><\/span><\/p>\n<p><span style=\"color: #3366ff\"><strong><span style=\"color: #00ccff\">CATEGORIA:<\/span>\u00a0Cubo De Roda\u00a0<\/strong><\/span><\/p>\n<p><span style=\"color: #3366ff\"><strong><span style=\"color: #00ccff\">MARCA:<\/span>\u00a0VOBER<\/strong><\/span><\/p>\n","protected":false},"featured_media":735,"comment_status":"open","ping_status":"closed","template":"","meta":{"_joinchat":[]},"product_brand":[],"product_cat":[40],"product_tag":[42,57,342],"class_list":{"0":"post-734","1":"product","2":"type-product","3":"status-publish","4":"has-post-thumbnail","6":"product_cat-cubo-de-roda","7":"product_tag-cubo-de-roda","8":"product_tag-fiat","9":"product_tag-vober","11":"first","12":"instock","13":"taxable","14":"shipping-taxable","15":"purchasable","16":"product-type-simple"},"_links":{"self":[{"href":"https:\/\/ztlrolamentos.com.br\/loja\/wp-json\/wp\/v2\/product\/734","targetHints":{"allow":["GET"]}}],"collection":[{"href":"https:\/\/ztlrolamentos.com.br\/loja\/wp-json\/wp\/v2\/product"}],"about":[{"href":"https:\/\/ztlrolamentos.com.br\/loja\/wp-json\/wp\/v2\/types\/product"}],"replies":[{"embeddable":true,"href":"https:\/\/ztlrolamentos.com.br\/loja\/wp-json\/wp\/v2\/comments?post=734"}],"wp:featuredmedia":[{"embeddable":true,"href":"https:\/\/ztlrolamentos.com.br\/loja\/wp-json\/wp\/v2\/media\/735"}],"wp:attachment":[{"href":"https:\/\/ztlrolamentos.com.br\/loja\/wp-json\/wp\/v2\/media?parent=734"}],"wp:term":[{"taxonomy":"product_brand","embeddable":true,"href":"https:\/\/ztlrolamentos.com.br\/loja\/wp-json\/wp\/v2\/product_brand?post=734"},{"taxonomy":"product_cat","embeddable":true,"href":"https:\/\/ztlrolamentos.com.br\/loja\/wp-json\/wp\/v2\/product_cat?post=734"},{"taxonomy":"product_tag","embeddable":true,"href":"https:\/\/ztlrolamentos.com.br\/loja\/wp-json\/wp\/v2\/product_tag?post=734"}],"curies":[{"name":"wp","href":"https:\/\/api.w.org\/{rel}","templated":true}]}}