{"id":730,"date":"2020-07-29T16:48:37","date_gmt":"2020-07-29T19:48:37","guid":{"rendered":"https:\/\/www.lpicomercial.com.br\/?post_type=product&#038;p=730"},"modified":"2020-07-29T16:48:52","modified_gmt":"2020-07-29T19:48:52","slug":"cubo-de-roda-dianteiro-com-parafusos-furo-rol-o-39mm-ford-escort-93-verona-logus","status":"publish","type":"product","link":"https:\/\/ztlrolamentos.com.br\/loja\/produto\/cubo-de-roda-dianteiro-com-parafusos-furo-rol-o-39mm-ford-escort-93-verona-logus\/","title":{"rendered":"CUBO DE RODA DIANTEIRO COM PARAFUSOS, FURO ROL. \u00d8 39MM FORD ESCORT 93&gt;\/\/VERONA\/LOGUS"},"content":{"rendered":"<p>LPI.PRODUTOS DE QUALIDADE PARA SEU VE\u00cdCULO. LINHA LEVE,PESADA E VANS.<\/p>\n<p><span style=\"color: #00ccff\"><strong>APLICA\u00c7\u00c3O:<\/strong><\/span><\/p>\n<p>ESCORT A PARTIR DE 93, VERONA, LOGUS, KA AT\u00c9 2013, FIESTA AT\u00c9 2010, FOCUS, ECOSPORT AT\u00c9 2012, COURIER.<br \/>\n(25 ESTRIAS)<\/p>\n<p><span style=\"color: #00ccff\"><strong>MARCA:<\/strong><\/span>\u00a0VOBER<\/p>\n<p><span style=\"color: #00ccff\"><strong>PRODUTO NOVO<\/strong><\/span><\/p>\n<p><strong><span style=\"color: #00ccff\">GARANTIA:<\/span>\u00a0<\/strong>\u00a090 dias ap\u00f3s o recebimento do produto. Todas as garantias s\u00e3o dadas pelos fabricantes, e variam de produto para produto. Para devolu\u00e7\u00f5es, os produtos dever\u00e3o ser remetidos em suas embalagens originais e caso for constatado mal uso, o custo ser\u00e1 por parte do comprador.<\/p>\n","protected":false},"excerpt":{"rendered":"<p><span style=\"color: #3366ff\"><strong><span style=\"color: #00ccff\">C\u00d3DIGO VOBER:<\/span> 29030403<\/strong><\/span><\/p>\n<p><span style=\"color: #3366ff\"><strong><span style=\"color: #00ccff\">CATEGORIA:<\/span>\u00a0Cubo De Roda\u00a0<\/strong><\/span><\/p>\n<p><span style=\"color: #3366ff\"><strong><span style=\"color: #00ccff\">MARCA:<\/span>\u00a0VOBER<\/strong><\/span><\/p>\n","protected":false},"featured_media":731,"comment_status":"open","ping_status":"closed","template":"","meta":{"_joinchat":[]},"product_brand":[],"product_cat":[40],"product_tag":[42,49,342],"class_list":{"0":"post-730","1":"product","2":"type-product","3":"status-publish","4":"has-post-thumbnail","6":"product_cat-cubo-de-roda","7":"product_tag-cubo-de-roda","8":"product_tag-ford","9":"product_tag-vober","11":"first","12":"instock","13":"taxable","14":"shipping-taxable","15":"purchasable","16":"product-type-simple"},"_links":{"self":[{"href":"https:\/\/ztlrolamentos.com.br\/loja\/wp-json\/wp\/v2\/product\/730","targetHints":{"allow":["GET"]}}],"collection":[{"href":"https:\/\/ztlrolamentos.com.br\/loja\/wp-json\/wp\/v2\/product"}],"about":[{"href":"https:\/\/ztlrolamentos.com.br\/loja\/wp-json\/wp\/v2\/types\/product"}],"replies":[{"embeddable":true,"href":"https:\/\/ztlrolamentos.com.br\/loja\/wp-json\/wp\/v2\/comments?post=730"}],"wp:featuredmedia":[{"embeddable":true,"href":"https:\/\/ztlrolamentos.com.br\/loja\/wp-json\/wp\/v2\/media\/731"}],"wp:attachment":[{"href":"https:\/\/ztlrolamentos.com.br\/loja\/wp-json\/wp\/v2\/media?parent=730"}],"wp:term":[{"taxonomy":"product_brand","embeddable":true,"href":"https:\/\/ztlrolamentos.com.br\/loja\/wp-json\/wp\/v2\/product_brand?post=730"},{"taxonomy":"product_cat","embeddable":true,"href":"https:\/\/ztlrolamentos.com.br\/loja\/wp-json\/wp\/v2\/product_cat?post=730"},{"taxonomy":"product_tag","embeddable":true,"href":"https:\/\/ztlrolamentos.com.br\/loja\/wp-json\/wp\/v2\/product_tag?post=730"}],"curies":[{"name":"wp","href":"https:\/\/api.w.org\/{rel}","templated":true}]}}