{"id":696,"date":"2020-07-28T11:06:53","date_gmt":"2020-07-28T14:06:53","guid":{"rendered":"https:\/\/www.lpicomercial.com.br\/?post_type=product&#038;p=696"},"modified":"2020-07-28T11:07:58","modified_gmt":"2020-07-28T14:07:58","slug":"rolamento-6305zz-motor-bomba-dagua-scania-embreagem-apoio-bomba-dagua-d-75-76-b-l-ls","status":"publish","type":"product","link":"https:\/\/ztlrolamentos.com.br\/loja\/produto\/rolamento-6305zz-motor-bomba-dagua-scania-embreagem-apoio-bomba-dagua-d-75-76-b-l-ls\/","title":{"rendered":"Rolamento 6305ZZ motor &#8211; bomba d\\\\\\&#8217;\u00e1gua | Scania: Embreagem &#8211; Apoio\/Bomba d\u2019\u00e1gua D: 75, 76 B\/L\/LS"},"content":{"rendered":"<p>LPI.PRODUTOS DE QUALIDADE PARA SEU VE\u00cdCULO. LINHA LEVE,PESADA E VANS.<\/p>\n<p><span style=\"color: #00ccff\"><strong>APLICA\u00c7\u00c3O:<\/strong><\/span><\/p>\n<p><strong><span style=\"color: #00ccff\">Rolamento motor &#8211; bomba d\\\\\\&#8217;\u00e1gua | Scania: Embreagem &#8211; Apoio\/Bomba d\u2019\u00e1gua D: 75, 76 B\/L\/LS, 101, 110 B\/L\/LS, 111 B\/L\/LS\/LT, 111 art.B, 115,116 BR. Embreagem &#8211; Apoio\/Bomba d\u2019\u00e1gua T\/Ventilador\/Virabrequim &#8211; Ponta: 112 F\/K\/S\/R\/ T. Bomba d\u2019\u00e1gua &#8211; D\/Virabrequim &#8211; ponta: P93, F113, L113, K113, R113, T113, R143. Embreagem &#8211; Apoio: 140 LK\/LKS, 142E 6&#215;4 T, 142 MA 4&#215;2 R. Agco Maxion: Bomba d\u2019\u00e1gua. FNH: Picador de Palha\/Saca-Palhas<\/span><\/strong><\/p>\n<p><strong><span style=\"color: #00ccff\">Interno: 25,0 mm \u00a0 Externo: 62,0 mm \u00a0 Altura: 17,0 mm<\/span><\/strong><\/p>\n<p><span style=\"color: #00ccff\"><strong>MARCA:<\/strong><\/span> ZTL \u2013 6305ZZ<\/p>\n<p><span style=\"color: #00ccff\"><strong>PRODUTO NOVO<\/strong><\/span><\/p>\n<p><span style=\"color: #00ccff\"><strong>GARANTIA:\u00a0<\/strong>\u00a0<\/span>90 dias ap\u00f3s o recebimento do produto. Todas as garantias s\u00e3o dadas pelos fabricantes, e variam de produto para produto. Para devolu\u00e7\u00f5es, os produtos dever\u00e3o ser remetidos em suas embalagens originais e caso for constatado mal uso, o custo ser\u00e1 por parte do comprador.<\/p>\n","protected":false},"excerpt":{"rendered":"<p><span style=\"color: #3366ff\"><strong><span style=\"color: #00ccff\">C\u00d3DIGO:<\/span> 6305ZZ<\/strong><\/span><\/p>\n<p><span style=\"color: #3366ff\"><strong><span style=\"color: #00ccff\">CATEGORIA:<\/span>\u00a0ROLAMENTO\u00a0<\/strong><\/span><\/p>\n<p><span style=\"color: #3366ff\"><strong><span style=\"color: #00ccff\">MARCA:\u00a0<\/span>ZTL<\/strong><\/span><\/p>\n","protected":false},"featured_media":697,"comment_status":"open","ping_status":"closed","template":"","meta":{"_joinchat":[]},"product_brand":[],"product_cat":[37],"product_tag":[327,150],"class_list":{"0":"post-696","1":"product","2":"type-product","3":"status-publish","4":"has-post-thumbnail","6":"product_cat-rolamento","7":"product_tag-6305zz","8":"product_tag-rolamento","10":"first","11":"instock","12":"taxable","13":"shipping-taxable","14":"purchasable","15":"product-type-simple"},"_links":{"self":[{"href":"https:\/\/ztlrolamentos.com.br\/loja\/wp-json\/wp\/v2\/product\/696","targetHints":{"allow":["GET"]}}],"collection":[{"href":"https:\/\/ztlrolamentos.com.br\/loja\/wp-json\/wp\/v2\/product"}],"about":[{"href":"https:\/\/ztlrolamentos.com.br\/loja\/wp-json\/wp\/v2\/types\/product"}],"replies":[{"embeddable":true,"href":"https:\/\/ztlrolamentos.com.br\/loja\/wp-json\/wp\/v2\/comments?post=696"}],"wp:featuredmedia":[{"embeddable":true,"href":"https:\/\/ztlrolamentos.com.br\/loja\/wp-json\/wp\/v2\/media\/697"}],"wp:attachment":[{"href":"https:\/\/ztlrolamentos.com.br\/loja\/wp-json\/wp\/v2\/media?parent=696"}],"wp:term":[{"taxonomy":"product_brand","embeddable":true,"href":"https:\/\/ztlrolamentos.com.br\/loja\/wp-json\/wp\/v2\/product_brand?post=696"},{"taxonomy":"product_cat","embeddable":true,"href":"https:\/\/ztlrolamentos.com.br\/loja\/wp-json\/wp\/v2\/product_cat?post=696"},{"taxonomy":"product_tag","embeddable":true,"href":"https:\/\/ztlrolamentos.com.br\/loja\/wp-json\/wp\/v2\/product_tag?post=696"}],"curies":[{"name":"wp","href":"https:\/\/api.w.org\/{rel}","templated":true}]}}