{"id":643,"date":"2023-02-28T09:12:57","date_gmt":"2023-02-28T12:12:57","guid":{"rendered":"https:\/\/www.lpicomercial.com.br\/?post_type=product&#038;p=643"},"modified":"2023-02-28T09:12:50","modified_gmt":"2023-02-28T12:12:50","slug":"rolamento-501349-10-roda-d-int-mbb-sprinter-diferencial-lateral-coroa-dir-esq-rover-defender-90-110-130-discovery-e-range-rover","status":"publish","type":"product","link":"https:\/\/ztlrolamentos.com.br\/loja\/produto\/rolamento-501349-10-roda-d-int-mbb-sprinter-diferencial-lateral-coroa-dir-esq-rover-defender-90-110-130-discovery-e-range-rover\/","title":{"rendered":"Rolamento 501349\/10 roda D INT | MBB: Sprinter. Diferencial: Lateral coroa DIR\/ESQ. Rover: Defender 90, 110, 130, Discovery e Range Rover."},"content":{"rendered":"<p>LPI.PRODUTOS DE QUALIDADE PARA SEU VE\u00cdCULO. LINHA LEVE,PESADA E VANS.<\/p>\n<p><span style=\"color: #00ccff\"><strong>APLICA\u00c7\u00c3O:<\/strong><\/span><\/p>\n<p><strong><span style=\"color: #00ccff\">Rolamento roda D INT | MBB: Sprinter. Diferencial: Lateral coroa DIR\/ESQ. Rover: Defender 90, 110, 130, Discovery e Range Rover.<\/span><\/strong><\/p>\n<p><strong><span style=\"color: #00ccff\">Interno: 41,275 mm \u00a0 Externo: 73,431 mm \u00a0 Altura: 19,558 mm<\/span><\/strong><\/p>\n<p><span style=\"color: #00ccff\"><strong>MARCA:<\/strong><\/span> ZTL \u2013 501349\/10<\/p>\n<p><span style=\"color: #00ccff\"><strong>PRODUTO NOVO<\/strong><\/span><\/p>\n<p><span style=\"color: #00ccff\"><strong>GARANTIA:\u00a0<\/strong><\/span>\u00a090 dias ap\u00f3s o recebimento do produto. Todas as garantias s\u00e3o dadas pelos fabricantes, e variam de produto para produto. Para devolu\u00e7\u00f5es, os produtos dever\u00e3o ser remetidos em suas embalagens originais e caso for constatado mal uso, o custo ser\u00e1 por parte do comprador.<\/p>\n","protected":false},"excerpt":{"rendered":"<p><span style=\"color: #3366ff\"><strong><span style=\"color: #00ccff\">C\u00d3DIGO:<\/span> 501349\/10<\/strong><\/span><\/p>\n<p><span style=\"color: #3366ff\"><strong><span style=\"color: #00ccff\">CATEGORIA:<\/span>\u00a0Rolamentos<\/strong><\/span><\/p>\n<p><span style=\"color: #3366ff\"><strong><span style=\"color: #00ccff\">MARCA:\u00a0<\/span>ZTL<\/strong><\/span><\/p>\n","protected":false},"featured_media":644,"comment_status":"open","ping_status":"closed","template":"","meta":{"_joinchat":[]},"product_brand":[],"product_cat":[37,160],"product_tag":[294,295,208,296,150,247],"class_list":{"0":"post-643","1":"product","2":"type-product","3":"status-publish","4":"has-post-thumbnail","6":"product_cat-rolamento","7":"product_cat-utilitarios-conicos","8":"product_tag-501349-10","9":"product_tag-discovery","10":"product_tag-mb","11":"product_tag-range-rover","12":"product_tag-rolamento","13":"product_tag-sprinter","15":"first","16":"instock","17":"taxable","18":"shipping-taxable","19":"purchasable","20":"product-type-simple"},"_links":{"self":[{"href":"https:\/\/ztlrolamentos.com.br\/loja\/wp-json\/wp\/v2\/product\/643","targetHints":{"allow":["GET"]}}],"collection":[{"href":"https:\/\/ztlrolamentos.com.br\/loja\/wp-json\/wp\/v2\/product"}],"about":[{"href":"https:\/\/ztlrolamentos.com.br\/loja\/wp-json\/wp\/v2\/types\/product"}],"replies":[{"embeddable":true,"href":"https:\/\/ztlrolamentos.com.br\/loja\/wp-json\/wp\/v2\/comments?post=643"}],"wp:featuredmedia":[{"embeddable":true,"href":"https:\/\/ztlrolamentos.com.br\/loja\/wp-json\/wp\/v2\/media\/644"}],"wp:attachment":[{"href":"https:\/\/ztlrolamentos.com.br\/loja\/wp-json\/wp\/v2\/media?parent=643"}],"wp:term":[{"taxonomy":"product_brand","embeddable":true,"href":"https:\/\/ztlrolamentos.com.br\/loja\/wp-json\/wp\/v2\/product_brand?post=643"},{"taxonomy":"product_cat","embeddable":true,"href":"https:\/\/ztlrolamentos.com.br\/loja\/wp-json\/wp\/v2\/product_cat?post=643"},{"taxonomy":"product_tag","embeddable":true,"href":"https:\/\/ztlrolamentos.com.br\/loja\/wp-json\/wp\/v2\/product_tag?post=643"}],"curies":[{"name":"wp","href":"https:\/\/api.w.org\/{rel}","templated":true}]}}