{"id":641,"date":"2023-02-28T09:11:30","date_gmt":"2023-02-28T12:11:30","guid":{"rendered":"https:\/\/www.lpicomercial.com.br\/?post_type=product&#038;p=641"},"modified":"2023-02-28T09:11:57","modified_gmt":"2023-02-28T12:11:57","slug":"rolamento-498448r-roda-d-fiat-ducato-renault-master","status":"publish","type":"product","link":"https:\/\/ztlrolamentos.com.br\/loja\/produto\/rolamento-498448r-roda-d-fiat-ducato-renault-master\/","title":{"rendered":"Rolamento 498448R roda D \/\/ Fiat Ducato \/\/ Renault Master"},"content":{"rendered":"<p>LPI.PRODUTOS DE QUALIDADE PARA SEU VE\u00cdCULO. LINHA LEVE,PESADA E VANS.<\/p>\n<p><span style=\"color: #00ccff\"><strong>APLICA\u00c7\u00c3O:<\/strong><\/span><\/p>\n<p><span style=\"color: #00ccff\"><strong>Rolamento roda D | Obs:JPX: Montez. Cubo: CR57.<\/strong><\/span><\/p>\n<p style=\"text-align: right\"><span style=\"color: #00ccff\"><strong>ANO\u00a0 \u00a0 \u00a0 \u00a0 \u00a0 \u00a0 \u00a0 \u00a0 \u00a0 \u00a0 \u00a0 \u00a0 \u00a0 \u00a0 \u00a0 \u00a0 \u00a0 \u00a0 \u00a0 \u00a0 \u00a0 \u00a0 \u00a0 \u2013\u00a0 \u00a0 \u00a0 \u00a0 COMBUST\u00cdVEL<\/strong><\/span><\/p>\n<table id=\"catalogoDesk\">\n<tbody>\n<tr>\n<td class=\"tbconteineraplicacao\" colspan=\"4\">\n<table class=\"table-aplicacao\">\n<tbody>\n<tr>\n<td class=\"tbaplicacao\" align=\"left\">Fiat<\/td>\n<td class=\"tbaplicacao\" align=\"left\">Ducato<\/td>\n<td class=\"tbaplicacao\" align=\"left\">2003 &gt;<\/td>\n<td class=\"tbaplicacao\" align=\"center\">Todos<\/td>\n<\/tr>\n<tr>\n<td class=\"tbaplicacao\" align=\"left\">Renault<\/td>\n<td class=\"tbaplicacao\" align=\"left\">Master<\/td>\n<td class=\"tbaplicacao\" align=\"left\">2003 &gt;<\/td>\n<td class=\"tbaplicacao\" align=\"center\">Todos<\/td>\n<\/tr>\n<\/tbody>\n<\/table>\n<\/td>\n<\/tr>\n<tr>\n<td class=\"tbmedidas\" colspan=\"4\"><span style=\"color: #00ccff\"><strong>Interno: 49,000 mm \u00a0 Externo: 84,000 mm \u00a0 Altura: 48,000 mm<\/strong><\/span><\/td>\n<\/tr>\n<\/tbody>\n<\/table>\n<p><span style=\"color: #00ccff\"><strong>MARCA:<\/strong> <\/span>ZTL \u2013 498448R<\/p>\n<p><span style=\"color: #00ccff\"><strong>PRODUTO NOVO<\/strong><\/span><\/p>\n<p><strong><span style=\"color: #00ccff\">GARANTIA:<\/span>\u00a0<\/strong>\u00a090 dias ap\u00f3s o recebimento do produto. Todas as garantias s\u00e3o dadas pelos fabricantes, e variam de produto para produto. Para devolu\u00e7\u00f5es, os produtos dever\u00e3o ser remetidos em suas embalagens originais e caso for constatado mal uso, o custo ser\u00e1 por parte do comprador.<\/p>\n","protected":false},"excerpt":{"rendered":"<p><span style=\"color: #3366ff\"><strong><span style=\"color: #00ccff\">C\u00d3DIGO:<\/span> 498448R<\/strong><\/span><\/p>\n<p><span style=\"color: #3366ff\"><strong><span style=\"color: #00ccff\">CATEGORIA:<\/span>\u00a0Rolamentos<\/strong><\/span><\/p>\n<p><span style=\"color: #3366ff\"><strong><span style=\"color: #00ccff\">MARCA:<\/span>\u00a0ZTL<\/strong><\/span><\/p>\n","protected":false},"featured_media":642,"comment_status":"open","ping_status":"closed","template":"","meta":{"_joinchat":[]},"product_brand":[],"product_cat":[37],"product_tag":[290,292,57,293,43,291,150],"class_list":{"0":"post-641","1":"product","2":"type-product","3":"status-publish","4":"has-post-thumbnail","6":"product_cat-rolamento","7":"product_tag-498448r","8":"product_tag-ducato","9":"product_tag-fiat","10":"product_tag-master","11":"product_tag-renault","12":"product_tag-roda","13":"product_tag-rolamento","15":"first","16":"instock","17":"taxable","18":"shipping-taxable","19":"purchasable","20":"product-type-simple"},"_links":{"self":[{"href":"https:\/\/ztlrolamentos.com.br\/loja\/wp-json\/wp\/v2\/product\/641","targetHints":{"allow":["GET"]}}],"collection":[{"href":"https:\/\/ztlrolamentos.com.br\/loja\/wp-json\/wp\/v2\/product"}],"about":[{"href":"https:\/\/ztlrolamentos.com.br\/loja\/wp-json\/wp\/v2\/types\/product"}],"replies":[{"embeddable":true,"href":"https:\/\/ztlrolamentos.com.br\/loja\/wp-json\/wp\/v2\/comments?post=641"}],"wp:featuredmedia":[{"embeddable":true,"href":"https:\/\/ztlrolamentos.com.br\/loja\/wp-json\/wp\/v2\/media\/642"}],"wp:attachment":[{"href":"https:\/\/ztlrolamentos.com.br\/loja\/wp-json\/wp\/v2\/media?parent=641"}],"wp:term":[{"taxonomy":"product_brand","embeddable":true,"href":"https:\/\/ztlrolamentos.com.br\/loja\/wp-json\/wp\/v2\/product_brand?post=641"},{"taxonomy":"product_cat","embeddable":true,"href":"https:\/\/ztlrolamentos.com.br\/loja\/wp-json\/wp\/v2\/product_cat?post=641"},{"taxonomy":"product_tag","embeddable":true,"href":"https:\/\/ztlrolamentos.com.br\/loja\/wp-json\/wp\/v2\/product_tag?post=641"}],"curies":[{"name":"wp","href":"https:\/\/api.w.org\/{rel}","templated":true}]}}