{"id":610,"date":"2023-02-28T08:54:36","date_gmt":"2023-02-28T11:54:36","guid":{"rendered":"https:\/\/www.lpicomercial.com.br\/?post_type=product&#038;p=610"},"modified":"2023-02-28T08:54:43","modified_gmt":"2023-02-28T11:54:43","slug":"rolamento-3982-3920-roda-t-int-agrale-chassi-ma-12-0-le-e-tronic-dodge-900-ford-f4000-gm-c10-vw-8-140-e","status":"publish","type":"product","link":"https:\/\/ztlrolamentos.com.br\/loja\/produto\/rolamento-3982-3920-roda-t-int-agrale-chassi-ma-12-0-le-e-tronic-dodge-900-ford-f4000-gm-c10-vw-8-140-e\/","title":{"rendered":"Rolamento 3982\/3920 roda T INT Agrale CHASSI MA 12.0 LE E-TRONIC \/\/ Dodge 900 \/\/ Ford F4000 \/\/ GM C10 \/\/ VW  8.140 E"},"content":{"rendered":"<p>LPI.PRODUTOS DE QUALIDADE PARA SEU VE\u00cdCULO. LINHA LEVE,PESADA E VANS.<\/p>\n<p><span style=\"color: #00ccff\"><strong>APLICA\u00c7\u00c3O:<\/strong><\/span><\/p>\n<p style=\"text-align: right\"><span style=\"color: #00ccff\"><strong>ANO\u00a0 \u00a0 \u00a0 \u00a0 \u00a0 \u00a0 \u00a0 \u2013\u00a0 \u00a0 \u00a0 \u00a0 \u00a0 \u00a0 COMBUST\u00cdVEL<\/strong><\/span><\/p>\n<table id=\"catalogoDesk\" style=\"height: 1481px\" width=\"865\">\n<tbody>\n<tr>\n<td class=\"tbconteineraplicacao\" colspan=\"4\">\n<table class=\"table-aplicacao\">\n<tbody>\n<tr>\n<td class=\"tbaplicacao\" align=\"left\">Agrale<\/td>\n<td class=\"tbaplicacao\" align=\"left\">6000E-MEC<\/td>\n<td class=\"tbaplicacao\" align=\"left\">Todos<\/td>\n<td class=\"tbaplicacao\" align=\"center\">Todos<\/td>\n<\/tr>\n<tr>\n<td class=\"tbaplicacao\" align=\"left\">Agrale<\/td>\n<td class=\"tbaplicacao\" align=\"left\">6000E-TRONIC FURGOVAN<\/td>\n<td class=\"tbaplicacao\" align=\"left\">Todos<\/td>\n<td class=\"tbaplicacao\" align=\"center\">Todos<\/td>\n<\/tr>\n<tr>\n<td class=\"tbaplicacao\" align=\"left\">Agrale<\/td>\n<td class=\"tbaplicacao\" align=\"left\">8000E-MEC FURGOVAN<\/td>\n<td class=\"tbaplicacao\" align=\"left\">Todos<\/td>\n<td class=\"tbaplicacao\" align=\"center\">Todos<\/td>\n<\/tr>\n<tr>\n<td class=\"tbaplicacao\" align=\"left\">Agrale<\/td>\n<td class=\"tbaplicacao\" align=\"left\">8500CD-EMEC<\/td>\n<td class=\"tbaplicacao\" align=\"left\">Todos<\/td>\n<td class=\"tbaplicacao\" align=\"center\">Todos<\/td>\n<\/tr>\n<tr>\n<td class=\"tbaplicacao\" align=\"left\">Agrale<\/td>\n<td class=\"tbaplicacao\" align=\"left\">8500E-MEC<\/td>\n<td class=\"tbaplicacao\" align=\"left\">Todos<\/td>\n<td class=\"tbaplicacao\" align=\"center\">Todos<\/td>\n<\/tr>\n<tr>\n<td class=\"tbaplicacao\" align=\"left\">Agrale<\/td>\n<td class=\"tbaplicacao\" align=\"left\">8500E-TRONIC<\/td>\n<td class=\"tbaplicacao\" align=\"left\">Todos<\/td>\n<td class=\"tbaplicacao\" align=\"center\">Todos<\/td>\n<\/tr>\n<tr>\n<td class=\"tbaplicacao\" align=\"left\">Agrale<\/td>\n<td class=\"tbaplicacao\" align=\"left\">CHASSI MA 12.0 LE E-TRONIC<\/td>\n<td class=\"tbaplicacao\" align=\"left\">Todos<\/td>\n<td class=\"tbaplicacao\" align=\"center\">Todos<\/td>\n<\/tr>\n<tr>\n<td class=\"tbaplicacao\" align=\"left\">Agrale<\/td>\n<td class=\"tbaplicacao\" align=\"left\">CHASSI MA 12.0E-TRONIC<\/td>\n<td class=\"tbaplicacao\" align=\"left\">Todos<\/td>\n<td class=\"tbaplicacao\" align=\"center\">Todos<\/td>\n<\/tr>\n<tr>\n<td class=\"tbaplicacao\" align=\"left\">Agrale<\/td>\n<td class=\"tbaplicacao\" align=\"left\">CHASSI MA 12.0SB E-TRONIC<\/td>\n<td class=\"tbaplicacao\" align=\"left\">Todos<\/td>\n<td class=\"tbaplicacao\" align=\"center\">Todos<\/td>\n<\/tr>\n<tr>\n<td class=\"tbaplicacao\" align=\"left\">Dodge<\/td>\n<td class=\"tbaplicacao\" align=\"left\">400<\/td>\n<td class=\"tbaplicacao\" align=\"left\">Todos<\/td>\n<td class=\"tbaplicacao\" align=\"center\">Todos<\/td>\n<\/tr>\n<tr>\n<td class=\"tbaplicacao\" align=\"left\">Dodge<\/td>\n<td class=\"tbaplicacao\" align=\"left\">500<\/td>\n<td class=\"tbaplicacao\" align=\"left\">Todos<\/td>\n<td class=\"tbaplicacao\" align=\"center\">Todos<\/td>\n<\/tr>\n<tr>\n<td class=\"tbaplicacao\" align=\"left\">Dodge<\/td>\n<td class=\"tbaplicacao\" align=\"left\">700<\/td>\n<td class=\"tbaplicacao\" align=\"left\">Todos<\/td>\n<td class=\"tbaplicacao\" align=\"center\">Todos<\/td>\n<\/tr>\n<tr>\n<td class=\"tbaplicacao\" align=\"left\">Dodge<\/td>\n<td class=\"tbaplicacao\" align=\"left\">750<\/td>\n<td class=\"tbaplicacao\" align=\"left\">Todos<\/td>\n<td class=\"tbaplicacao\" align=\"center\">Todos<\/td>\n<\/tr>\n<tr>\n<td class=\"tbaplicacao\" align=\"left\">Dodge<\/td>\n<td class=\"tbaplicacao\" align=\"left\">900<\/td>\n<td class=\"tbaplicacao\" align=\"left\">Todos<\/td>\n<td class=\"tbaplicacao\" align=\"center\">Todos<\/td>\n<\/tr>\n<tr>\n<td class=\"tbaplicacao\" align=\"left\">Dodge<\/td>\n<td class=\"tbaplicacao\" align=\"left\">950<\/td>\n<td class=\"tbaplicacao\" align=\"left\">Todos<\/td>\n<td class=\"tbaplicacao\" align=\"center\">Todos<\/td>\n<\/tr>\n<tr>\n<td class=\"tbaplicacao\" align=\"left\">Ford<\/td>\n<td class=\"tbaplicacao\" align=\"left\">F100<\/td>\n<td class=\"tbaplicacao\" align=\"left\">1956 &gt; 1970<\/td>\n<td class=\"tbaplicacao\" align=\"center\">Todos<\/td>\n<\/tr>\n<tr>\n<td class=\"tbaplicacao\" align=\"left\">Ford<\/td>\n<td class=\"tbaplicacao\" align=\"left\">F2000<\/td>\n<td class=\"tbaplicacao\" align=\"left\">1956 &gt; 1970<\/td>\n<td class=\"tbaplicacao\" align=\"center\">Todos<\/td>\n<\/tr>\n<tr>\n<td class=\"tbaplicacao\" align=\"left\">Ford<\/td>\n<td class=\"tbaplicacao\" align=\"left\">F400<\/td>\n<td class=\"tbaplicacao\" align=\"left\">1982 &gt;<\/td>\n<td class=\"tbaplicacao\" align=\"center\">Todos<\/td>\n<\/tr>\n<tr>\n<td class=\"tbaplicacao\" align=\"left\">Ford<\/td>\n<td class=\"tbaplicacao\" align=\"left\">F4000<\/td>\n<td class=\"tbaplicacao\" align=\"left\">1956 &gt; 1970<\/td>\n<td class=\"tbaplicacao\" align=\"center\">Todos<\/td>\n<\/tr>\n<tr>\n<td class=\"tbaplicacao\" align=\"left\">Ford<\/td>\n<td class=\"tbaplicacao\" align=\"left\">F600<\/td>\n<td class=\"tbaplicacao\" align=\"left\">1956 &gt; 1970<\/td>\n<td class=\"tbaplicacao\" align=\"center\">Todos<\/td>\n<\/tr>\n<tr>\n<td class=\"tbaplicacao\" align=\"left\">Ford<\/td>\n<td class=\"tbaplicacao\" align=\"left\">F700<\/td>\n<td class=\"tbaplicacao\" align=\"left\">1956 &gt; 1970<\/td>\n<td class=\"tbaplicacao\" align=\"center\">Todos<\/td>\n<\/tr>\n<tr>\n<td class=\"tbaplicacao\" align=\"left\">Ford<\/td>\n<td class=\"tbaplicacao\" align=\"left\">F750<\/td>\n<td class=\"tbaplicacao\" align=\"left\">1956 &gt; 1970<\/td>\n<td class=\"tbaplicacao\" align=\"center\">Todos<\/td>\n<\/tr>\n<tr>\n<td class=\"tbaplicacao\" align=\"left\">GM<\/td>\n<td class=\"tbaplicacao\" align=\"left\">A10<\/td>\n<td class=\"tbaplicacao\" align=\"left\">Todos<\/td>\n<td class=\"tbaplicacao\" align=\"center\">Todos<\/td>\n<\/tr>\n<tr>\n<td class=\"tbaplicacao\" align=\"left\">GM<\/td>\n<td class=\"tbaplicacao\" align=\"left\">A14<\/td>\n<td class=\"tbaplicacao\" align=\"left\">Todos<\/td>\n<td class=\"tbaplicacao\" align=\"center\">Todos<\/td>\n<\/tr>\n<tr>\n<td class=\"tbaplicacao\" align=\"left\">GM<\/td>\n<td class=\"tbaplicacao\" align=\"left\">A15<\/td>\n<td class=\"tbaplicacao\" align=\"left\">Todos<\/td>\n<td class=\"tbaplicacao\" align=\"center\">Todos<\/td>\n<\/tr>\n<tr>\n<td class=\"tbaplicacao\" align=\"left\">GM<\/td>\n<td class=\"tbaplicacao\" align=\"left\">A20<\/td>\n<td class=\"tbaplicacao\" align=\"left\">Todos<\/td>\n<td class=\"tbaplicacao\" align=\"center\">Todos<\/td>\n<\/tr>\n<tr>\n<td class=\"tbaplicacao\" align=\"left\">GM<\/td>\n<td class=\"tbaplicacao\" align=\"left\">A40<\/td>\n<td class=\"tbaplicacao\" align=\"left\">Todos<\/td>\n<td class=\"tbaplicacao\" align=\"center\">Todos<\/td>\n<\/tr>\n<tr>\n<td class=\"tbaplicacao\" align=\"left\">GM<\/td>\n<td class=\"tbaplicacao\" align=\"left\">Bonanza<\/td>\n<td class=\"tbaplicacao\" align=\"left\">Todos<\/td>\n<td class=\"tbaplicacao\" align=\"center\">Todos<\/td>\n<\/tr>\n<tr>\n<td class=\"tbaplicacao\" align=\"left\">GM<\/td>\n<td class=\"tbaplicacao\" align=\"left\">C10<\/td>\n<td class=\"tbaplicacao\" align=\"left\">Todos<\/td>\n<td class=\"tbaplicacao\" align=\"center\">Todos<\/td>\n<\/tr>\n<tr>\n<td class=\"tbaplicacao\" align=\"left\">GM<\/td>\n<td class=\"tbaplicacao\" align=\"left\">C14<\/td>\n<td class=\"tbaplicacao\" align=\"left\">Todos<\/td>\n<td class=\"tbaplicacao\" align=\"center\">Todos<\/td>\n<\/tr>\n<tr>\n<td class=\"tbaplicacao\" align=\"left\">GM<\/td>\n<td class=\"tbaplicacao\" align=\"left\">C15<\/td>\n<td class=\"tbaplicacao\" align=\"left\">Todos<\/td>\n<td class=\"tbaplicacao\" align=\"center\">Todos<\/td>\n<\/tr>\n<tr>\n<td class=\"tbaplicacao\" align=\"left\">GM<\/td>\n<td class=\"tbaplicacao\" align=\"left\">C20<\/td>\n<td class=\"tbaplicacao\" align=\"left\">Todos<\/td>\n<td class=\"tbaplicacao\" align=\"center\">Todos<\/td>\n<\/tr>\n<tr>\n<td class=\"tbaplicacao\" align=\"left\">GM<\/td>\n<td class=\"tbaplicacao\" align=\"left\">C40<\/td>\n<td class=\"tbaplicacao\" align=\"left\">Todos<\/td>\n<td class=\"tbaplicacao\" align=\"center\">Todos<\/td>\n<\/tr>\n<tr>\n<td class=\"tbaplicacao\" align=\"left\">GM<\/td>\n<td class=\"tbaplicacao\" align=\"left\">D10<\/td>\n<td class=\"tbaplicacao\" align=\"left\">Todos<\/td>\n<td class=\"tbaplicacao\" align=\"center\">Todos<\/td>\n<\/tr>\n<tr>\n<td class=\"tbaplicacao\" align=\"left\">GM<\/td>\n<td class=\"tbaplicacao\" align=\"left\">D1000<\/td>\n<td class=\"tbaplicacao\" align=\"left\">Todos<\/td>\n<td class=\"tbaplicacao\" align=\"center\">Todos<\/td>\n<\/tr>\n<tr>\n<td class=\"tbaplicacao\" align=\"left\">GM<\/td>\n<td class=\"tbaplicacao\" align=\"left\">D14<\/td>\n<td class=\"tbaplicacao\" align=\"left\">Todos<\/td>\n<td class=\"tbaplicacao\" align=\"center\">Todos<\/td>\n<\/tr>\n<tr>\n<td class=\"tbaplicacao\" align=\"left\">GM<\/td>\n<td class=\"tbaplicacao\" align=\"left\">D15<\/td>\n<td class=\"tbaplicacao\" align=\"left\">Todos<\/td>\n<td class=\"tbaplicacao\" align=\"center\">Todos<\/td>\n<\/tr>\n<tr>\n<td class=\"tbaplicacao\" align=\"left\">GM<\/td>\n<td class=\"tbaplicacao\" align=\"left\">D20<\/td>\n<td class=\"tbaplicacao\" align=\"left\">Todos<\/td>\n<td class=\"tbaplicacao\" align=\"center\">Todos<\/td>\n<\/tr>\n<tr>\n<td class=\"tbaplicacao\" align=\"left\">GM<\/td>\n<td class=\"tbaplicacao\" align=\"left\">D40<\/td>\n<td class=\"tbaplicacao\" align=\"left\">Todos<\/td>\n<td class=\"tbaplicacao\" align=\"center\">Todos<\/td>\n<\/tr>\n<tr>\n<td class=\"tbaplicacao\" align=\"left\">GM<\/td>\n<td class=\"tbaplicacao\" align=\"left\">Silverado<\/td>\n<td class=\"tbaplicacao\" align=\"left\">Todos<\/td>\n<td class=\"tbaplicacao\" align=\"center\">Todos<\/td>\n<\/tr>\n<tr>\n<td class=\"tbaplicacao\" align=\"left\">GM<\/td>\n<td class=\"tbaplicacao\" align=\"left\">Veraneio<\/td>\n<td class=\"tbaplicacao\" align=\"left\">Todos<\/td>\n<td class=\"tbaplicacao\" align=\"center\">Todos<\/td>\n<\/tr>\n<tr>\n<td class=\"tbaplicacao\" align=\"left\">VW<\/td>\n<td class=\"tbaplicacao\" align=\"left\">6.8<\/td>\n<td class=\"tbaplicacao\" align=\"left\">Todos<\/td>\n<td class=\"tbaplicacao\" align=\"center\">Todos<\/td>\n<\/tr>\n<tr>\n<td class=\"tbaplicacao\" align=\"left\">VW<\/td>\n<td class=\"tbaplicacao\" align=\"left\">7.000<\/td>\n<td class=\"tbaplicacao\" align=\"left\">1988 &gt;<\/td>\n<td class=\"tbaplicacao\" align=\"center\">Todos<\/td>\n<\/tr>\n<tr>\n<td class=\"tbaplicacao\" align=\"left\">VW<\/td>\n<td class=\"tbaplicacao\" align=\"left\">7.100<\/td>\n<td class=\"tbaplicacao\" align=\"left\">1988 &gt;<\/td>\n<td class=\"tbaplicacao\" align=\"center\">Todos<\/td>\n<\/tr>\n<tr>\n<td class=\"tbaplicacao\" align=\"left\">VW<\/td>\n<td class=\"tbaplicacao\" align=\"left\">7.110<\/td>\n<td class=\"tbaplicacao\" align=\"left\">1988 &gt;<\/td>\n<td class=\"tbaplicacao\" align=\"center\">Todos<\/td>\n<\/tr>\n<tr>\n<td class=\"tbaplicacao\" align=\"left\">VW<\/td>\n<td class=\"tbaplicacao\" align=\"left\">8.000<\/td>\n<td class=\"tbaplicacao\" align=\"left\">1995 &gt;<\/td>\n<td class=\"tbaplicacao\" align=\"center\">Todos<\/td>\n<\/tr>\n<tr>\n<td class=\"tbaplicacao\" align=\"left\">VW<\/td>\n<td class=\"tbaplicacao\" align=\"left\">8.140<\/td>\n<td class=\"tbaplicacao\" align=\"left\">1995 &gt;<\/td>\n<td class=\"tbaplicacao\" align=\"center\">Todos<\/td>\n<\/tr>\n<tr>\n<td class=\"tbaplicacao\" align=\"left\">VW<\/td>\n<td class=\"tbaplicacao\" align=\"left\">8.140 CO<\/td>\n<td class=\"tbaplicacao\" align=\"left\">1995 &gt;<\/td>\n<td class=\"tbaplicacao\" align=\"center\">Todos<\/td>\n<\/tr>\n<tr>\n<td class=\"tbaplicacao\" align=\"left\">VW<\/td>\n<td class=\"tbaplicacao\" align=\"left\">8.140 E<\/td>\n<td class=\"tbaplicacao\" align=\"left\">1995 &gt;<\/td>\n<td class=\"tbaplicacao\" align=\"center\">Todos<\/td>\n<\/tr>\n<\/tbody>\n<\/table>\n<\/td>\n<\/tr>\n<tr>\n<td class=\"tbmedidas\" colspan=\"4\"><span style=\"color: #00ccff\"><strong>Interno: 63,500 mm \u00a0 Externo: 112,712 mm \u00a0 Altura: 30,162 mm<\/strong><\/span><\/td>\n<\/tr>\n<\/tbody>\n<\/table>\n<p><span style=\"color: #00ccff\"><strong>MARCA:<\/strong><\/span> ZTL \u2013 3982\/3920<\/p>\n<p><span style=\"color: #00ccff\"><strong>PRODUTO NOVO<\/strong><\/span><\/p>\n<p><span style=\"color: #00ccff\"><strong>GARANTIA:\u00a0<\/strong><\/span>\u00a090 dias ap\u00f3s o recebimento do produto. Todas as garantias s\u00e3o dadas pelos fabricantes, e variam de produto para produto. Para devolu\u00e7\u00f5es, os produtos dever\u00e3o ser remetidos em suas embalagens originais e caso for constatado mal uso, o custo ser\u00e1 por parte do comprador.<\/p>\n","protected":false},"excerpt":{"rendered":"<p><span style=\"color: #00ccff\"><strong>C\u00d3DIGO: <span style=\"color: #3366ff\">3982\/3920<\/span><\/strong><\/span><\/p>\n<p><span style=\"color: #00ccff\"><strong>CATEGORIA:\u00a0<span style=\"color: #3366ff\">Rolamentos<\/span><\/strong><\/span><\/p>\n<p><span style=\"color: #00ccff\"><strong>MARCA:\u00a0<span style=\"color: #3366ff\">ZTL<\/span><\/strong><\/span><\/p>\n","protected":false},"featured_media":611,"comment_status":"open","ping_status":"closed","template":"","meta":{"_joinchat":[]},"product_brand":[],"product_cat":[148,37],"product_tag":[268,269,178,188,49,61,150],"class_list":{"0":"post-610","1":"product","2":"type-product","3":"status-publish","4":"has-post-thumbnail","6":"product_cat-linha-pesada-conicos","7":"product_cat-rolamento","8":"product_tag-268","9":"product_tag-3982-3920","10":"product_tag-agrale","11":"product_tag-dodge","12":"product_tag-ford","13":"product_tag-gm","14":"product_tag-rolamento","16":"first","17":"instock","18":"taxable","19":"shipping-taxable","20":"purchasable","21":"product-type-simple"},"_links":{"self":[{"href":"https:\/\/ztlrolamentos.com.br\/loja\/wp-json\/wp\/v2\/product\/610","targetHints":{"allow":["GET"]}}],"collection":[{"href":"https:\/\/ztlrolamentos.com.br\/loja\/wp-json\/wp\/v2\/product"}],"about":[{"href":"https:\/\/ztlrolamentos.com.br\/loja\/wp-json\/wp\/v2\/types\/product"}],"replies":[{"embeddable":true,"href":"https:\/\/ztlrolamentos.com.br\/loja\/wp-json\/wp\/v2\/comments?post=610"}],"wp:featuredmedia":[{"embeddable":true,"href":"https:\/\/ztlrolamentos.com.br\/loja\/wp-json\/wp\/v2\/media\/611"}],"wp:attachment":[{"href":"https:\/\/ztlrolamentos.com.br\/loja\/wp-json\/wp\/v2\/media?parent=610"}],"wp:term":[{"taxonomy":"product_brand","embeddable":true,"href":"https:\/\/ztlrolamentos.com.br\/loja\/wp-json\/wp\/v2\/product_brand?post=610"},{"taxonomy":"product_cat","embeddable":true,"href":"https:\/\/ztlrolamentos.com.br\/loja\/wp-json\/wp\/v2\/product_cat?post=610"},{"taxonomy":"product_tag","embeddable":true,"href":"https:\/\/ztlrolamentos.com.br\/loja\/wp-json\/wp\/v2\/product_tag?post=610"}],"curies":[{"name":"wp","href":"https:\/\/api.w.org\/{rel}","templated":true}]}}