{"id":568,"date":"2020-07-17T14:12:39","date_gmt":"2020-07-17T17:12:39","guid":{"rendered":"https:\/\/www.lpicomercial.com.br\/?post_type=product&#038;p=568"},"modified":"2020-07-17T14:13:38","modified_gmt":"2020-07-17T17:13:38","slug":"rolamento-33214-roda-d-int-mb-1313-1317-1938-om457la-l-1721s-lk-1621-oh-1420","status":"publish","type":"product","link":"https:\/\/ztlrolamentos.com.br\/loja\/produto\/rolamento-33214-roda-d-int-mb-1313-1317-1938-om457la-l-1721s-lk-1621-oh-1420\/","title":{"rendered":"Rolamento 33214 Roda D INT \/ MB 1313\/1317\/1938 OM457LA\/L 1721S\/LK 1621\/OH 1420"},"content":{"rendered":"<p>LPI.PRODUTOS DE QUALIDADE PARA SEU VE\u00cdCULO. LINHA LEVE,PESADA E VANS.<\/p>\n<p><span style=\"color: #00ccff\"><strong>APLICA\u00c7\u00c3O:<\/strong><\/span><\/p>\n<p style=\"text-align: right\"><span style=\"color: #00ccff\"><strong>ANO\u00a0 \u00a0 \u00a0 \u2013\u00a0 \u00a0COMBUST\u00cdVEL<\/strong><\/span><\/p>\n<table class=\"table-aplicacao\">\n<tbody>\n<tr>\n<td class=\"tbaplicacao\" align=\"left\">Mercedes Benz<\/td>\n<td class=\"tbaplicacao\" align=\"left\">1313<\/td>\n<td class=\"tbaplicacao\" align=\"left\">Todos<\/td>\n<td class=\"tbaplicacao\" align=\"center\">Todos<\/td>\n<\/tr>\n<tr>\n<td class=\"tbaplicacao\" align=\"left\">Mercedes Benz<\/td>\n<td class=\"tbaplicacao\" align=\"left\">1316<\/td>\n<td class=\"tbaplicacao\" align=\"left\">Todos<\/td>\n<td class=\"tbaplicacao\" align=\"center\">Todos<\/td>\n<\/tr>\n<tr>\n<td class=\"tbaplicacao\" align=\"left\">Mercedes Benz<\/td>\n<td class=\"tbaplicacao\" align=\"left\">1317<\/td>\n<td class=\"tbaplicacao\" align=\"left\">Todos<\/td>\n<td class=\"tbaplicacao\" align=\"center\">Todos<\/td>\n<\/tr>\n<tr>\n<td class=\"tbaplicacao\" align=\"left\">Mercedes Benz<\/td>\n<td class=\"tbaplicacao\" align=\"left\">1318<\/td>\n<td class=\"tbaplicacao\" align=\"left\">Todos<\/td>\n<td class=\"tbaplicacao\" align=\"center\">Todos<\/td>\n<\/tr>\n<tr>\n<td class=\"tbaplicacao\" align=\"left\">Mercedes Benz<\/td>\n<td class=\"tbaplicacao\" align=\"left\">1622<\/td>\n<td class=\"tbaplicacao\" align=\"left\">Todos<\/td>\n<td class=\"tbaplicacao\" align=\"center\">Todos<\/td>\n<\/tr>\n<tr>\n<td class=\"tbaplicacao\" align=\"left\">Mercedes Benz<\/td>\n<td class=\"tbaplicacao\" align=\"left\">1720 K<\/td>\n<td class=\"tbaplicacao\" align=\"left\">Todos<\/td>\n<td class=\"tbaplicacao\" align=\"center\">Todos<\/td>\n<\/tr>\n<tr>\n<td class=\"tbaplicacao\" align=\"left\">Mercedes Benz<\/td>\n<td class=\"tbaplicacao\" align=\"left\">1924<\/td>\n<td class=\"tbaplicacao\" align=\"left\">Todos<\/td>\n<td class=\"tbaplicacao\" align=\"center\">Todos<\/td>\n<\/tr>\n<tr>\n<td class=\"tbaplicacao\" align=\"left\">Mercedes Benz<\/td>\n<td class=\"tbaplicacao\" align=\"left\">1924A<\/td>\n<td class=\"tbaplicacao\" align=\"left\">Todos<\/td>\n<td class=\"tbaplicacao\" align=\"center\">Todos<\/td>\n<\/tr>\n<tr>\n<td class=\"tbaplicacao\" align=\"left\">Mercedes Benz<\/td>\n<td class=\"tbaplicacao\" align=\"left\">1938 OM457LA<\/td>\n<td class=\"tbaplicacao\" align=\"left\">Todos<\/td>\n<td class=\"tbaplicacao\" align=\"center\">Todos<\/td>\n<\/tr>\n<tr>\n<td class=\"tbaplicacao\" align=\"left\">Mercedes Benz<\/td>\n<td class=\"tbaplicacao\" align=\"left\">2423 B\/K &#8211; OM906 LA 231cv<\/td>\n<td class=\"tbaplicacao\" align=\"left\">Todos<\/td>\n<td class=\"tbaplicacao\" align=\"center\">Todos<\/td>\n<\/tr>\n<tr>\n<td class=\"tbaplicacao\" align=\"left\">Mercedes Benz<\/td>\n<td class=\"tbaplicacao\" align=\"left\">2428 &#8211; OM906 LA<\/td>\n<td class=\"tbaplicacao\" align=\"left\">Todos<\/td>\n<td class=\"tbaplicacao\" align=\"center\">Todos<\/td>\n<\/tr>\n<tr>\n<td class=\"tbaplicacao\" align=\"left\">Mercedes Benz<\/td>\n<td class=\"tbaplicacao\" align=\"left\">2431 L<\/td>\n<td class=\"tbaplicacao\" align=\"left\">Todos<\/td>\n<td class=\"tbaplicacao\" align=\"center\">Todos<\/td>\n<\/tr>\n<tr>\n<td class=\"tbaplicacao\" align=\"left\">Mercedes Benz<\/td>\n<td class=\"tbaplicacao\" align=\"left\">FSK 1951<\/td>\n<td class=\"tbaplicacao\" align=\"left\">Todos<\/td>\n<td class=\"tbaplicacao\" align=\"center\">Todos<\/td>\n<\/tr>\n<tr>\n<td class=\"tbaplicacao\" align=\"left\">Mercedes Benz<\/td>\n<td class=\"tbaplicacao\" align=\"left\">L 1315<\/td>\n<td class=\"tbaplicacao\" align=\"left\">Todos<\/td>\n<td class=\"tbaplicacao\" align=\"center\">Todos<\/td>\n<\/tr>\n<tr>\n<td class=\"tbaplicacao\" align=\"left\">Mercedes Benz<\/td>\n<td class=\"tbaplicacao\" align=\"left\">L 1318<\/td>\n<td class=\"tbaplicacao\" align=\"left\">Todos<\/td>\n<td class=\"tbaplicacao\" align=\"center\">Todos<\/td>\n<\/tr>\n<tr>\n<td class=\"tbaplicacao\" align=\"left\">Mercedes Benz<\/td>\n<td class=\"tbaplicacao\" align=\"left\">L 1414<\/td>\n<td class=\"tbaplicacao\" align=\"left\">Todos<\/td>\n<td class=\"tbaplicacao\" align=\"center\">Todos<\/td>\n<\/tr>\n<tr>\n<td class=\"tbaplicacao\" align=\"left\">Mercedes Benz<\/td>\n<td class=\"tbaplicacao\" align=\"left\">L 1418<\/td>\n<td class=\"tbaplicacao\" align=\"left\">Todos<\/td>\n<td class=\"tbaplicacao\" align=\"center\">Todos<\/td>\n<\/tr>\n<tr>\n<td class=\"tbaplicacao\" align=\"left\">Mercedes Benz<\/td>\n<td class=\"tbaplicacao\" align=\"left\">L 1625 285cv<\/td>\n<td class=\"tbaplicacao\" align=\"left\">Todos<\/td>\n<td class=\"tbaplicacao\" align=\"center\">Todos<\/td>\n<\/tr>\n<tr>\n<td class=\"tbaplicacao\" align=\"left\">Mercedes Benz<\/td>\n<td class=\"tbaplicacao\" align=\"left\">L 1721<\/td>\n<td class=\"tbaplicacao\" align=\"left\">Todos<\/td>\n<td class=\"tbaplicacao\" align=\"center\">Todos<\/td>\n<\/tr>\n<tr>\n<td class=\"tbaplicacao\" align=\"left\">Mercedes Benz<\/td>\n<td class=\"tbaplicacao\" align=\"left\">L 1721S<\/td>\n<td class=\"tbaplicacao\" align=\"left\">Todos<\/td>\n<td class=\"tbaplicacao\" align=\"center\">Todos<\/td>\n<\/tr>\n<tr>\n<td class=\"tbaplicacao\" align=\"left\">Mercedes Benz<\/td>\n<td class=\"tbaplicacao\" align=\"left\">L 1722S<\/td>\n<td class=\"tbaplicacao\" align=\"left\">Todos<\/td>\n<td class=\"tbaplicacao\" align=\"center\">Todos<\/td>\n<\/tr>\n<tr>\n<td class=\"tbaplicacao\" align=\"left\">Mercedes Benz<\/td>\n<td class=\"tbaplicacao\" align=\"left\">L 1935<\/td>\n<td class=\"tbaplicacao\" align=\"left\">Todos<\/td>\n<td class=\"tbaplicacao\" align=\"center\">Todos<\/td>\n<\/tr>\n<tr>\n<td class=\"tbaplicacao\" align=\"left\">Mercedes Benz<\/td>\n<td class=\"tbaplicacao\" align=\"left\">L 1942<\/td>\n<td class=\"tbaplicacao\" align=\"left\">Todos<\/td>\n<td class=\"tbaplicacao\" align=\"center\">Todos<\/td>\n<\/tr>\n<tr>\n<td class=\"tbaplicacao\" align=\"left\">Mercedes Benz<\/td>\n<td class=\"tbaplicacao\" align=\"left\">LA 1414<\/td>\n<td class=\"tbaplicacao\" align=\"left\">Todos<\/td>\n<td class=\"tbaplicacao\" align=\"center\">Todos<\/td>\n<\/tr>\n<tr>\n<td class=\"tbaplicacao\" align=\"left\">Mercedes Benz<\/td>\n<td class=\"tbaplicacao\" align=\"left\">LAK 1414<\/td>\n<td class=\"tbaplicacao\" align=\"left\">Todos<\/td>\n<td class=\"tbaplicacao\" align=\"center\">Todos<\/td>\n<\/tr>\n<tr>\n<td class=\"tbaplicacao\" align=\"left\">Mercedes Benz<\/td>\n<td class=\"tbaplicacao\" align=\"left\">LAK 1418<\/td>\n<td class=\"tbaplicacao\" align=\"left\">Todos<\/td>\n<td class=\"tbaplicacao\" align=\"center\">Todos<\/td>\n<\/tr>\n<tr>\n<td class=\"tbaplicacao\" align=\"left\">Mercedes Benz<\/td>\n<td class=\"tbaplicacao\" align=\"left\">LK 1315<\/td>\n<td class=\"tbaplicacao\" align=\"left\">Todos<\/td>\n<td class=\"tbaplicacao\" align=\"center\">Todos<\/td>\n<\/tr>\n<tr>\n<td class=\"tbaplicacao\" align=\"left\">Mercedes Benz<\/td>\n<td class=\"tbaplicacao\" align=\"left\">LK 1318<\/td>\n<td class=\"tbaplicacao\" align=\"left\">Todos<\/td>\n<td class=\"tbaplicacao\" align=\"center\">Todos<\/td>\n<\/tr>\n<tr>\n<td class=\"tbaplicacao\" align=\"left\">Mercedes Benz<\/td>\n<td class=\"tbaplicacao\" align=\"left\">LK 1414<\/td>\n<td class=\"tbaplicacao\" align=\"left\">Todos<\/td>\n<td class=\"tbaplicacao\" align=\"center\">Todos<\/td>\n<\/tr>\n<tr>\n<td class=\"tbaplicacao\" align=\"left\">Mercedes Benz<\/td>\n<td class=\"tbaplicacao\" align=\"left\">LK 1418<\/td>\n<td class=\"tbaplicacao\" align=\"left\">Todos<\/td>\n<td class=\"tbaplicacao\" align=\"center\">Todos<\/td>\n<\/tr>\n<tr>\n<td class=\"tbaplicacao\" align=\"left\">Mercedes Benz<\/td>\n<td class=\"tbaplicacao\" align=\"left\">LK 1621<\/td>\n<td class=\"tbaplicacao\" align=\"left\">Todos<\/td>\n<td class=\"tbaplicacao\" align=\"center\">Todos<\/td>\n<\/tr>\n<tr>\n<td class=\"tbaplicacao\" align=\"left\">Mercedes Benz<\/td>\n<td class=\"tbaplicacao\" align=\"left\">LS 1625 285cv<\/td>\n<td class=\"tbaplicacao\" align=\"left\">Todos<\/td>\n<td class=\"tbaplicacao\" align=\"center\">Todos<\/td>\n<\/tr>\n<tr>\n<td class=\"tbaplicacao\" align=\"left\">Mercedes Benz<\/td>\n<td class=\"tbaplicacao\" align=\"left\">LS 1942<\/td>\n<td class=\"tbaplicacao\" align=\"left\">Todos<\/td>\n<td class=\"tbaplicacao\" align=\"center\">Todos<\/td>\n<\/tr>\n<tr>\n<td class=\"tbaplicacao\" align=\"left\">Mercedes Benz<\/td>\n<td class=\"tbaplicacao\" align=\"left\">OF 1318 OM366A 177cv<\/td>\n<td class=\"tbaplicacao\" align=\"left\">Todos<\/td>\n<td class=\"tbaplicacao\" align=\"center\">Todos<\/td>\n<\/tr>\n<tr>\n<td class=\"tbaplicacao\" align=\"left\">Mercedes Benz<\/td>\n<td class=\"tbaplicacao\" align=\"left\">OH 1420<\/td>\n<td class=\"tbaplicacao\" align=\"left\">Todos<\/td>\n<td class=\"tbaplicacao\" align=\"center\">Todos<\/td>\n<\/tr>\n<\/tbody>\n<\/table>\n<p><strong><span style=\"color: #00ccff\">Interno: 70,000 mm \u00a0 Externo: 125,000 mm \u00a0 Altura: 41,000 mm<\/span><\/strong><\/p>\n<p><span style=\"color: #00ccff\"><strong>MARCA:<\/strong><\/span> ZTL \u2013 33214<\/p>\n<p><span style=\"color: #00ccff\"><strong>PRODUTO NOVO<\/strong><\/span><\/p>\n<p><span style=\"color: #00ccff\"><strong>GARANTIA:\u00a0<\/strong><\/span>\u00a090 dias ap\u00f3s o recebimento do produto. Todas as garantias s\u00e3o dadas pelos fabricantes, e variam de produto para produto. Para devolu\u00e7\u00f5es, os produtos dever\u00e3o ser remetidos em suas embalagens originais e caso for constatado mal uso, o custo ser\u00e1 por parte do comprador.<\/p>\n","protected":false},"excerpt":{"rendered":"<p><span style=\"color: #3366ff\"><strong><span style=\"color: #00ccff\">C\u00d3DIGO:<\/span> CR114<\/strong><\/span><\/p>\n<p><span style=\"color: #3366ff\"><strong><span style=\"color: #00ccff\">CATEGORIA:<\/span> Rolamentos<\/strong><\/span><\/p>\n<p><span style=\"color: #3366ff\"><strong><span style=\"color: #00ccff\">MARCA: <\/span>ZTL<\/strong><\/span><\/p>\n","protected":false},"featured_media":569,"comment_status":"open","ping_status":"closed","template":"","meta":{"_joinchat":[]},"product_brand":[],"product_cat":[148,37],"product_tag":[251,152,150],"class_list":{"0":"post-568","1":"product","2":"type-product","3":"status-publish","4":"has-post-thumbnail","6":"product_cat-linha-pesada-conicos","7":"product_cat-rolamento","8":"product_tag-251","9":"product_tag-mercedes","10":"product_tag-rolamento","12":"first","13":"instock","14":"taxable","15":"shipping-taxable","16":"purchasable","17":"product-type-simple"},"_links":{"self":[{"href":"https:\/\/ztlrolamentos.com.br\/loja\/wp-json\/wp\/v2\/product\/568","targetHints":{"allow":["GET"]}}],"collection":[{"href":"https:\/\/ztlrolamentos.com.br\/loja\/wp-json\/wp\/v2\/product"}],"about":[{"href":"https:\/\/ztlrolamentos.com.br\/loja\/wp-json\/wp\/v2\/types\/product"}],"replies":[{"embeddable":true,"href":"https:\/\/ztlrolamentos.com.br\/loja\/wp-json\/wp\/v2\/comments?post=568"}],"wp:featuredmedia":[{"embeddable":true,"href":"https:\/\/ztlrolamentos.com.br\/loja\/wp-json\/wp\/v2\/media\/569"}],"wp:attachment":[{"href":"https:\/\/ztlrolamentos.com.br\/loja\/wp-json\/wp\/v2\/media?parent=568"}],"wp:term":[{"taxonomy":"product_brand","embeddable":true,"href":"https:\/\/ztlrolamentos.com.br\/loja\/wp-json\/wp\/v2\/product_brand?post=568"},{"taxonomy":"product_cat","embeddable":true,"href":"https:\/\/ztlrolamentos.com.br\/loja\/wp-json\/wp\/v2\/product_cat?post=568"},{"taxonomy":"product_tag","embeddable":true,"href":"https:\/\/ztlrolamentos.com.br\/loja\/wp-json\/wp\/v2\/product_tag?post=568"}],"curies":[{"name":"wp","href":"https:\/\/api.w.org\/{rel}","templated":true}]}}