{"id":560,"date":"2023-02-28T08:42:02","date_gmt":"2023-02-28T11:42:02","guid":{"rendered":"https:\/\/www.lpicomercial.com.br\/?post_type=product&#038;p=560"},"modified":"2023-02-28T08:42:14","modified_gmt":"2023-02-28T11:42:14","slug":"rolamento-33114-roda-t-ext-mb-2013-om352-130cv-2014-2016-2017-2031","status":"publish","type":"product","link":"https:\/\/ztlrolamentos.com.br\/loja\/produto\/rolamento-33114-roda-t-ext-mb-2013-om352-130cv-2014-2016-2017-2031\/","title":{"rendered":"Rolamento 33114 roda T EXT \/ MB 2013 OM352 130CV\/2014\/2016\/2017\/2031"},"content":{"rendered":"<p>LPI.PRODUTOS DE QUALIDADE PARA SEU VE\u00cdCULO. LINHA LEVE,PESADA E VANS.<\/p>\n<p><span style=\"color: #00ccff\"><strong>APLICA\u00c7\u00c3O:<\/strong><\/span><\/p>\n<p style=\"text-align: right\"><span style=\"color: #00ccff\"><strong>ANO\u00a0 \u00a0 \u00a0\u2013\u00a0 \u00a0 \u00a0 \u00a0 \u00a0COMBUST\u00cdVEL<\/strong><\/span><\/p>\n<table id=\"catalogoDesk\">\n<tbody>\n<tr>\n<td class=\"tbconteineraplicacao\" colspan=\"4\">\n<table class=\"table-aplicacao\">\n<tbody>\n<tr>\n<td class=\"tbaplicacao\" align=\"left\">Mercedes Benz<\/td>\n<td class=\"tbaplicacao\" align=\"left\">2013 OM352 130CV<\/td>\n<td class=\"tbaplicacao\" align=\"left\">Todos<\/td>\n<td class=\"tbaplicacao\" align=\"center\">Todos<\/td>\n<\/tr>\n<tr>\n<td class=\"tbaplicacao\" align=\"left\">Mercedes Benz<\/td>\n<td class=\"tbaplicacao\" align=\"left\">2014<\/td>\n<td class=\"tbaplicacao\" align=\"left\">Todos<\/td>\n<td class=\"tbaplicacao\" align=\"center\">Todos<\/td>\n<\/tr>\n<tr>\n<td class=\"tbaplicacao\" align=\"left\">Mercedes Benz<\/td>\n<td class=\"tbaplicacao\" align=\"left\">2016<\/td>\n<td class=\"tbaplicacao\" align=\"left\">Todos<\/td>\n<td class=\"tbaplicacao\" align=\"center\">Todos<\/td>\n<\/tr>\n<tr>\n<td class=\"tbaplicacao\" align=\"left\">Mercedes Benz<\/td>\n<td class=\"tbaplicacao\" align=\"left\">2017<\/td>\n<td class=\"tbaplicacao\" align=\"left\">Todos<\/td>\n<td class=\"tbaplicacao\" align=\"center\">Todos<\/td>\n<\/tr>\n<tr>\n<td class=\"tbaplicacao\" align=\"left\">Mercedes Benz<\/td>\n<td class=\"tbaplicacao\" align=\"left\">2031 AS<\/td>\n<td class=\"tbaplicacao\" align=\"left\">Todos<\/td>\n<td class=\"tbaplicacao\" align=\"center\">Todos<\/td>\n<\/tr>\n<tr>\n<td class=\"tbaplicacao\" align=\"left\">Mercedes Benz<\/td>\n<td class=\"tbaplicacao\" align=\"left\">2031 S<\/td>\n<td class=\"tbaplicacao\" align=\"left\">Todos<\/td>\n<td class=\"tbaplicacao\" align=\"center\">Todos<\/td>\n<\/tr>\n<\/tbody>\n<\/table>\n<\/td>\n<\/tr>\n<tr>\n<td class=\"tbmedidas\" colspan=\"4\"><span style=\"color: #00ccff\"><strong>Interno: 70,000 mm \u00a0 Externo: 120,000 mm \u00a0 Altura: 37,000 mm<\/strong><\/span><\/td>\n<\/tr>\n<\/tbody>\n<\/table>\n<p><span style=\"color: #00ccff\"><strong>MARCA:<\/strong> <\/span>ZTL \u2013 33114<\/p>\n<p><span style=\"color: #00ccff\"><strong>PRODUTO NOVO<\/strong><\/span><\/p>\n<p><span style=\"color: #00ccff\"><strong>GARANTIA:\u00a0<\/strong><\/span>\u00a090 dias ap\u00f3s o recebimento do produto. Todas as garantias s\u00e3o dadas pelos fabricantes, e variam de produto para produto. Para devolu\u00e7\u00f5es, os produtos dever\u00e3o ser remetidos em suas embalagens originais e caso for constatado mal uso, o custo ser\u00e1 por parte do comprador.<\/p>\n","protected":false},"excerpt":{"rendered":"<p><span style=\"color: #3366ff\"><strong><span style=\"color: #00ccff\">C\u00d3DIGO:<\/span> 33114<\/strong><\/span><\/p>\n<p><span style=\"color: #3366ff\"><strong><span style=\"color: #00ccff\">CATEGORIA:<\/span> Rolamentos<\/strong><\/span><\/p>\n<p><span style=\"color: #3366ff\"><strong><span style=\"color: #00ccff\">MARCA:<\/span> ZTL<\/strong><\/span><\/p>\n","protected":false},"featured_media":561,"comment_status":"open","ping_status":"closed","template":"","meta":{"_joinchat":[]},"product_brand":[],"product_cat":[148,37],"product_tag":[245,152,150],"class_list":{"0":"post-560","1":"product","2":"type-product","3":"status-publish","4":"has-post-thumbnail","6":"product_cat-linha-pesada-conicos","7":"product_cat-rolamento","8":"product_tag-245","9":"product_tag-mercedes","10":"product_tag-rolamento","12":"first","13":"instock","14":"taxable","15":"shipping-taxable","16":"purchasable","17":"product-type-simple"},"_links":{"self":[{"href":"https:\/\/ztlrolamentos.com.br\/loja\/wp-json\/wp\/v2\/product\/560","targetHints":{"allow":["GET"]}}],"collection":[{"href":"https:\/\/ztlrolamentos.com.br\/loja\/wp-json\/wp\/v2\/product"}],"about":[{"href":"https:\/\/ztlrolamentos.com.br\/loja\/wp-json\/wp\/v2\/types\/product"}],"replies":[{"embeddable":true,"href":"https:\/\/ztlrolamentos.com.br\/loja\/wp-json\/wp\/v2\/comments?post=560"}],"wp:featuredmedia":[{"embeddable":true,"href":"https:\/\/ztlrolamentos.com.br\/loja\/wp-json\/wp\/v2\/media\/561"}],"wp:attachment":[{"href":"https:\/\/ztlrolamentos.com.br\/loja\/wp-json\/wp\/v2\/media?parent=560"}],"wp:term":[{"taxonomy":"product_brand","embeddable":true,"href":"https:\/\/ztlrolamentos.com.br\/loja\/wp-json\/wp\/v2\/product_brand?post=560"},{"taxonomy":"product_cat","embeddable":true,"href":"https:\/\/ztlrolamentos.com.br\/loja\/wp-json\/wp\/v2\/product_cat?post=560"},{"taxonomy":"product_tag","embeddable":true,"href":"https:\/\/ztlrolamentos.com.br\/loja\/wp-json\/wp\/v2\/product_tag?post=560"}],"curies":[{"name":"wp","href":"https:\/\/api.w.org\/{rel}","templated":true}]}}