{"id":558,"date":"2023-02-28T08:40:45","date_gmt":"2023-02-28T11:40:45","guid":{"rendered":"https:\/\/www.lpicomercial.com.br\/?post_type=product&#038;p=558"},"modified":"2023-02-28T08:40:55","modified_gmt":"2023-02-28T11:40:55","slug":"rolamento-33109-roda-dianteira-int-mb-608-708-710-911-914","status":"publish","type":"product","link":"https:\/\/ztlrolamentos.com.br\/loja\/produto\/rolamento-33109-roda-dianteira-int-mb-608-708-710-911-914\/","title":{"rendered":"Rolamento 33109 Roda Dianteira INT \/ MB 608\/708\/710\/911\/914"},"content":{"rendered":"<p>LPI.PRODUTOS DE QUALIDADE PARA SEU VE\u00cdCULO. LINHA LEVE,PESADA E VANS.<\/p>\n<p><span style=\"color: #00ccff\"><strong>APLICA\u00c7\u00c3O:<\/strong><\/span><\/p>\n<p style=\"text-align: right\"><span style=\"color: #00ccff\"><strong>ANO\u00a0 \u00a0 \u00a0 \u00a0 \u00a0 \u00a0 \u00a0 \u00a0 \u00a0 \u00a0 \u00a0 \u00a0 \u00a0 \u00a0 \u00a0\u2013\u00a0 \u00a0 \u00a0 \u00a0 \u00a0 \u00a0 COMBUST\u00cdVEL<\/strong><\/span><\/p>\n<table id=\"catalogoDesk\">\n<tbody>\n<tr>\n<td class=\"tbconteineraplicacao\" colspan=\"4\">\n<table class=\"table-aplicacao\">\n<tbody>\n<tr>\n<td class=\"tbaplicacao\" align=\"left\">Mercedes Benz<\/td>\n<td class=\"tbaplicacao\" align=\"left\">608<\/td>\n<td class=\"tbaplicacao\" align=\"left\">Todos<\/td>\n<td class=\"tbaplicacao\" align=\"center\">Todos<\/td>\n<\/tr>\n<tr>\n<td class=\"tbaplicacao\" align=\"left\">Mercedes Benz<\/td>\n<td class=\"tbaplicacao\" align=\"left\">708<\/td>\n<td class=\"tbaplicacao\" align=\"left\">Todos<\/td>\n<td class=\"tbaplicacao\" align=\"center\">Todos<\/td>\n<\/tr>\n<tr>\n<td class=\"tbaplicacao\" align=\"left\">Mercedes Benz<\/td>\n<td class=\"tbaplicacao\" align=\"left\">710<\/td>\n<td class=\"tbaplicacao\" align=\"left\">Todos<\/td>\n<td class=\"tbaplicacao\" align=\"center\">Todos<\/td>\n<\/tr>\n<tr>\n<td class=\"tbaplicacao\" align=\"left\">Mercedes Benz<\/td>\n<td class=\"tbaplicacao\" align=\"left\">712<\/td>\n<td class=\"tbaplicacao\" align=\"left\">Todos<\/td>\n<td class=\"tbaplicacao\" align=\"center\">Todos<\/td>\n<\/tr>\n<tr>\n<td class=\"tbaplicacao\" align=\"left\">Mercedes Benz<\/td>\n<td class=\"tbaplicacao\" align=\"left\">814<\/td>\n<td class=\"tbaplicacao\" align=\"left\">Todos<\/td>\n<td class=\"tbaplicacao\" align=\"center\">Todos<\/td>\n<\/tr>\n<tr>\n<td class=\"tbaplicacao\" align=\"left\">Mercedes Benz<\/td>\n<td class=\"tbaplicacao\" align=\"left\">817<\/td>\n<td class=\"tbaplicacao\" align=\"left\">Todos<\/td>\n<td class=\"tbaplicacao\" align=\"center\">Todos<\/td>\n<\/tr>\n<tr>\n<td class=\"tbaplicacao\" align=\"left\">Mercedes Benz<\/td>\n<td class=\"tbaplicacao\" align=\"left\">911<\/td>\n<td class=\"tbaplicacao\" align=\"left\">Todos<\/td>\n<td class=\"tbaplicacao\" align=\"center\">Todos<\/td>\n<\/tr>\n<tr>\n<td class=\"tbaplicacao\" align=\"left\">Mercedes Benz<\/td>\n<td class=\"tbaplicacao\" align=\"left\">913<\/td>\n<td class=\"tbaplicacao\" align=\"left\">Todos<\/td>\n<td class=\"tbaplicacao\" align=\"center\">Todos<\/td>\n<\/tr>\n<tr>\n<td class=\"tbaplicacao\" align=\"left\">Mercedes Benz<\/td>\n<td class=\"tbaplicacao\" align=\"left\">914<\/td>\n<td class=\"tbaplicacao\" align=\"left\">Todos<\/td>\n<td class=\"tbaplicacao\" align=\"center\">Todos<\/td>\n<\/tr>\n<\/tbody>\n<\/table>\n<\/td>\n<\/tr>\n<tr>\n<td class=\"tbmedidas\" colspan=\"4\"><strong><span style=\"color: #00ccff\">Interno: 45,0 mm \u00a0 Externo: 80,0 mm \u00a0 Altura: 26,0 mm<\/span><\/strong><\/td>\n<\/tr>\n<\/tbody>\n<\/table>\n<p><span style=\"color: #00ccff\"><strong>MARCA:<\/strong> <\/span>ZTL \u2013 33109<\/p>\n<p><span style=\"color: #00ccff\"><strong>PRODUTO NOVO<\/strong><\/span><\/p>\n<p><strong><span style=\"color: #00ccff\">GARANTIA:<\/span>\u00a0<\/strong>\u00a090 dias ap\u00f3s o recebimento do produto. Todas as garantias s\u00e3o dadas pelos fabricantes, e variam de produto para produto. Para devolu\u00e7\u00f5es, os produtos dever\u00e3o ser remetidos em suas embalagens originais e caso for constatado mal uso, o custo ser\u00e1 por parte do comprador.<\/p>\n","protected":false},"excerpt":{"rendered":"<p><span style=\"color: #00ccff\"><strong>C\u00d3DIGO:<span style=\"color: #3366ff\"> 33109<\/span><\/strong><\/span><\/p>\n<p><span style=\"color: #00ccff\"><strong>CATEGORIA: <span style=\"color: #3366ff\">Rolamentos<\/span><\/strong><\/span><\/p>\n<p><span style=\"color: #00ccff\"><strong>MARCA: <span style=\"color: #3366ff\">ZTL<\/span><\/strong><\/span><\/p>\n","protected":false},"featured_media":559,"comment_status":"open","ping_status":"closed","template":"","meta":{"_joinchat":[]},"product_brand":[],"product_cat":[148,37],"product_tag":[244,152,150],"class_list":{"0":"post-558","1":"product","2":"type-product","3":"status-publish","4":"has-post-thumbnail","6":"product_cat-linha-pesada-conicos","7":"product_cat-rolamento","8":"product_tag-244","9":"product_tag-mercedes","10":"product_tag-rolamento","12":"first","13":"instock","14":"taxable","15":"shipping-taxable","16":"purchasable","17":"product-type-simple"},"_links":{"self":[{"href":"https:\/\/ztlrolamentos.com.br\/loja\/wp-json\/wp\/v2\/product\/558","targetHints":{"allow":["GET"]}}],"collection":[{"href":"https:\/\/ztlrolamentos.com.br\/loja\/wp-json\/wp\/v2\/product"}],"about":[{"href":"https:\/\/ztlrolamentos.com.br\/loja\/wp-json\/wp\/v2\/types\/product"}],"replies":[{"embeddable":true,"href":"https:\/\/ztlrolamentos.com.br\/loja\/wp-json\/wp\/v2\/comments?post=558"}],"wp:featuredmedia":[{"embeddable":true,"href":"https:\/\/ztlrolamentos.com.br\/loja\/wp-json\/wp\/v2\/media\/559"}],"wp:attachment":[{"href":"https:\/\/ztlrolamentos.com.br\/loja\/wp-json\/wp\/v2\/media?parent=558"}],"wp:term":[{"taxonomy":"product_brand","embeddable":true,"href":"https:\/\/ztlrolamentos.com.br\/loja\/wp-json\/wp\/v2\/product_brand?post=558"},{"taxonomy":"product_cat","embeddable":true,"href":"https:\/\/ztlrolamentos.com.br\/loja\/wp-json\/wp\/v2\/product_cat?post=558"},{"taxonomy":"product_tag","embeddable":true,"href":"https:\/\/ztlrolamentos.com.br\/loja\/wp-json\/wp\/v2\/product_tag?post=558"}],"curies":[{"name":"wp","href":"https:\/\/api.w.org\/{rel}","templated":true}]}}