{"id":542,"date":"2023-02-28T08:22:00","date_gmt":"2023-02-28T11:22:00","guid":{"rendered":"https:\/\/www.lpicomercial.com.br\/?post_type=product&#038;p=542"},"modified":"2023-02-28T08:22:40","modified_gmt":"2023-02-28T11:22:40","slug":"rolamento-32308-roda-carreta-eixo-d-ext-scania-101-140-lks-75-ls-76-l-lt-110","status":"publish","type":"product","link":"https:\/\/ztlrolamentos.com.br\/loja\/produto\/rolamento-32308-roda-carreta-eixo-d-ext-scania-101-140-lks-75-ls-76-l-lt-110\/","title":{"rendered":"Rolamento 32308 roda carreta &#8211; eixo D EXT | SCANIA 101\/140 LKS\/75 LS\/76 L\/LT 110"},"content":{"rendered":"<p>LPI.PRODUTOS DE QUALIDADE PARA SEU VE\u00cdCULO. LINHA LEVE,PESADA E VANS.<\/p>\n<p><strong><span style=\"color: #00ccff\">APLICA\u00c7\u00c3O:<\/span><\/strong><\/p>\n<p><strong><span style=\"color: #00ccff\">Rolamento roda carreta &#8211; eixo D EXT | SCANIA.<\/span><\/strong><\/p>\n<p style=\"text-align: right\"><strong style=\"color: #00ccff;text-align: right\">ANO\u00a0 \u00a0 \u00a0 \u00a0 \u00a0 \u00a0 \u00a0 \u00a0 \u00a0 \u00a0 \u00a0 \u00a0 \u00a0 \u00a0 \u00a0 \u00a0 \u00a0 \u00a0 \u00a0&#8211;\u00a0 \u00a0 \u00a0 \u00a0 \u00a0 \u00a0 COMBUST\u00cdVEL<\/strong><\/p>\n<table class=\"table-aplicacao\">\n<tbody>\n<tr>\n<td class=\"tbaplicacao\" align=\"left\">Scania<\/td>\n<td class=\"tbaplicacao\" align=\"left\">101<\/td>\n<td class=\"tbaplicacao\" align=\"left\">Todos<\/td>\n<td class=\"tbaplicacao\" align=\"center\">Todos<\/td>\n<\/tr>\n<tr>\n<td class=\"tbaplicacao\" align=\"left\">Scania<\/td>\n<td class=\"tbaplicacao\" align=\"left\">140 LK<\/td>\n<td class=\"tbaplicacao\" align=\"left\">Todos<\/td>\n<td class=\"tbaplicacao\" align=\"center\">Todos<\/td>\n<\/tr>\n<tr>\n<td class=\"tbaplicacao\" align=\"left\">Scania<\/td>\n<td class=\"tbaplicacao\" align=\"left\">140 LKS<\/td>\n<td class=\"tbaplicacao\" align=\"left\">Todos<\/td>\n<td class=\"tbaplicacao\" align=\"center\">Todos<\/td>\n<\/tr>\n<tr>\n<td class=\"tbaplicacao\" align=\"left\">Scania<\/td>\n<td class=\"tbaplicacao\" align=\"left\">142<\/td>\n<td class=\"tbaplicacao\" align=\"left\">Todos<\/td>\n<td class=\"tbaplicacao\" align=\"center\">Todos<\/td>\n<\/tr>\n<tr>\n<td class=\"tbaplicacao\" align=\"left\">Scania<\/td>\n<td class=\"tbaplicacao\" align=\"left\">75 B<\/td>\n<td class=\"tbaplicacao\" align=\"left\">Todos<\/td>\n<td class=\"tbaplicacao\" align=\"center\">Todos<\/td>\n<\/tr>\n<tr>\n<td class=\"tbaplicacao\" align=\"left\">Scania<\/td>\n<td class=\"tbaplicacao\" align=\"left\">75 L<\/td>\n<td class=\"tbaplicacao\" align=\"left\">Todos<\/td>\n<td class=\"tbaplicacao\" align=\"center\">Todos<\/td>\n<\/tr>\n<tr>\n<td class=\"tbaplicacao\" align=\"left\">Scania<\/td>\n<td class=\"tbaplicacao\" align=\"left\">75 LS<\/td>\n<td class=\"tbaplicacao\" align=\"left\">Todos<\/td>\n<td class=\"tbaplicacao\" align=\"center\">Todos<\/td>\n<\/tr>\n<tr>\n<td class=\"tbaplicacao\" align=\"left\">Scania<\/td>\n<td class=\"tbaplicacao\" align=\"left\">76 B<\/td>\n<td class=\"tbaplicacao\" align=\"left\">Todos<\/td>\n<td class=\"tbaplicacao\" align=\"center\">Todos<\/td>\n<\/tr>\n<tr>\n<td class=\"tbaplicacao\" align=\"left\">Scania<\/td>\n<td class=\"tbaplicacao\" align=\"left\">76 L<\/td>\n<td class=\"tbaplicacao\" align=\"left\">Todos<\/td>\n<td class=\"tbaplicacao\" align=\"center\">Todos<\/td>\n<\/tr>\n<tr>\n<td class=\"tbaplicacao\" align=\"left\">Scania<\/td>\n<td class=\"tbaplicacao\" align=\"left\">76 LS<\/td>\n<td class=\"tbaplicacao\" align=\"left\">Todos<\/td>\n<td class=\"tbaplicacao\" align=\"center\">Todos<\/td>\n<\/tr>\n<tr>\n<td class=\"tbaplicacao\" align=\"left\">Scania<\/td>\n<td class=\"tbaplicacao\" align=\"left\">K 113<\/td>\n<td class=\"tbaplicacao\" align=\"left\">Todos<\/td>\n<td class=\"tbaplicacao\" align=\"center\">Todos<\/td>\n<\/tr>\n<tr>\n<td class=\"tbaplicacao\" align=\"left\">Scania<\/td>\n<td class=\"tbaplicacao\" align=\"left\">LS 110<\/td>\n<td class=\"tbaplicacao\" align=\"left\">Todos<\/td>\n<td class=\"tbaplicacao\" align=\"center\">Todos<\/td>\n<\/tr>\n<tr>\n<td class=\"tbaplicacao\" align=\"left\">Scania<\/td>\n<td class=\"tbaplicacao\" align=\"left\">LS 111<\/td>\n<td class=\"tbaplicacao\" align=\"left\">Todos<\/td>\n<td class=\"tbaplicacao\" align=\"center\">Todos<\/td>\n<\/tr>\n<tr>\n<td class=\"tbaplicacao\" align=\"left\">Scania<\/td>\n<td class=\"tbaplicacao\" align=\"left\">LT 110<\/td>\n<td class=\"tbaplicacao\" align=\"left\">Todos<\/td>\n<td class=\"tbaplicacao\" align=\"center\">Todos<\/td>\n<\/tr>\n<tr>\n<td class=\"tbaplicacao\" align=\"left\">Scania<\/td>\n<td class=\"tbaplicacao\" align=\"left\">LT 111<\/td>\n<td class=\"tbaplicacao\" align=\"left\">Todos<\/td>\n<td class=\"tbaplicacao\" align=\"center\">Todos<\/td>\n<\/tr>\n<tr>\n<td class=\"tbaplicacao\" align=\"left\">Scania<\/td>\n<td class=\"tbaplicacao\" align=\"left\">R 113<\/td>\n<td class=\"tbaplicacao\" align=\"left\">Todos<\/td>\n<td class=\"tbaplicacao\" align=\"center\">Todos<\/td>\n<\/tr>\n<tr>\n<td class=\"tbaplicacao\" align=\"left\">Scania<\/td>\n<td class=\"tbaplicacao\" align=\"left\">R 143<\/td>\n<td class=\"tbaplicacao\" align=\"left\">Todos<\/td>\n<td class=\"tbaplicacao\" align=\"center\">Todos<\/td>\n<\/tr>\n<tr>\n<td class=\"tbaplicacao\" align=\"left\">Scania<\/td>\n<td class=\"tbaplicacao\" align=\"left\">T 113<\/td>\n<td class=\"tbaplicacao\" align=\"left\">Todos<\/td>\n<td class=\"tbaplicacao\" align=\"center\">Todos<\/td>\n<\/tr>\n<\/tbody>\n<\/table>\n<p><strong><span style=\"color: #00ccff\">Interno: 40,000 mm \u00a0 Externo: 90,000 mm \u00a0 Altura: 35,250 mm<\/span><\/strong><\/p>\n<p><span style=\"color: #00ccff\"><strong>MARCA:<\/strong>\u00a0<\/span>ZTL \u2013 32308<\/p>\n<p><span style=\"color: #00ccff\"><strong>PRODUTO NOVO<\/strong><\/span><\/p>\n<p><strong><span style=\"color: #00ccff\">GARANTIA:<\/span>\u00a0<\/strong>\u00a090 dias ap\u00f3s o recebimento do produto. Todas as garantias s\u00e3o dadas pelos fabricantes, e variam de produto para produto. Para devolu\u00e7\u00f5es, os produtos dever\u00e3o ser remetidos em suas embalagens originais e caso for constatado mal uso, o custo ser\u00e1 por parte do comprador.<\/p>\n<p>&nbsp;<\/p>\n","protected":false},"excerpt":{"rendered":"<p><span style=\"color: #3366ff\"><strong><span style=\"color: #00ccff\">C\u00d3DIGO:<\/span> 32308<\/strong><\/span><\/p>\n<p><span style=\"color: #3366ff\"><strong><span style=\"color: #00ccff\">CATEGORIA:<\/span> Rolamentos<\/strong><\/span><\/p>\n<p><span style=\"color: #3366ff\"><strong><span style=\"color: #00ccff\">MARCA:<\/span> ZTL<\/strong><\/span><\/p>\n","protected":false},"featured_media":543,"comment_status":"open","ping_status":"closed","template":"","meta":{"_joinchat":[]},"product_brand":[],"product_cat":[148,37],"product_tag":[226,223,224,225,227,150,151],"class_list":{"0":"post-542","1":"product","2":"type-product","3":"status-publish","4":"has-post-thumbnail","6":"product_cat-linha-pesada-conicos","7":"product_cat-rolamento","8":"product_tag-226","9":"product_tag-223","10":"product_tag-224","11":"product_tag-225","12":"product_tag-r143","13":"product_tag-rolamento","14":"product_tag-scania","16":"first","17":"instock","18":"taxable","19":"shipping-taxable","20":"purchasable","21":"product-type-simple"},"_links":{"self":[{"href":"https:\/\/ztlrolamentos.com.br\/loja\/wp-json\/wp\/v2\/product\/542","targetHints":{"allow":["GET"]}}],"collection":[{"href":"https:\/\/ztlrolamentos.com.br\/loja\/wp-json\/wp\/v2\/product"}],"about":[{"href":"https:\/\/ztlrolamentos.com.br\/loja\/wp-json\/wp\/v2\/types\/product"}],"replies":[{"embeddable":true,"href":"https:\/\/ztlrolamentos.com.br\/loja\/wp-json\/wp\/v2\/comments?post=542"}],"wp:featuredmedia":[{"embeddable":true,"href":"https:\/\/ztlrolamentos.com.br\/loja\/wp-json\/wp\/v2\/media\/543"}],"wp:attachment":[{"href":"https:\/\/ztlrolamentos.com.br\/loja\/wp-json\/wp\/v2\/media?parent=542"}],"wp:term":[{"taxonomy":"product_brand","embeddable":true,"href":"https:\/\/ztlrolamentos.com.br\/loja\/wp-json\/wp\/v2\/product_brand?post=542"},{"taxonomy":"product_cat","embeddable":true,"href":"https:\/\/ztlrolamentos.com.br\/loja\/wp-json\/wp\/v2\/product_cat?post=542"},{"taxonomy":"product_tag","embeddable":true,"href":"https:\/\/ztlrolamentos.com.br\/loja\/wp-json\/wp\/v2\/product_tag?post=542"}],"curies":[{"name":"wp","href":"https:\/\/api.w.org\/{rel}","templated":true}]}}