{"id":524,"date":"2023-02-28T08:10:53","date_gmt":"2023-02-28T11:10:53","guid":{"rendered":"https:\/\/www.lpicomercial.com.br\/?post_type=product&#038;p=524"},"modified":"2023-02-28T08:10:04","modified_gmt":"2023-02-28T11:10:04","slug":"rolamento-30307-caixa-de-transferencia-dianteiro-traseiro-eixo-entalhado-toyota-bandeirante","status":"publish","type":"product","link":"https:\/\/ztlrolamentos.com.br\/loja\/produto\/rolamento-30307-caixa-de-transferencia-dianteiro-traseiro-eixo-entalhado-toyota-bandeirante\/","title":{"rendered":"Rolamento 30307 Caixa de Transfer\u00eancia Dianteiro \/ Traseiro | Eixo Entalhado &#8211; TOYOTA BANDEIRANTE"},"content":{"rendered":"<p>LPI.PRODUTOS DE QUALIDADE PARA SEU VE\u00cdCULO. LINHA LEVE,PESADA E VANS.<\/p>\n<p><span style=\"color: #00ccff\"><strong>APLICA\u00c7\u00c3O:<\/strong><\/span><\/p>\n<p><strong><span style=\"color: #00ccff\">Rolamento Caixa de Transfer\u00eancia Dianteiro \/ Traseiro | Eixo Entalhado<\/span><\/strong><\/p>\n<p style=\"text-align: right\"><span style=\"color: #00ccff\"><strong>ANO\u00a0 \u00a0 \u00a0 \u00a0 \u00a0 \u00a0 \u00a0 \u00a0 \u00a0 \u00a0 \u00a0 \u00a0 \u00a0 \u00a0 \u00a0&#8211;\u00a0 \u00a0 \u00a0 \u00a0 \u00a0 \u00a0 COMBUST\u00cdVEL<\/strong><\/span><\/p>\n<table class=\"table-aplicacao\">\n<tbody>\n<tr>\n<td class=\"tbaplicacao\" align=\"left\">Toyota<\/td>\n<td class=\"tbaplicacao\" align=\"left\">Bandeirante<\/td>\n<td class=\"tbaplicacao\" align=\"left\">Todos<\/td>\n<td class=\"tbaplicacao\" align=\"center\">Todos<\/td>\n<\/tr>\n<\/tbody>\n<\/table>\n<p><span style=\"color: #00ccff\"><strong>Interno: 35,0 mm \u00a0 Externo: 80,0 mm \u00a0 Altura: 22,75 mm<\/strong><\/span><\/p>\n<p><span style=\"color: #00ccff\"><strong>MARCA:<\/strong><\/span> ZTL \u2013 30307<\/p>\n<p><span style=\"color: #00ccff\"><strong>PRODUTO NOVO<\/strong><\/span><\/p>\n<p><strong><span style=\"color: #00ccff\">GARANTIA:<\/span>\u00a0<\/strong>\u00a090 dias ap\u00f3s o recebimento do produto. Todas as garantias s\u00e3o dadas pelos fabricantes, e variam de produto para produto. Para devolu\u00e7\u00f5es, os produtos dever\u00e3o ser remetidos em suas embalagens originais e caso for constatado mal uso, o custo ser\u00e1 por parte do comprador.<\/p>\n","protected":false},"excerpt":{"rendered":"<p><strong><span style=\"color: #00ccff\">C\u00d3DIGO:<span style=\"color: #3366ff\"> 30307<\/span><\/span><\/strong><\/p>\n<p><strong><span style=\"color: #00ccff\">CATEGORIA: <span style=\"color: #3366ff\">Rolamentos<\/span><\/span><\/strong><\/p>\n<p><strong><span style=\"color: #00ccff\">MARCA:<span style=\"color: #3366ff\"> ZTL<\/span><\/span><\/strong><\/p>\n","protected":false},"featured_media":525,"comment_status":"open","ping_status":"closed","template":"","meta":{"_joinchat":[]},"product_brand":[],"product_cat":[37,160],"product_tag":[205,206,150,45],"class_list":{"0":"post-524","1":"product","2":"type-product","3":"status-publish","4":"has-post-thumbnail","6":"product_cat-rolamento","7":"product_cat-utilitarios-conicos","8":"product_tag-205","9":"product_tag-bandeirante","10":"product_tag-rolamento","11":"product_tag-toyota","13":"first","14":"instock","15":"taxable","16":"shipping-taxable","17":"purchasable","18":"product-type-simple"},"_links":{"self":[{"href":"https:\/\/ztlrolamentos.com.br\/loja\/wp-json\/wp\/v2\/product\/524","targetHints":{"allow":["GET"]}}],"collection":[{"href":"https:\/\/ztlrolamentos.com.br\/loja\/wp-json\/wp\/v2\/product"}],"about":[{"href":"https:\/\/ztlrolamentos.com.br\/loja\/wp-json\/wp\/v2\/types\/product"}],"replies":[{"embeddable":true,"href":"https:\/\/ztlrolamentos.com.br\/loja\/wp-json\/wp\/v2\/comments?post=524"}],"wp:featuredmedia":[{"embeddable":true,"href":"https:\/\/ztlrolamentos.com.br\/loja\/wp-json\/wp\/v2\/media\/525"}],"wp:attachment":[{"href":"https:\/\/ztlrolamentos.com.br\/loja\/wp-json\/wp\/v2\/media?parent=524"}],"wp:term":[{"taxonomy":"product_brand","embeddable":true,"href":"https:\/\/ztlrolamentos.com.br\/loja\/wp-json\/wp\/v2\/product_brand?post=524"},{"taxonomy":"product_cat","embeddable":true,"href":"https:\/\/ztlrolamentos.com.br\/loja\/wp-json\/wp\/v2\/product_cat?post=524"},{"taxonomy":"product_tag","embeddable":true,"href":"https:\/\/ztlrolamentos.com.br\/loja\/wp-json\/wp\/v2\/product_tag?post=524"}],"curies":[{"name":"wp","href":"https:\/\/api.w.org\/{rel}","templated":true}]}}