{"id":517,"date":"2023-02-28T08:05:56","date_gmt":"2023-02-28T11:05:56","guid":{"rendered":"https:\/\/www.lpicomercial.com.br\/?post_type=product&#038;p=517"},"modified":"2023-02-28T08:05:27","modified_gmt":"2023-02-28T11:05:27","slug":"rolamento-25590-523-do-diferencial-pinhao-traseiro-ford-ranger-gm-blazer","status":"publish","type":"product","link":"https:\/\/ztlrolamentos.com.br\/loja\/produto\/rolamento-25590-523-do-diferencial-pinhao-traseiro-ford-ranger-gm-blazer\/","title":{"rendered":"ROLAMENTO 25590\/523 DO DIFERENCIAL &#8211; PINH\u00c3O TRASEIRO FORD RANGER &#8211; GM BLAZER"},"content":{"rendered":"<p>LPI. PRODUTOS DE QUALIDADE PARA SEU VE\u00cdCULO. LINHA LEVE, PESADA E VANS.<\/p>\n<p><span style=\"color: #00ccff\"><strong>APLICA\u00c7\u00c3O:<\/strong><\/span><\/p>\n<p style=\"text-align: right\"><span style=\"color: #00ccff\"><strong>ANO\u00a0 \u00a0 \u00a0 \u00a0 \u00a0 \u00a0 \u00a0 \u00a0 \u00a0 \u00a0 \u00a0 \u00a0 \u00a0 \u00a0 \u00a0 \u00a0 \u00a0 \u00a0 \u00a0 \u00a0 \u00a0 \u00a0 \u00a0 \u00a0 \u00a0 \u00a0 \u00a0 &#8211;\u00a0 \u00a0 \u00a0 \u00a0 \u00a0 \u00a0 COMBUST\u00cdVEL<\/strong><\/span><\/p>\n<table class=\"table-aplicacao\">\n<tbody>\n<tr>\n<td class=\"tbaplicacao\" align=\"left\">Ford<\/td>\n<td class=\"tbaplicacao\" align=\"left\">F1000 4X2<\/td>\n<td class=\"tbaplicacao\" align=\"left\">1990 &gt;<\/td>\n<td class=\"tbaplicacao\" align=\"center\">Todos<\/td>\n<\/tr>\n<tr>\n<td class=\"tbaplicacao\" align=\"left\">Ford<\/td>\n<td class=\"tbaplicacao\" align=\"left\">F1000 4X4<\/td>\n<td class=\"tbaplicacao\" align=\"left\">1993 &gt;<\/td>\n<td class=\"tbaplicacao\" align=\"center\">Todos<\/td>\n<\/tr>\n<tr>\n<td class=\"tbaplicacao\" align=\"left\">Ford<\/td>\n<td class=\"tbaplicacao\" align=\"left\">Maverick<\/td>\n<td class=\"tbaplicacao\" align=\"left\">2002 &gt;<\/td>\n<td class=\"tbaplicacao\" align=\"center\">Todos<\/td>\n<\/tr>\n<tr>\n<td class=\"tbaplicacao\" align=\"left\">Ford<\/td>\n<td class=\"tbaplicacao\" align=\"left\">Ranger<\/td>\n<td class=\"tbaplicacao\" align=\"left\">Todos<\/td>\n<td class=\"tbaplicacao\" align=\"center\">Todos<\/td>\n<\/tr>\n<tr>\n<td class=\"tbaplicacao\" align=\"left\">GM<\/td>\n<td class=\"tbaplicacao\" align=\"left\">A20<\/td>\n<td class=\"tbaplicacao\" align=\"left\">1988 &gt; 1990<\/td>\n<td class=\"tbaplicacao\" align=\"center\">Todos<\/td>\n<\/tr>\n<tr>\n<td class=\"tbaplicacao\" align=\"left\">GM<\/td>\n<td class=\"tbaplicacao\" align=\"left\">Blazer<\/td>\n<td class=\"tbaplicacao\" align=\"left\">1988 &gt; 1990<\/td>\n<td class=\"tbaplicacao\" align=\"center\">Todos<\/td>\n<\/tr>\n<tr>\n<td class=\"tbaplicacao\" align=\"left\">GM<\/td>\n<td class=\"tbaplicacao\" align=\"left\">Bonanza<\/td>\n<td class=\"tbaplicacao\" align=\"left\">1988 &gt; 1990<\/td>\n<td class=\"tbaplicacao\" align=\"center\">Todos<\/td>\n<\/tr>\n<tr>\n<td class=\"tbaplicacao\" align=\"left\">GM<\/td>\n<td class=\"tbaplicacao\" align=\"left\">C20<\/td>\n<td class=\"tbaplicacao\" align=\"left\">1988 &gt; 1990<\/td>\n<td class=\"tbaplicacao\" align=\"center\">Todos<\/td>\n<\/tr>\n<tr>\n<td class=\"tbaplicacao\" align=\"left\">GM<\/td>\n<td class=\"tbaplicacao\" align=\"left\">D20<\/td>\n<td class=\"tbaplicacao\" align=\"left\">Todos<\/td>\n<td class=\"tbaplicacao\" align=\"center\">Todos<\/td>\n<\/tr>\n<tr>\n<td class=\"tbaplicacao\" align=\"left\">GM<\/td>\n<td class=\"tbaplicacao\" align=\"left\">S10<\/td>\n<td class=\"tbaplicacao\" align=\"left\">Todos<\/td>\n<td class=\"tbaplicacao\" align=\"center\">Todos<\/td>\n<\/tr>\n<tr>\n<td class=\"tbaplicacao\" align=\"left\">GM<\/td>\n<td class=\"tbaplicacao\" align=\"left\">Silverado<\/td>\n<td class=\"tbaplicacao\" align=\"left\">Todos<\/td>\n<td class=\"tbaplicacao\" align=\"center\">Todos<\/td>\n<\/tr>\n<\/tbody>\n<\/table>\n<p><strong><span style=\"color: #00ccff\">Interno: 45,618 mm \u00a0 Externo: 82,931 mm \u00a0 Altura: 26,988 mm<\/span><\/strong><\/p>\n<p><strong><span style=\"color: #00ccff\">MARCA:<\/span> <\/strong>ZTL: 25590\/523<\/p>\n<p><span style=\"color: #00ccff\"><strong>PRODUTO NOVO<\/strong><\/span><\/p>\n<p><span style=\"color: #00ccff\"><strong>INSTALA\u00c7\u00c3O DO PRODUTO:<\/strong><\/span>\u00a0Deve ser aplicado, por profissional qualificado e com ferramentas adequadas, visando garantir todo o processo de funcionabilidade do produto e consequentemente sua garantia.<\/p>\n<p><span style=\"color: #00ccff\"><strong>GARANTIA:<\/strong><\/span>\u00a090 dias ap\u00f3s o recebimento do produto. Todas as garantias s\u00e3o dadas pelos fabricantes, e variam de produto para produto. Para devolu\u00e7\u00f5es, os produtos dever\u00e3o ser remetidos em suas embalagens originais e caso for constatado mau uso, o custo ser\u00e1 por parte do comprador.<\/p>\n","protected":false},"excerpt":{"rendered":"<p><span style=\"color: #3366ff\"><strong><span style=\"color: #00ccff\">C\u00d3DIGO:<\/span> 25590\/523<\/strong><\/span><\/p>\n<p><span style=\"color: #3366ff\"><strong><span style=\"color: #00ccff\">CATEGORIA:<\/span> Rolamento<\/strong><\/span><\/p>\n<p><span style=\"color: #3366ff\"><strong><span style=\"color: #00ccff\">MARCA:<\/span> ZTL<\/strong><\/span><\/p>\n","protected":false},"featured_media":518,"comment_status":"open","ping_status":"closed","template":"","meta":{"_joinchat":[]},"product_brand":[],"product_cat":[148,37],"product_tag":[186,199,120,201,49,61,200,69,168],"class_list":{"0":"post-517","1":"product","2":"type-product","3":"status-publish","4":"has-post-thumbnail","6":"product_cat-linha-pesada-conicos","7":"product_cat-rolamento","8":"product_tag-186","9":"product_tag-25590-523","10":"product_tag-blazer","11":"product_tag-bonanza","12":"product_tag-ford","13":"product_tag-gm","14":"product_tag-maverick","15":"product_tag-ranger","16":"product_tag-s10","18":"first","19":"instock","20":"taxable","21":"shipping-taxable","22":"purchasable","23":"product-type-simple"},"_links":{"self":[{"href":"https:\/\/ztlrolamentos.com.br\/loja\/wp-json\/wp\/v2\/product\/517","targetHints":{"allow":["GET"]}}],"collection":[{"href":"https:\/\/ztlrolamentos.com.br\/loja\/wp-json\/wp\/v2\/product"}],"about":[{"href":"https:\/\/ztlrolamentos.com.br\/loja\/wp-json\/wp\/v2\/types\/product"}],"replies":[{"embeddable":true,"href":"https:\/\/ztlrolamentos.com.br\/loja\/wp-json\/wp\/v2\/comments?post=517"}],"wp:featuredmedia":[{"embeddable":true,"href":"https:\/\/ztlrolamentos.com.br\/loja\/wp-json\/wp\/v2\/media\/518"}],"wp:attachment":[{"href":"https:\/\/ztlrolamentos.com.br\/loja\/wp-json\/wp\/v2\/media?parent=517"}],"wp:term":[{"taxonomy":"product_brand","embeddable":true,"href":"https:\/\/ztlrolamentos.com.br\/loja\/wp-json\/wp\/v2\/product_brand?post=517"},{"taxonomy":"product_cat","embeddable":true,"href":"https:\/\/ztlrolamentos.com.br\/loja\/wp-json\/wp\/v2\/product_cat?post=517"},{"taxonomy":"product_tag","embeddable":true,"href":"https:\/\/ztlrolamentos.com.br\/loja\/wp-json\/wp\/v2\/product_tag?post=517"}],"curies":[{"name":"wp","href":"https:\/\/api.w.org\/{rel}","templated":true}]}}