{"id":501,"date":"2023-02-28T07:57:33","date_gmt":"2023-02-28T10:57:33","guid":{"rendered":"https:\/\/www.lpicomercial.com.br\/?post_type=product&#038;p=501"},"modified":"2023-02-28T07:57:56","modified_gmt":"2023-02-28T10:57:56","slug":"102949-rolamento-roda-d-t-int-ext-hyundai-h100-e-porter","status":"publish","type":"product","link":"https:\/\/ztlrolamentos.com.br\/loja\/produto\/102949-rolamento-roda-d-t-int-ext-hyundai-h100-e-porter\/","title":{"rendered":"102949 &#8211; Rolamento roda D\/T INT\/EXT | Hyundai: H100 e Porter"},"content":{"rendered":"<p>LPI.PRODUTOS DE QUALIDADE PARA SEU VE\u00cdCULO. LINHA LEVE,PESADA E VANS.<\/p>\n<p><span style=\"color: #00ccff\"><strong>APLICA\u00c7\u00c3O:<\/strong><\/span><\/p>\n<p><strong><span style=\"color: #00ccff\">Rolamento roda D\/T INT\/EXT | Hyundai: H100 e Porter &#8211; antigo &#8211; INT\/EXT. Hyundai HR &#8211; semi-eixo T. KIA: Sportage 2.0\/2.2 D EXT. Mitsubishi: L200 2.5 4X4 Diesel D INT\/EXT. L300 2.5 D INT\/EXT. Pajero 2.5\/2.8\/3.0\/3.5 D INT\/EXT. Toyota: Bandeirante 83&gt; D\/T INT. Hilux 2.8Diesel 3.0Gasolina 4X4 Freio a disco D INT.<\/span><\/strong><\/p>\n<p style=\"text-align: right\"><span style=\"color: #00ccff\"><strong>ANO\u00a0 \u00a0 \u00a0 \u00a0 \u00a0 \u00a0 \u00a0 \u00a0 \u00a0 \u00a0 \u00a0 \u00a0 \u00a0 \u00a0 \u00a0 \u00a0 \u00a0 \u00a0 \u00a0 \u00a0 \u00a0 \u00a0 \u00a0 \u00a0 \u00a0 \u00a0 \u00a0&#8211;\u00a0 \u00a0 \u00a0 \u00a0 \u00a0 \u00a0 COMBUST\u00cdVEL<\/strong><\/span><\/p>\n<table class=\"table-aplicacao\">\n<tbody>\n<tr>\n<td class=\"tbaplicacao\" align=\"left\">Hyundai<\/td>\n<td class=\"tbaplicacao\" align=\"left\">HR<\/td>\n<td class=\"tbaplicacao\" align=\"left\">Todos<\/td>\n<td class=\"tbaplicacao\" align=\"center\">Todos<\/td>\n<\/tr>\n<\/tbody>\n<\/table>\n<p>&nbsp;<\/p>\n<p><span style=\"color: #00ccff\"><strong>Interno: 45,242 mm \u00a0 Externo: 73,431 mm \u00a0 Altura: 19,558 mm<\/strong><\/span><\/p>\n<p><span style=\"color: #00ccff\"><strong>MARCA:<\/strong> <\/span>ZTL \u2013 102949<\/p>\n<p><span style=\"color: #00ccff\"><strong>PRODUTO NOVO<\/strong><\/span><\/p>\n<p><strong><span style=\"color: #00ccff\">GARANTIA:<\/span>\u00a0<\/strong>\u00a090 dias ap\u00f3s o recebimento do produto. Todas as garantias s\u00e3o dadas pelos fabricantes, e variam de produto para produto. Para devolu\u00e7\u00f5es, os produtos dever\u00e3o ser remetidos em suas embalagens originais e caso for constatado mal uso, o custo ser\u00e1 por parte do comprador.<\/p>\n","protected":false},"excerpt":{"rendered":"<p><span style=\"color: #3366ff\"><strong><span style=\"color: #00ccff\">C\u00d3DIGO:<\/span> 102949<\/strong><\/span><\/p>\n<p><span style=\"color: #3366ff\"><strong><span style=\"color: #00ccff\">CATEGORIA:<\/span> Rolamento<\/strong><\/span><\/p>\n<p><span style=\"color: #3366ff\"><strong><span style=\"color: #00ccff\">MARCA:<\/span> ZTL<\/strong><\/span><\/p>\n","protected":false},"featured_media":502,"comment_status":"open","ping_status":"closed","template":"","meta":{"_joinchat":[]},"product_brand":[],"product_cat":[37,160],"product_tag":[161,163,63,52,164,150,162],"class_list":{"0":"post-501","1":"product","2":"type-product","3":"status-publish","4":"has-post-thumbnail","6":"product_cat-rolamento","7":"product_cat-utilitarios-conicos","8":"product_tag-161","9":"product_tag-hilux","10":"product_tag-hyundai","11":"product_tag-mitsubishi","12":"product_tag-pajero","13":"product_tag-rolamento","14":"product_tag-toyta","16":"first","17":"instock","18":"taxable","19":"shipping-taxable","20":"purchasable","21":"product-type-simple"},"_links":{"self":[{"href":"https:\/\/ztlrolamentos.com.br\/loja\/wp-json\/wp\/v2\/product\/501","targetHints":{"allow":["GET"]}}],"collection":[{"href":"https:\/\/ztlrolamentos.com.br\/loja\/wp-json\/wp\/v2\/product"}],"about":[{"href":"https:\/\/ztlrolamentos.com.br\/loja\/wp-json\/wp\/v2\/types\/product"}],"replies":[{"embeddable":true,"href":"https:\/\/ztlrolamentos.com.br\/loja\/wp-json\/wp\/v2\/comments?post=501"}],"wp:featuredmedia":[{"embeddable":true,"href":"https:\/\/ztlrolamentos.com.br\/loja\/wp-json\/wp\/v2\/media\/502"}],"wp:attachment":[{"href":"https:\/\/ztlrolamentos.com.br\/loja\/wp-json\/wp\/v2\/media?parent=501"}],"wp:term":[{"taxonomy":"product_brand","embeddable":true,"href":"https:\/\/ztlrolamentos.com.br\/loja\/wp-json\/wp\/v2\/product_brand?post=501"},{"taxonomy":"product_cat","embeddable":true,"href":"https:\/\/ztlrolamentos.com.br\/loja\/wp-json\/wp\/v2\/product_cat?post=501"},{"taxonomy":"product_tag","embeddable":true,"href":"https:\/\/ztlrolamentos.com.br\/loja\/wp-json\/wp\/v2\/product_tag?post=501"}],"curies":[{"name":"wp","href":"https:\/\/api.w.org\/{rel}","templated":true}]}}