{"id":479,"date":"2020-07-16T11:04:38","date_gmt":"2020-07-16T14:04:38","guid":{"rendered":"https:\/\/www.lpicomercial.com.br\/?post_type=product&#038;p=479"},"modified":"2020-12-01T14:09:20","modified_gmt":"2020-12-01T17:09:20","slug":"cubo-de-roda-vw-cross-fox-fox-polo-novo-ano-todos-combustivel","status":"publish","type":"product","link":"https:\/\/ztlrolamentos.com.br\/loja\/produto\/cubo-de-roda-vw-cross-fox-fox-polo-novo-ano-todos-combustivel\/","title":{"rendered":"CUBO DE RODA &#8211; VW &#8211; CROSS FOX &#8211; FOX &#8211; POLO NOVO &#8211; ANO: TODOS &#8211; COMBUST\u00cdVEL"},"content":{"rendered":"<p>LPI.PRODUTOS DE QUALIDADE PARA SEU VE\u00cdCULO. LINHA LEVE,PESADA E VANS.<\/p>\n<p><span style=\"color: #00ccff\"><strong>APLICA\u00c7\u00c3O:<\/strong><\/span><\/p>\n<p>VW &#8211; CROSS FOX &#8211; ANO:TODOS &#8211; COMBUST\u00cdVEL: TODOS<\/p>\n<p>VW &#8211; FOX &#8211; ANO:TODOS &#8211; COMBUST\u00cdVEL: TODOS<\/p>\n<p>VW &#8211; POLO NOVO &#8211; ANO: TODOS &#8211; COMBUST\u00cdVEL TODOS<\/p>\n<p><span style=\"color: #00ccff\"><strong>Eixo rolamento: 28,00 \u00a0 Altura: 61,50 \u00a0 Externo: 120,00 \u00a0 Gera\u00e7\u00e3o: 1\u00aa \u00a0 Contru\u00e7\u00e3o: Roletes \u00a0 Alt\/Conj\/Rolante: 39,00 \u00a0 Tipo ABS: Sem ABS \u00a0 Qt furos: 5 \u00a0 Torque: 22,0 kgf \u00a0<\/strong><\/span><\/p>\n<p><span style=\"color: #00ccff\"><strong>MARCA:<\/strong><\/span> ZTL \u2013 CR101<\/p>\n<p><span style=\"color: #00ccff\"><strong>PRODUTO NOVO<\/strong><\/span><\/p>\n<p><strong><span style=\"color: #00ccff\">GARANTIA:<\/span>\u00a0<\/strong>\u00a090 dias ap\u00f3s o recebimento do produto. Todas as garantias s\u00e3o dadas pelos fabricantes, e variam de produto para produto. Para devolu\u00e7\u00f5es, os produtos dever\u00e3o ser remetidos em suas embalagens originais e caso for constatado mal uso, o custo ser\u00e1 por parte do comprador.<\/p>\n","protected":false},"excerpt":{"rendered":"<p><span style=\"color: #3366ff\"><strong><span style=\"color: #00ccff\">C\u00d3DIGO:<\/span> CR101<\/strong><\/span><\/p>\n<p><span style=\"color: #3366ff\"><strong><span style=\"color: #00ccff\">CATEGORIA:<\/span> Cubo de Roda<\/strong><\/span><\/p>\n<p><span style=\"color: #3366ff\"><strong><span style=\"color: #00ccff\">MARCA:<\/span> ZTL<\/strong><\/span><\/p>\n","protected":false},"featured_media":480,"comment_status":"open","ping_status":"closed","template":"","meta":{"_joinchat":[]},"product_brand":[],"product_cat":[40],"product_tag":[144,146,42,145,147],"class_list":{"0":"post-479","1":"product","2":"type-product","3":"status-publish","4":"has-post-thumbnail","6":"product_cat-cubo-de-roda","7":"product_tag-cr101","8":"product_tag-cross-fox","9":"product_tag-cubo-de-roda","10":"product_tag-fox","11":"product_tag-polo-novo","13":"first","14":"instock","15":"taxable","16":"shipping-taxable","17":"purchasable","18":"product-type-simple"},"_links":{"self":[{"href":"https:\/\/ztlrolamentos.com.br\/loja\/wp-json\/wp\/v2\/product\/479","targetHints":{"allow":["GET"]}}],"collection":[{"href":"https:\/\/ztlrolamentos.com.br\/loja\/wp-json\/wp\/v2\/product"}],"about":[{"href":"https:\/\/ztlrolamentos.com.br\/loja\/wp-json\/wp\/v2\/types\/product"}],"replies":[{"embeddable":true,"href":"https:\/\/ztlrolamentos.com.br\/loja\/wp-json\/wp\/v2\/comments?post=479"}],"wp:featuredmedia":[{"embeddable":true,"href":"https:\/\/ztlrolamentos.com.br\/loja\/wp-json\/wp\/v2\/media\/480"}],"wp:attachment":[{"href":"https:\/\/ztlrolamentos.com.br\/loja\/wp-json\/wp\/v2\/media?parent=479"}],"wp:term":[{"taxonomy":"product_brand","embeddable":true,"href":"https:\/\/ztlrolamentos.com.br\/loja\/wp-json\/wp\/v2\/product_brand?post=479"},{"taxonomy":"product_cat","embeddable":true,"href":"https:\/\/ztlrolamentos.com.br\/loja\/wp-json\/wp\/v2\/product_cat?post=479"},{"taxonomy":"product_tag","embeddable":true,"href":"https:\/\/ztlrolamentos.com.br\/loja\/wp-json\/wp\/v2\/product_tag?post=479"}],"curies":[{"name":"wp","href":"https:\/\/api.w.org\/{rel}","templated":true}]}}