{"id":473,"date":"2020-07-16T10:51:33","date_gmt":"2020-07-16T13:51:33","guid":{"rendered":"https:\/\/www.lpicomercial.com.br\/?post_type=product&#038;p=473"},"modified":"2020-07-16T10:53:05","modified_gmt":"2020-07-16T13:53:05","slug":"homocinetica-volkswagen-jetta-variant-passat-2-0-8v","status":"publish","type":"product","link":"https:\/\/ztlrolamentos.com.br\/loja\/produto\/homocinetica-volkswagen-jetta-variant-passat-2-0-8v\/","title":{"rendered":"HOMOCIN\u00c9TICA \u2013 VOLKSWAGEN JETTA \/ VARIANT \/ PASSAT 2.0 8V"},"content":{"rendered":"<p>LPI. PRODUTOS DE QUALIDADE PARA SEU VE\u00cdCULO. LINHA LEVE, PESADA E VANS.<\/p>\n<p><strong><span style=\"color: #00ccff\">APLICA\u00c7\u00c3O: VOLKSWAGEN:<\/span><\/strong><\/p>\n<p>Jetta 2.0 8V ANO:TODOS<br \/>\nVariant 2.0 8V ANO:2011\/\u2026<br \/>\nPassat 2.0 8v ANO:2006\/\u2026<\/p>\n<p><span style=\"color: #00ccff\"><strong>**EXCETO TSI**<\/strong><\/span><\/p>\n<p><span style=\"color: #00ccff\"><strong>**36 ESTRIAS EXTERNAS**<\/strong><\/span><br \/>\n<span style=\"color: #00ccff\"><strong>**30 ESTRIAS INTERNAS**<\/strong><\/span><\/p>\n<p><span style=\"color: #00ccff\"><strong>**DI\u00c2METRO DO ENCOSTO MENOR : 59,9mm**<\/strong><\/span><\/p>\n<p><span style=\"color: #00ccff\"><strong>**N\u00c3O ACOMPANHA PARAFUSO**<\/strong><\/span><\/p>\n<p><span style=\"color: #00ccff\"><strong>C\u00d3DIGO ORIGINAL: 1K0407311R \/ 1K0498099C \/ 3C0498099<\/strong><\/span><\/p>\n<p><span style=\"color: #00ccff\"><strong>REFER\u00caNCIA:<\/strong><\/span><br \/>\n<span style=\"color: #00ccff\"><strong>ORIGINAL KIT \u2013 0H218H<\/strong><\/span><br \/>\n<span style=\"color: #00ccff\"><strong>VETOR \u2013 VT5139<\/strong><\/span><br \/>\n<span style=\"color: #00ccff\"><strong>AUTOTEC \u2013 27656<\/strong><\/span><br \/>\n<span style=\"color: #00ccff\"><strong>PERFECT \u2013 KJH0834<\/strong><\/span><\/p>\n<p><span style=\"color: #00ccff\"><strong>MARCA:<\/strong> <\/span>ZTL \u2013 ZH24<\/p>\n<p><strong><span style=\"color: #00ccff\">PRODUTO NOVO-<\/span><\/strong><\/p>\n<p>I<span style=\"color: #00ccff\"><strong>NSTALA\u00c7\u00c3O DO PRODUTO:<\/strong><\/span> Deve ser aplicado, por profissional qualificado e com ferramentas adequadas, visando garantir todo o processo de funcionabilidade do produto e consequentemente sua garantia.<\/p>\n<p><span style=\"color: #00ccff\"><strong>GARANTIA:<\/strong><\/span> 90 dias ap\u00f3s o recebimento do produto. Todas as garantias s\u00e3o dadas pelos fabricantes, e variam de produto para produto. Para devolu\u00e7\u00f5es, os produtos dever\u00e3o ser remetidos em suas embalagens originais e caso for constatado mal uso, o custo ser\u00e1 por parte do comprador.<\/p>\n","protected":false},"excerpt":{"rendered":"<p><strong><span style=\"color: #00ccff\">C\u00d3DIGO:<\/span> <span style=\"color: #3366ff\">ZH24<\/span><\/strong><\/p>\n<p><strong><span style=\"color: #00ccff\">CATEGORIA:<\/span> <span style=\"color: #3366ff\">Homocin\u00e9tica<\/span><\/strong><\/p>\n<p><strong><span style=\"color: #00ccff\">MARCA:<\/span> <span style=\"color: #3366ff\">ZTL<\/span><\/strong><\/p>\n","protected":false},"featured_media":474,"comment_status":"open","ping_status":"closed","template":"","meta":{"_joinchat":[]},"product_brand":[],"product_cat":[139],"product_tag":[140,141,143,142,136],"class_list":{"0":"post-473","1":"product","2":"type-product","3":"status-publish","4":"has-post-thumbnail","6":"product_cat-homocinetica","7":"product_tag-homocinetica","8":"product_tag-jetta","9":"product_tag-passat","10":"product_tag-variant","11":"product_tag-vw","13":"first","14":"instock","15":"taxable","16":"shipping-taxable","17":"purchasable","18":"product-type-simple"},"_links":{"self":[{"href":"https:\/\/ztlrolamentos.com.br\/loja\/wp-json\/wp\/v2\/product\/473","targetHints":{"allow":["GET"]}}],"collection":[{"href":"https:\/\/ztlrolamentos.com.br\/loja\/wp-json\/wp\/v2\/product"}],"about":[{"href":"https:\/\/ztlrolamentos.com.br\/loja\/wp-json\/wp\/v2\/types\/product"}],"replies":[{"embeddable":true,"href":"https:\/\/ztlrolamentos.com.br\/loja\/wp-json\/wp\/v2\/comments?post=473"}],"wp:featuredmedia":[{"embeddable":true,"href":"https:\/\/ztlrolamentos.com.br\/loja\/wp-json\/wp\/v2\/media\/474"}],"wp:attachment":[{"href":"https:\/\/ztlrolamentos.com.br\/loja\/wp-json\/wp\/v2\/media?parent=473"}],"wp:term":[{"taxonomy":"product_brand","embeddable":true,"href":"https:\/\/ztlrolamentos.com.br\/loja\/wp-json\/wp\/v2\/product_brand?post=473"},{"taxonomy":"product_cat","embeddable":true,"href":"https:\/\/ztlrolamentos.com.br\/loja\/wp-json\/wp\/v2\/product_cat?post=473"},{"taxonomy":"product_tag","embeddable":true,"href":"https:\/\/ztlrolamentos.com.br\/loja\/wp-json\/wp\/v2\/product_tag?post=473"}],"curies":[{"name":"wp","href":"https:\/\/api.w.org\/{rel}","templated":true}]}}