{"id":465,"date":"2020-07-15T17:40:51","date_gmt":"2020-07-15T20:40:51","guid":{"rendered":"https:\/\/www.lpicomercial.com.br\/?post_type=product&#038;p=465"},"modified":"2020-07-15T17:41:31","modified_gmt":"2020-07-15T20:41:31","slug":"cubo-de-roda-audi-a3-a4-s3-tt-vw-bora-polo-golf-new-beetle","status":"publish","type":"product","link":"https:\/\/ztlrolamentos.com.br\/loja\/produto\/cubo-de-roda-audi-a3-a4-s3-tt-vw-bora-polo-golf-new-beetle\/","title":{"rendered":"CUBO DE RODA AUDI A3\/A4\/S3\/TT \/ VW BORA\/POLO\/GOLF\/NEW BEETLE"},"content":{"rendered":"<p>LPI. PRODUTOS DE QUALIDADE PARA SEU VE\u00cdCULO. LINHA LEVE, PESADA E VANS.<\/p>\n<p><span style=\"color: #00ccff\"><strong>APLICA\u00c7\u00c3O:<\/strong><\/span><\/p>\n<p>AUDI: A4 1.8\/2.0\/2.4 ANO: 99\/02<br \/>\nAUDI: A3 1.6i ANO: 96\/07<br \/>\nAUDI: A3 1.8 20V ANO: 96\/07<br \/>\nAUDI: A3 1.8i 20V TURBO ANO: 96\/07<br \/>\nAUDI: A31.9 TDI ANO: 96\/01<br \/>\nAUDI: S3 1.8\/2.0 ANO: 99\/\u2026<br \/>\nAUDI: TT 1.8 ANO: 99\/06<\/p>\n<p>VOLKSWAGEN: BORA 1.4\/1.6 16V ANO: 2000\/05<br \/>\nVOLKSWAGEN: BORA 2.0 ANO: 98\/15<br \/>\nVOLKSWAGEN: BORA 2.3 V5 ANO: 98\/2000<br \/>\nVOLKSWAGEN: GOLF (IV) 1.4 16V ANO: 97\/05<br \/>\nVOLKSWAGEN: GOLF (IV) 1.6 16V ANO: 2000\/05<br \/>\nVOLKSWAGEN: GOLF (IV) 2.3 V5 ANO: 97\/00<br \/>\nVOLKSWAGEN: GOLF 1.8i 20V ANO: 99\/\u2026<br \/>\nVOLKSWAGEN: GOLF 2.3 V5 GIV ANO: 97\/00<br \/>\nVOLKSWAGEN: NEW BEETLE 2.0 ANO: 98\/\u2026<br \/>\nVOLKSWAGEN: POLO 2.0 8V 02\/\u2026<\/p>\n<p><span style=\"color: #00ccff\"><strong>REFER\u00caNCIA: ALB70-463 (ALBARUS) \/ C11A846 (ASH) \/ CRC01005 (COFAP) \/ FWB0013 (FREMAX) \/ HFCT81 (HIPPER) \/ 18683 (IRB) \/ CT35A (MDS) \/ NKF8069 (NAKATA) \/ VKBA 3456 (SKF) \/ C11A846 (TAS) \/ B4104B (VETOR) \/ 28040407 (VOBER) \/ AL846 (IMA)<\/strong><\/span><\/p>\n<p><span style=\"color: #00ccff\"><strong>C\u00d3D ORIGINAL: 1J0.501.477.A \/ 1J0.501.611.D \/ 1J0.598.477<\/strong><\/span><\/p>\n<p><span style=\"color: #00ccff\"><strong>MARCA: ZTL:<\/strong><\/span> CR17<\/p>\n<p><strong><span style=\"color: #00ccff\">PRODUTO NOVO<\/span><\/strong><\/p>\n<p><strong><span style=\"color: #00ccff\">INSTALA\u00c7\u00c3O DO PRODUTO:<\/span><\/strong> Deve ser aplicado, por profissional qualificado e com ferramentas adequadas, visando garantir todo o processo de funcionabilidade do produto e consequentemente sua garantia.<\/p>\n<p><strong><span style=\"color: #00ccff\">GARANTIA:<\/span><\/strong> 90 dias ap\u00f3s o recebimento do produto. Todas as garantias s\u00e3o dadas pelos fabricantes, e variam de produto para produto. Para devolu\u00e7\u00f5es, os produtos dever\u00e3o ser remetidos em suas embalagens originais e caso for constatado mau uso, o custo ser\u00e1 por parte do comprador.<\/p>\n","protected":false},"excerpt":{"rendered":"<p><strong><span style=\"color: #00ccff\">C\u00d3DIGO:<\/span> <span style=\"color: #3366ff\">CR17<\/span><\/strong><\/p>\n<p><strong><span style=\"color: #00ccff\">CATEGORIA:<\/span> <span style=\"color: #3366ff\">Cubo de Roda<\/span><\/strong><\/p>\n<p><strong><span style=\"color: #00ccff\">MARCA:<\/span> <span style=\"color: #3366ff\">ZTL<\/span><\/strong><\/p>\n","protected":false},"featured_media":466,"comment_status":"open","ping_status":"closed","template":"","meta":{"_joinchat":[]},"product_brand":[],"product_cat":[40],"product_tag":[131,54,130,133,135,134,132,136],"class_list":{"0":"post-465","1":"product","2":"type-product","3":"status-publish","4":"has-post-thumbnail","6":"product_cat-cubo-de-roda","7":"product_tag-a4","8":"product_tag-audi","9":"product_tag-cr17","10":"product_tag-golf","11":"product_tag-new-beetle","12":"product_tag-polo","13":"product_tag-tt","14":"product_tag-vw","16":"first","17":"instock","18":"taxable","19":"shipping-taxable","20":"purchasable","21":"product-type-simple"},"_links":{"self":[{"href":"https:\/\/ztlrolamentos.com.br\/loja\/wp-json\/wp\/v2\/product\/465","targetHints":{"allow":["GET"]}}],"collection":[{"href":"https:\/\/ztlrolamentos.com.br\/loja\/wp-json\/wp\/v2\/product"}],"about":[{"href":"https:\/\/ztlrolamentos.com.br\/loja\/wp-json\/wp\/v2\/types\/product"}],"replies":[{"embeddable":true,"href":"https:\/\/ztlrolamentos.com.br\/loja\/wp-json\/wp\/v2\/comments?post=465"}],"wp:featuredmedia":[{"embeddable":true,"href":"https:\/\/ztlrolamentos.com.br\/loja\/wp-json\/wp\/v2\/media\/466"}],"wp:attachment":[{"href":"https:\/\/ztlrolamentos.com.br\/loja\/wp-json\/wp\/v2\/media?parent=465"}],"wp:term":[{"taxonomy":"product_brand","embeddable":true,"href":"https:\/\/ztlrolamentos.com.br\/loja\/wp-json\/wp\/v2\/product_brand?post=465"},{"taxonomy":"product_cat","embeddable":true,"href":"https:\/\/ztlrolamentos.com.br\/loja\/wp-json\/wp\/v2\/product_cat?post=465"},{"taxonomy":"product_tag","embeddable":true,"href":"https:\/\/ztlrolamentos.com.br\/loja\/wp-json\/wp\/v2\/product_tag?post=465"}],"curies":[{"name":"wp","href":"https:\/\/api.w.org\/{rel}","templated":true}]}}