{"id":453,"date":"2020-07-15T17:16:48","date_gmt":"2020-07-15T20:16:48","guid":{"rendered":"https:\/\/www.lpicomercial.com.br\/?post_type=product&#038;p=453"},"modified":"2020-07-15T17:17:38","modified_gmt":"2020-07-15T20:17:38","slug":"cubo-de-roda-bmw-316-ano-todos-combustivel-todos-bm","status":"publish","type":"product","link":"https:\/\/ztlrolamentos.com.br\/loja\/produto\/cubo-de-roda-bmw-316-ano-todos-combustivel-todos-bm\/","title":{"rendered":"CUBO DE RODA- BMW \u2013 316 -ANO: TODOS \u2013 COMBUST\u00cdVEL: TODOS BM"},"content":{"rendered":"<div class=\"prod-tabs-wrap\">\n<div class=\"prod-tab-cont\">\n<div id=\"prod-tab-1\" class=\"prod-tab page-styling prod-tab-desc\">\n<p>LPI. PRODUTOS DE QUALIDADE PARA SEU VE\u00cdCULO. LINHA LEVE,PESADA E VANS.<\/p>\n<p><span style=\"color: #00ccff\"><b>APLICA\u00c7\u00c3O:<\/b><\/span><\/p>\n<p>BMW \u2013 316 -Ano: Todos \u2013 Combust\u00edvel: Todos<\/p>\n<p>BMW \u2013 318 \u2013 Ano: Todos \u2013 Combust\u00edvel: Todos<\/p>\n<p>BMW \u2013 320\u00a0-Ano: Todos \u2013 Combust\u00edvel: Todos<\/p>\n<p>BMW \u2013 323 \u2013 Ano:\u00a0Todos \u2013 Combust\u00edvel: Todos<\/p>\n<p>BMW \u2013 325\u00a0\u2013 Ano: Todos \u2013 Combust\u00edvel: Todos<\/p>\n<p>BMW- 328\u00a0\u2013 Ano: Todos \u2013 Combust\u00edvel: Todos<\/p>\n<p>BMW \u2013 518\u00a0\u2013 Ano: Todos \u2013 Combust\u00edvel: Todos<\/p>\n<p>BMW \u2013 520\u00a0\u2013 Ano: Todos \u2013 Combust\u00edvel: Todos<\/p>\n<p>BMW \u2013 525 \u2013 Ano: Todos \u2013 Combust\u00edvel: Todos<\/p>\n<p>BMW -535\u00a0\u2013 Ano: Todos \u2013 Combust\u00edvel: Todos<\/p>\n<p>BMW \u2013 540 \u2013 Ano:\u00a0&lt; 1998 \u2013 Combust\u00edvel: Todos<\/p>\n<p>BMW- 735\u00a0\u2013 Ano- Todos \u2013 Combust\u00edvel: Todos<\/p>\n<p>BMW- 840 \u2013 Ano:\u00a0Todos \u2013 Combust\u00edvel: Todos<\/p>\n<p>BMW \u2013 850\u00a0\u2013 Ano: Todos \u2013 Combust\u00edvel: Todos<\/p>\n<p>BMW \u2013 M3\u00a0\u2013 Ano: Todos \u2013 Combust\u00edvel: Todos<\/p>\n<p>BMW \u2013 Z3\u00a0\u2013 Ano: Todos \u2013 Combust\u00edvel: Todos<\/p>\n<p><span style=\"color: #00ccff\"><b>*Com Rolamento e ABS<\/b><\/span><\/p>\n<p><span style=\"color: #00ccff\"><strong>Eixo rolamento: 37,00 \u00a0 Altura: 64,00 \u00a0 Externo: 139,00 \u00a0 Gera\u00e7\u00e3o: 2\u00aa \u00a0 Contru\u00e7\u00e3o: Esfera \u00a0 Alt\/Conj\/Rolante: 45,00 \u00a0 Tipo ABS: Coroa \u00a0 Altura coroa ABS: 13,00 \u00a0 Dentes coroa ABS: 48 \u00a0 Qt furos: 5<\/strong><\/span><\/p>\n<p><span style=\"color: #00ccff\"><strong>CUBO DE RODA DIANTEIRO COM ROLAMENTO\u00a0<\/strong><\/span><\/p>\n<p><span style=\"color: #00ccff\"><b>N\u00daMERO ORIGINAL:\u00a0<\/b>\u2013<\/span><\/p>\n<p><b><span style=\"color: #00ccff\">REFER\u00caNCIA: SKF:<\/span> <\/b>BAFB447318V\/ BR930961\/ VKBA1458 \u2013 IMA: AL941<\/p>\n<p><b><span style=\"color: #00ccff\">MARCA:<\/span>\u00a0<\/b>ZTL \u2013 CR22<\/p>\n<p><span style=\"color: #00ccff\"><b>PRODUTO NOVO<\/b><\/span><\/p>\n<p><b><span style=\"color: #00ccff\">GARANTIA:<\/span>\u00a0\u00a0<\/b>90 dias ap\u00f3s o recebimento do produto. Todas as garantias s\u00e3o dadas pelos fabricantes, e variam de produto para produto. Para devolu\u00e7\u00f5es, os produtos dever\u00e3o ser remetidos em suas embalagens originais e caso for constatado mal uso, o custo ser\u00e1 por parte do comprador.<\/p>\n<\/div>\n<\/div>\n<\/div>\n","protected":false},"excerpt":{"rendered":"<p><strong><span style=\"color: #00ccff\">C\u00d3DIGO:<\/span> <span style=\"color: #3366ff\">CR22<\/span><\/strong><\/p>\n<p><strong><span style=\"color: #00ccff\">CATEGORIA:<\/span> <span style=\"color: #3366ff\">Cubo de Roda<\/span><\/strong><\/p>\n<p><strong><span style=\"color: #00ccff\">MARCA:<\/span> <span style=\"color: #3366ff\">ZTL<\/span><\/strong><\/p>\n","protected":false},"featured_media":454,"comment_status":"open","ping_status":"closed","template":"","meta":{"_joinchat":[]},"product_brand":[],"product_cat":[40],"product_tag":[126,125,42],"class_list":{"0":"post-453","1":"product","2":"type-product","3":"status-publish","4":"has-post-thumbnail","6":"product_cat-cubo-de-roda","7":"product_tag-bmw","8":"product_tag-cr22","9":"product_tag-cubo-de-roda","11":"first","12":"instock","13":"taxable","14":"shipping-taxable","15":"purchasable","16":"product-type-simple"},"_links":{"self":[{"href":"https:\/\/ztlrolamentos.com.br\/loja\/wp-json\/wp\/v2\/product\/453","targetHints":{"allow":["GET"]}}],"collection":[{"href":"https:\/\/ztlrolamentos.com.br\/loja\/wp-json\/wp\/v2\/product"}],"about":[{"href":"https:\/\/ztlrolamentos.com.br\/loja\/wp-json\/wp\/v2\/types\/product"}],"replies":[{"embeddable":true,"href":"https:\/\/ztlrolamentos.com.br\/loja\/wp-json\/wp\/v2\/comments?post=453"}],"wp:featuredmedia":[{"embeddable":true,"href":"https:\/\/ztlrolamentos.com.br\/loja\/wp-json\/wp\/v2\/media\/454"}],"wp:attachment":[{"href":"https:\/\/ztlrolamentos.com.br\/loja\/wp-json\/wp\/v2\/media?parent=453"}],"wp:term":[{"taxonomy":"product_brand","embeddable":true,"href":"https:\/\/ztlrolamentos.com.br\/loja\/wp-json\/wp\/v2\/product_brand?post=453"},{"taxonomy":"product_cat","embeddable":true,"href":"https:\/\/ztlrolamentos.com.br\/loja\/wp-json\/wp\/v2\/product_cat?post=453"},{"taxonomy":"product_tag","embeddable":true,"href":"https:\/\/ztlrolamentos.com.br\/loja\/wp-json\/wp\/v2\/product_tag?post=453"}],"curies":[{"name":"wp","href":"https:\/\/api.w.org\/{rel}","templated":true}]}}