{"id":441,"date":"2020-07-15T16:42:11","date_gmt":"2020-07-15T19:42:11","guid":{"rendered":"https:\/\/www.lpicomercial.com.br\/?post_type=product&#038;p=441"},"modified":"2020-07-15T16:43:00","modified_gmt":"2020-07-15T19:43:00","slug":"cubo-de-roda-gm-blazer-ano-1998-combustivel-todos","status":"publish","type":"product","link":"https:\/\/ztlrolamentos.com.br\/loja\/produto\/cubo-de-roda-gm-blazer-ano-1998-combustivel-todos\/","title":{"rendered":"CUBO DE RODA- GM \u2013 BLAZER \u2013 ANO: &lt; 1998 \u2013 COMBUST\u00cdVEL: TODOS"},"content":{"rendered":"<p>LPI. PRODUTOS DE QUALIDADE PARA SEU VE\u00cdCULO. LINHA LEVE,PESADA E VANS.<\/p>\n<p><span style=\"color: #00ccff\"><b>APLICA\u00c7\u00c3O:<\/b><\/span><\/p>\n<p>GM \u2013 Blazer \u2013 Ano:\u00a0&lt; 1998 \u2013 Combust\u00edvel: Todos<\/p>\n<p>GM \u2013 S10 \u2013 Ano:\u00a0&lt; 1998 \u2013 Combust\u00edvel: Todos<\/p>\n<p><span style=\"color: #00ccff\">*\u00a0<b>Com Rolamento, Prisioneiro e ABS ABS Coroa<\/b><\/span><\/p>\n<p><span style=\"color: #00ccff\"><strong>Altura: 93,00 \u00a0 Externo: 144,50 \u00a0 Dentes homocin\u00e9tica: 27 \u00a0 Gera\u00e7\u00e3o: 3\u00aa \u00a0 Tipo ABS: Coroa \u00a0 Altura coroa ABS: 16,00 \u00a0 Dentes coroa ABS: 52 \u00a0 Qt pafarusos: 5 \u00a0<\/strong><\/span><\/p>\n<p><span style=\"color: #00ccff\"><strong>CUBO DE RODA DIANTEIRO COM ROLAMENTO E PRISIONEIRO COM ABS<\/strong><\/span><\/p>\n<p><span style=\"color: #00ccff\"><b>N\u00daMERO ORIGINAL:\u00a0<\/b>\u2013<\/span><\/p>\n<p><b><span style=\"color: #00ccff\">REFER\u00caNCIA: SKF:<\/span> <\/b>BR930064<\/p>\n<p><b><span style=\"color: #00ccff\">MARCA:<\/span>\u00a0<\/b>ZTL \u2013 CR41<\/p>\n<p><span style=\"color: #00ccff\"><b>PRODUTO NOVO<\/b><\/span><\/p>\n<p><b><span style=\"color: #00ccff\">GARANTIA:<\/span>\u00a0\u00a0<\/b>90 dias ap\u00f3s o recebimento do produto. Todas as garantias s\u00e3o dadas pelos fabricantes, e variam de produto para produto. Para devolu\u00e7\u00f5es, os produtos dever\u00e3o ser remetidos em suas embalagens originais e caso for constatado mal uso, o custo ser\u00e1 por parte do comprador.<\/p>\n","protected":false},"excerpt":{"rendered":"<p><strong><span style=\"color: #00ccff\">C\u00d3DIGO:<\/span> <span style=\"color: #3366ff\">CR41<\/span><\/strong><\/p>\n<p><strong><span style=\"color: #00ccff\">CATEGORIA:<\/span> <span style=\"color: #3366ff\">Cubo de Roda<\/span><\/strong><\/p>\n<p><strong><span style=\"color: #00ccff\">MARCA:<\/span><span style=\"color: #3366ff\"> ZTL<\/span><\/strong><\/p>\n","protected":false},"featured_media":442,"comment_status":"open","ping_status":"closed","template":"","meta":{"_joinchat":[]},"product_brand":[],"product_cat":[40],"product_tag":[120,119,42,61],"class_list":{"0":"post-441","1":"product","2":"type-product","3":"status-publish","4":"has-post-thumbnail","6":"product_cat-cubo-de-roda","7":"product_tag-blazer","8":"product_tag-cr41","9":"product_tag-cubo-de-roda","10":"product_tag-gm","12":"first","13":"instock","14":"taxable","15":"shipping-taxable","16":"purchasable","17":"product-type-simple"},"_links":{"self":[{"href":"https:\/\/ztlrolamentos.com.br\/loja\/wp-json\/wp\/v2\/product\/441","targetHints":{"allow":["GET"]}}],"collection":[{"href":"https:\/\/ztlrolamentos.com.br\/loja\/wp-json\/wp\/v2\/product"}],"about":[{"href":"https:\/\/ztlrolamentos.com.br\/loja\/wp-json\/wp\/v2\/types\/product"}],"replies":[{"embeddable":true,"href":"https:\/\/ztlrolamentos.com.br\/loja\/wp-json\/wp\/v2\/comments?post=441"}],"wp:featuredmedia":[{"embeddable":true,"href":"https:\/\/ztlrolamentos.com.br\/loja\/wp-json\/wp\/v2\/media\/442"}],"wp:attachment":[{"href":"https:\/\/ztlrolamentos.com.br\/loja\/wp-json\/wp\/v2\/media?parent=441"}],"wp:term":[{"taxonomy":"product_brand","embeddable":true,"href":"https:\/\/ztlrolamentos.com.br\/loja\/wp-json\/wp\/v2\/product_brand?post=441"},{"taxonomy":"product_cat","embeddable":true,"href":"https:\/\/ztlrolamentos.com.br\/loja\/wp-json\/wp\/v2\/product_cat?post=441"},{"taxonomy":"product_tag","embeddable":true,"href":"https:\/\/ztlrolamentos.com.br\/loja\/wp-json\/wp\/v2\/product_tag?post=441"}],"curies":[{"name":"wp","href":"https:\/\/api.w.org\/{rel}","templated":true}]}}