{"id":430,"date":"2020-07-15T15:54:11","date_gmt":"2020-07-15T18:54:11","guid":{"rendered":"https:\/\/www.lpicomercial.com.br\/?post_type=product&#038;p=430"},"modified":"2020-07-15T15:55:14","modified_gmt":"2020-07-15T18:55:14","slug":"cubo-de-roda-citroen-berlingo-ano-todos-combustivel","status":"publish","type":"product","link":"https:\/\/ztlrolamentos.com.br\/loja\/produto\/cubo-de-roda-citroen-berlingo-ano-todos-combustivel\/","title":{"rendered":"CUBO DE RODA- CITROEN \u2013 BERLINGO \u2013 ANO: TODOS \u2013 COMBUST\u00cdVEL:"},"content":{"rendered":"<p>LPI. PRODUTOS DE QUALIDADE PARA SEU VE\u00cdCULO. LINHA LEVE,PESADA E VANS.<\/p>\n<p><span style=\"color: #00ccff\"><b>APLICA\u00c7\u00c3O:<\/b><\/span><\/p>\n<p>Citroen \u2013 Berlingo \u2013 Ano:\u00a0Todos \u2013 Combust\u00edvel:\u00a0Todos<\/p>\n<p>Citroen \u2013 BX\u00a0\u2013 Ano: 1982 &gt; 1994 \u2013 Combust\u00edvel: Todos<\/p>\n<p>Citroen \u2013 Xantia S\u00e9rie 6778\u00a0\u2013 Ano: 1993 &gt; 1995 \u2013 Combust\u00edvel: Todos<\/p>\n<p>Citroen \u2013 Xsara Picasso\u00a0\u2013 Ano:Todos \u2013 Combust\u00edvel: Todos<\/p>\n<p>Peugeot \u2013 305 \u2013 Ano:\u00a01982 &gt; 1990 \u2013 Combust\u00edvel: Todos<\/p>\n<p>Peugeot \u2013 405\u00a0\u2013 Ano: 1987 &gt; 1996 \u2013 Combust\u00edvel: Todos<\/p>\n<p><span style=\"color: #00ccff\"><strong>Eixo rolamento: 32,00 \u00a0 Altura: 58,00 \u00a0 Externo: 128,00 \u00a0 Gera\u00e7\u00e3o: 2\u00aa \u00a0 Contru\u00e7\u00e3o: Esfera \u00a0 Alt\/Conj\/Rolante: 35,00 \u00a0 Tipo ABS: Sem ABS \u00a0 Qt furos: 4 \u00a0<\/strong><\/span><\/p>\n<p><span style=\"color: #00ccff\"><strong>CUBO DE RODA TRASEIRO COM ROLAMENTO<\/strong><\/span><\/p>\n<p><span style=\"color: #00ccff\"><b>N\u00daMERO ORIGINAL:\u00a0<\/b>\u2013<\/span><\/p>\n<p><b><span style=\"color: #00ccff\">REFER\u00caNCIA: SKF:<\/span> BAFB444450BB\/ BAFB444450AAB\/ BAFB444450AAC \u2013 IMA: AL971<\/b><\/p>\n<p><b><span style=\"color: #00ccff\">MARCA:<\/span>\u00a0<\/b>ZTL \u2013 CR69<\/p>\n<p><span style=\"color: #00ccff\"><b>PRODUTO NOVO<\/b><\/span><\/p>\n<p><b><span style=\"color: #00ccff\">GARANTIA:\u00a0<\/span>\u00a0<\/b>90 dias ap\u00f3s o recebimento do produto. Todas as garantias s\u00e3o dadas pelos fabricantes, e variam de produto para produto. Para devolu\u00e7\u00f5es, os produtos dever\u00e3o ser remetidos em suas embalagens originais e caso for constatado mal uso, o custo ser\u00e1 por parte do comprador.<\/p>\n","protected":false},"excerpt":{"rendered":"<p><strong><span style=\"color: #00ccff\">C\u00d3DIGO:<\/span> <span style=\"color: #3366ff\">CR69<\/span><\/strong><\/p>\n<p><strong><span style=\"color: #00ccff\">CATEGORIA:<\/span> <span style=\"color: #3366ff\">Cubo de Roda<\/span><\/strong><\/p>\n<p><strong><span style=\"color: #00ccff\">MARCA:<\/span><span style=\"color: #3366ff\"> ZTL<\/span><\/strong><\/p>\n","protected":false},"featured_media":431,"comment_status":"open","ping_status":"closed","template":"","meta":{"_joinchat":[]},"product_brand":[],"product_cat":[40],"product_tag":[111,59,114,42],"class_list":{"0":"post-430","1":"product","2":"type-product","3":"status-publish","4":"has-post-thumbnail","6":"product_cat-cubo-de-roda","7":"product_tag-berlingo","8":"product_tag-citroen","9":"product_tag-cr69","10":"product_tag-cubo-de-roda","12":"first","13":"instock","14":"taxable","15":"shipping-taxable","16":"purchasable","17":"product-type-simple"},"_links":{"self":[{"href":"https:\/\/ztlrolamentos.com.br\/loja\/wp-json\/wp\/v2\/product\/430","targetHints":{"allow":["GET"]}}],"collection":[{"href":"https:\/\/ztlrolamentos.com.br\/loja\/wp-json\/wp\/v2\/product"}],"about":[{"href":"https:\/\/ztlrolamentos.com.br\/loja\/wp-json\/wp\/v2\/types\/product"}],"replies":[{"embeddable":true,"href":"https:\/\/ztlrolamentos.com.br\/loja\/wp-json\/wp\/v2\/comments?post=430"}],"wp:featuredmedia":[{"embeddable":true,"href":"https:\/\/ztlrolamentos.com.br\/loja\/wp-json\/wp\/v2\/media\/431"}],"wp:attachment":[{"href":"https:\/\/ztlrolamentos.com.br\/loja\/wp-json\/wp\/v2\/media?parent=430"}],"wp:term":[{"taxonomy":"product_brand","embeddable":true,"href":"https:\/\/ztlrolamentos.com.br\/loja\/wp-json\/wp\/v2\/product_brand?post=430"},{"taxonomy":"product_cat","embeddable":true,"href":"https:\/\/ztlrolamentos.com.br\/loja\/wp-json\/wp\/v2\/product_cat?post=430"},{"taxonomy":"product_tag","embeddable":true,"href":"https:\/\/ztlrolamentos.com.br\/loja\/wp-json\/wp\/v2\/product_tag?post=430"}],"curies":[{"name":"wp","href":"https:\/\/api.w.org\/{rel}","templated":true}]}}