{"id":426,"date":"2020-07-15T15:43:45","date_gmt":"2020-07-15T18:43:45","guid":{"rendered":"https:\/\/www.lpicomercial.com.br\/?post_type=product&#038;p=426"},"modified":"2020-07-15T15:44:30","modified_gmt":"2020-07-15T18:44:30","slug":"cubo-de-roda-citroen-xantia-serie-6778-ano-1993","status":"publish","type":"product","link":"https:\/\/ztlrolamentos.com.br\/loja\/produto\/cubo-de-roda-citroen-xantia-serie-6778-ano-1993\/","title":{"rendered":"CUBO DE RODA- CITROEN \u2013 XANTIA S\u00c9RIE 6778 \u2013 ANO: 1993 &gt;"},"content":{"rendered":"<p>LPI. PRODUTOS DE QUALIDADE PARA SEU VE\u00cdCULO. LINHA LEVE,PESADA E VANS.<\/p>\n<p><span style=\"color: #00ccff\"><strong>APLICA\u00c7\u00c3O:<\/strong><\/span><\/p>\n<p>Citroen \u2013 Xantia S\u00e9rie 6778 \u2013 Ano:\u00a01993 &gt; 1995 \u2013 Combust\u00edvel: Todos<\/p>\n<p><span style=\"color: #00ccff\"><strong>*Dimensional igual ao CR69<\/strong><\/span><\/p>\n<p><span style=\"color: #00ccff\"><strong>Eixo rolamento: 32,00 \u00a0 Altura: 58,00 \u00a0 Externo: 128,00 \u00a0 Gera\u00e7\u00e3o: 2\u00aa \u00a0 Contru\u00e7\u00e3o: Esfera \u00a0 Alt\/Conj\/Rolante: 34,00 \u00a0 Tipo ABS: Coroa \u00a0 Altura coroa ABS: 10,50 \u00a0 Dentes coroa ABS: 90 \u00a0 Qt furos: 4<\/strong><\/span><\/p>\n<p><span style=\"color: #00ccff\"><strong>CUBO DE RODA TRASEIRO COM ROLAMENTO<\/strong><\/span><\/p>\n<p><span style=\"color: #00ccff\"><strong>N\u00daMERO ORIGINAL: \u2013<\/strong><\/span><\/p>\n<p><span style=\"color: #00ccff\"><strong>REFER\u00caNCIA:<\/strong><\/span><\/p>\n<p><span style=\"color: #00ccff\"><strong>MARCA:<\/strong><\/span> ZTL \u2013 CR70<\/p>\n<p><span style=\"color: #00ccff\">PRODUTO NOVO<\/span><\/p>\n<p><span style=\"color: #00ccff\">GARANTIA:\u00a0<\/span> 90 dias ap\u00f3s o recebimento do produto. Todas as garantias s\u00e3o dadas pelos fabricantes, e variam de produto para produto. Para devolu\u00e7\u00f5es, os produtos dever\u00e3o ser remetidos em suas embalagens originais e caso for constatado mal uso, o custo ser\u00e1 por parte do comprador.<\/p>\n","protected":false},"excerpt":{"rendered":"<p><strong><span style=\"color: #00ccff\">C\u00d3DIGO:<\/span> <span style=\"color: #3366ff\">CR70<\/span><\/strong><\/p>\n<p><strong><span style=\"color: #00ccff\">CATEGORIA:<\/span> <span style=\"color: #3366ff\">Cubo de Roda<\/span><\/strong><\/p>\n<p><strong><span style=\"color: #00ccff\">MARCA:<\/span> <span style=\"color: #3366ff\">ZTL<\/span><\/strong><\/p>\n","protected":false},"featured_media":427,"comment_status":"open","ping_status":"closed","template":"","meta":{"_joinchat":[]},"product_brand":[],"product_cat":[40],"product_tag":[59,113,42,109],"class_list":{"0":"post-426","1":"product","2":"type-product","3":"status-publish","4":"has-post-thumbnail","6":"product_cat-cubo-de-roda","7":"product_tag-citroen","8":"product_tag-cr70","9":"product_tag-cubo-de-roda","10":"product_tag-xantia","12":"first","13":"instock","14":"taxable","15":"shipping-taxable","16":"purchasable","17":"product-type-simple"},"_links":{"self":[{"href":"https:\/\/ztlrolamentos.com.br\/loja\/wp-json\/wp\/v2\/product\/426","targetHints":{"allow":["GET"]}}],"collection":[{"href":"https:\/\/ztlrolamentos.com.br\/loja\/wp-json\/wp\/v2\/product"}],"about":[{"href":"https:\/\/ztlrolamentos.com.br\/loja\/wp-json\/wp\/v2\/types\/product"}],"replies":[{"embeddable":true,"href":"https:\/\/ztlrolamentos.com.br\/loja\/wp-json\/wp\/v2\/comments?post=426"}],"wp:featuredmedia":[{"embeddable":true,"href":"https:\/\/ztlrolamentos.com.br\/loja\/wp-json\/wp\/v2\/media\/427"}],"wp:attachment":[{"href":"https:\/\/ztlrolamentos.com.br\/loja\/wp-json\/wp\/v2\/media?parent=426"}],"wp:term":[{"taxonomy":"product_brand","embeddable":true,"href":"https:\/\/ztlrolamentos.com.br\/loja\/wp-json\/wp\/v2\/product_brand?post=426"},{"taxonomy":"product_cat","embeddable":true,"href":"https:\/\/ztlrolamentos.com.br\/loja\/wp-json\/wp\/v2\/product_cat?post=426"},{"taxonomy":"product_tag","embeddable":true,"href":"https:\/\/ztlrolamentos.com.br\/loja\/wp-json\/wp\/v2\/product_tag?post=426"}],"curies":[{"name":"wp","href":"https:\/\/api.w.org\/{rel}","templated":true}]}}