{"id":422,"date":"2020-07-15T15:28:14","date_gmt":"2020-07-15T18:28:14","guid":{"rendered":"https:\/\/www.lpicomercial.com.br\/?post_type=product&#038;p=422"},"modified":"2020-07-15T15:28:34","modified_gmt":"2020-07-15T18:28:34","slug":"cubo-de-roda-citroen-berlingo-ano-1996-combustivel-2","status":"publish","type":"product","link":"https:\/\/ztlrolamentos.com.br\/loja\/produto\/cubo-de-roda-citroen-berlingo-ano-1996-combustivel-2\/","title":{"rendered":"CUBO DE RODA- CITROEN \u2013 BERLINGO \u2013 ANO: 1996 &gt; COMBUST\u00cdVEL"},"content":{"rendered":"<p>LPI. PRODUTOS DE QUALIDADE PARA SEU VE\u00cdCULO. LINHA LEVE,PESADA E VANS.<\/p>\n<p><span style=\"color: #00ccff\"><b>APLICA\u00c7\u00c3O:<\/b><\/span><\/p>\n<p>Citroen \u2013 Berlingo \u2013 Ano:\u00a01996 &gt; Combust\u00edvel: Todos<\/p>\n<p>Citroen \u2013 Picasso \u2013 Ano:\u00a01999 &gt; Combust\u00edvel: Todos<\/p>\n<p>Citroen \u2013 Xantia S\u00e9rie 6779 \u2013 Ano:\u00a01995 &gt; 2002 \u2013 Combust\u00edvel: Todos<\/p>\n<p>Peugeot \u2013 406 \u2013 Ano:\u00a01995 &gt; 2003 \u2013 Combust\u00edvel: Todos<\/p>\n<p>Peugeot \u2013 Partner \u2013 Ano:\u00a01996 &gt; Combust\u00edvel: Todos<\/p>\n<p><span style=\"color: #00ccff\"><strong>Eixo rolamento: 32,00 \u00a0 Altura: 59,00 \u00a0 Externo: 129,00 \u00a0 Gera\u00e7\u00e3o: 2\u00aa \u00a0 Contru\u00e7\u00e3o: Esfera \u00a0 Alt\/Conj\/Rolante: 38,00 \u00a0 Tipo ABS: Sem ABS \u00a0 Qt furos: 4 \u00a0<\/strong><\/span><\/p>\n<p><span style=\"color: #00ccff\"><strong>CUBO DE RODA TRASEIRO COM ROLAMENTO<\/strong><\/span><\/p>\n<p><span style=\"color: #00ccff\"><b>N\u00daMERO ORIGINAL:\u00a0<\/b>\u2013<\/span><\/p>\n<p><span style=\"color: #00ccff\"><b>REFER\u00caNCIA: IMA: AL978<\/b><\/span><\/p>\n<p><b><span style=\"color: #00ccff\">MARCA:<\/span>\u00a0<\/b>ZTL \u2013 CR71<\/p>\n<p><span style=\"color: #00ccff\"><b>PRODUTO NOVO<\/b><\/span><\/p>\n<p><b><span style=\"color: #00ccff\">GARANTIA:<\/span>\u00a0\u00a0<\/b>90 dias ap\u00f3s o recebimento do produto. Todas as garantias s\u00e3o dadas pelos fabricantes, e variam de produto para produto. Para devolu\u00e7\u00f5es, os produtos dever\u00e3o ser remetidos em suas embalagens originais e caso for constatado mal uso, o custo ser\u00e1 por parte do comprador.<\/p>\n","protected":false},"excerpt":{"rendered":"<p><strong><span style=\"color: #00ccff\">C\u00d3DIGO:<\/span> <span style=\"color: #3366ff\">CR71<\/span><\/strong><\/p>\n<p><strong><span style=\"color: #00ccff\">CATEGORIA:<\/span><span style=\"color: #3366ff\"> Cubo de Roda<\/span><\/strong><\/p>\n<p><strong><span style=\"color: #00ccff\">MARCA:<\/span><span style=\"color: #3366ff\"> ZTL<\/span><\/strong><\/p>\n","protected":false},"featured_media":423,"comment_status":"open","ping_status":"closed","template":"","meta":{"_joinchat":[]},"product_brand":[],"product_cat":[40],"product_tag":[111,59,112,42],"class_list":{"0":"post-422","1":"product","2":"type-product","3":"status-publish","4":"has-post-thumbnail","6":"product_cat-cubo-de-roda","7":"product_tag-berlingo","8":"product_tag-citroen","9":"product_tag-cr71","10":"product_tag-cubo-de-roda","12":"first","13":"instock","14":"taxable","15":"shipping-taxable","16":"purchasable","17":"product-type-simple"},"_links":{"self":[{"href":"https:\/\/ztlrolamentos.com.br\/loja\/wp-json\/wp\/v2\/product\/422","targetHints":{"allow":["GET"]}}],"collection":[{"href":"https:\/\/ztlrolamentos.com.br\/loja\/wp-json\/wp\/v2\/product"}],"about":[{"href":"https:\/\/ztlrolamentos.com.br\/loja\/wp-json\/wp\/v2\/types\/product"}],"replies":[{"embeddable":true,"href":"https:\/\/ztlrolamentos.com.br\/loja\/wp-json\/wp\/v2\/comments?post=422"}],"wp:featuredmedia":[{"embeddable":true,"href":"https:\/\/ztlrolamentos.com.br\/loja\/wp-json\/wp\/v2\/media\/423"}],"wp:attachment":[{"href":"https:\/\/ztlrolamentos.com.br\/loja\/wp-json\/wp\/v2\/media?parent=422"}],"wp:term":[{"taxonomy":"product_brand","embeddable":true,"href":"https:\/\/ztlrolamentos.com.br\/loja\/wp-json\/wp\/v2\/product_brand?post=422"},{"taxonomy":"product_cat","embeddable":true,"href":"https:\/\/ztlrolamentos.com.br\/loja\/wp-json\/wp\/v2\/product_cat?post=422"},{"taxonomy":"product_tag","embeddable":true,"href":"https:\/\/ztlrolamentos.com.br\/loja\/wp-json\/wp\/v2\/product_tag?post=422"}],"curies":[{"name":"wp","href":"https:\/\/api.w.org\/{rel}","templated":true}]}}