{"id":394,"date":"2020-07-15T12:44:28","date_gmt":"2020-07-15T15:44:28","guid":{"rendered":"https:\/\/www.lpicomercial.com.br\/?post_type=product&#038;p=394"},"modified":"2020-07-15T12:44:44","modified_gmt":"2020-07-15T15:44:44","slug":"cubo-de-roda-ford-courier-1-4-ano-1994-combustive","status":"publish","type":"product","link":"https:\/\/ztlrolamentos.com.br\/loja\/produto\/cubo-de-roda-ford-courier-1-4-ano-1994-combustive\/","title":{"rendered":"CUBO DE RODA- FORD \u2013 COURIER 1.4 \u2013 ANO: 1994 &gt; COMBUST\u00cdVE"},"content":{"rendered":"<p>LPI. PRODUTOS DE QUALIDADE PARA SEU VE\u00cdCULO. LINHA LEVE,PESADA E VANS.<\/p>\n<p><span style=\"color: #00ccff\"><b>APLICA\u00c7\u00c3O:<\/b><\/span><\/p>\n<p>Ford \u2013 Courier 1.4\u00a0\u2013 Ano: 1994 &gt; Combust\u00edvel- Todos<\/p>\n<p>Ford- Focus 1.6L 8V Zetec\u00a0\u2013 Ano: 2009 &gt;\u00a0 Combust\u00edvel \u2013 Todos<\/p>\n<p>Ford \u2013 Focus 2.0 16V Zetec\u00a0\u2013 Ano: 2009 &gt;\u00a0 Combust\u00edvel \u2013 Todos<\/p>\n<p>Ford \u2013 Mondeo\u00a0\u2013 Ano: 1992 &gt; 2000\u00a0 Combust\u00edvel \u2013 Todos<\/p>\n<p><span style=\"color: #00ccff\"><strong>Eixo rolamento: 35,00 \u00a0 Altura: 72,00 \u00a0 Externo: 135,50 \u00a0 Gera\u00e7\u00e3o: 2\u00aa \u00a0 Contru\u00e7\u00e3o: Esfera \u00a0 Alt\/Conj\/Rolante: 42,00 \u00a0 Tipo ABS: Sem ABS \u00a0 Qt pafarusos: 4 \u00a0<\/strong><\/span><\/p>\n<p><span style=\"color: #00ccff\"><strong>CUBO DE RODA TRASEIRO COM ROLAMENTO E PRISIONEIRO SEM ABS<\/strong><\/span><\/p>\n<p><span style=\"color: #00ccff\"><b>N\u00daMERO ORIGINAL:\u00a0<\/b>\u2013<\/span><\/p>\n<p><span style=\"color: #00ccff\"><b>REFER\u00caNCIA: SKF: BAF4039B\/ VKBA1481 \u2013 IMA: AL36<\/b><\/span><\/p>\n<p><span style=\"color: #00ccff\"><b>MARCA:\u00a0<\/b><\/span>ZTL \u2013 CR92<\/p>\n<p><span style=\"color: #00ccff\"><b>PRODUTO NOVO<\/b><\/span><\/p>\n<p><b><span style=\"color: #00ccff\">GARANTIA:<\/span>\u00a0\u00a0<\/b>90 dias ap\u00f3s o recebimento do produto. Todas as garantias s\u00e3o dadas pelos fabricantes, e variam de produto para produto. Para devolu\u00e7\u00f5es, os produtos dever\u00e3o ser remetidos em suas embalagens originais e caso for constatado mal uso, o custo ser\u00e1 por parte do comprador.<\/p>\n","protected":false},"excerpt":{"rendered":"<p><strong><span style=\"color: #00ccff\">C\u00d3DIGO:<\/span> <span style=\"color: #3366ff\">CR92<\/span><\/strong><\/p>\n<p><strong><span style=\"color: #00ccff\">CATEGORIA:<\/span> <span style=\"color: #3366ff\">Cubo de Roda<\/span><\/strong><\/p>\n<p><strong><span style=\"color: #00ccff\">MARCA:<\/span> <span style=\"color: #3366ff\">ZTL<\/span><\/strong><\/p>\n","protected":false},"featured_media":395,"comment_status":"open","ping_status":"closed","template":"","meta":{"_joinchat":[]},"product_brand":[],"product_cat":[40],"product_tag":[99,98,42,49],"class_list":{"0":"post-394","1":"product","2":"type-product","3":"status-publish","4":"has-post-thumbnail","6":"product_cat-cubo-de-roda","7":"product_tag-courier","8":"product_tag-cr92","9":"product_tag-cubo-de-roda","10":"product_tag-ford","12":"first","13":"instock","14":"taxable","15":"shipping-taxable","16":"purchasable","17":"product-type-simple"},"_links":{"self":[{"href":"https:\/\/ztlrolamentos.com.br\/loja\/wp-json\/wp\/v2\/product\/394","targetHints":{"allow":["GET"]}}],"collection":[{"href":"https:\/\/ztlrolamentos.com.br\/loja\/wp-json\/wp\/v2\/product"}],"about":[{"href":"https:\/\/ztlrolamentos.com.br\/loja\/wp-json\/wp\/v2\/types\/product"}],"replies":[{"embeddable":true,"href":"https:\/\/ztlrolamentos.com.br\/loja\/wp-json\/wp\/v2\/comments?post=394"}],"wp:featuredmedia":[{"embeddable":true,"href":"https:\/\/ztlrolamentos.com.br\/loja\/wp-json\/wp\/v2\/media\/395"}],"wp:attachment":[{"href":"https:\/\/ztlrolamentos.com.br\/loja\/wp-json\/wp\/v2\/media?parent=394"}],"wp:term":[{"taxonomy":"product_brand","embeddable":true,"href":"https:\/\/ztlrolamentos.com.br\/loja\/wp-json\/wp\/v2\/product_brand?post=394"},{"taxonomy":"product_cat","embeddable":true,"href":"https:\/\/ztlrolamentos.com.br\/loja\/wp-json\/wp\/v2\/product_cat?post=394"},{"taxonomy":"product_tag","embeddable":true,"href":"https:\/\/ztlrolamentos.com.br\/loja\/wp-json\/wp\/v2\/product_tag?post=394"}],"curies":[{"name":"wp","href":"https:\/\/api.w.org\/{rel}","templated":true}]}}