{"id":373,"date":"2020-07-15T10:19:20","date_gmt":"2020-07-15T13:19:20","guid":{"rendered":"https:\/\/www.lpicomercial.com.br\/?post_type=product&#038;p=373"},"modified":"2020-07-15T10:19:32","modified_gmt":"2020-07-15T13:19:32","slug":"cubo-de-roda-chrysler-sebring-ano-1995-2005-combus-3","status":"publish","type":"product","link":"https:\/\/ztlrolamentos.com.br\/loja\/produto\/cubo-de-roda-chrysler-sebring-ano-1995-2005-combus-3\/","title":{"rendered":"CUBO DE RODA- CHRYSLER \u2013 SEBRING \u2013 ANO: 1995 &gt; 2005 \u2013 COMBUS"},"content":{"rendered":"<p>LPI. PRODUTOS DE QUALIDADE PARA SEU VE\u00cdCULO. LINHA LEVE,PESADA E VANS.<\/p>\n<p><span style=\"color: #00ccff\"><strong>APLICA\u00c7\u00c3O:<\/strong><\/span><\/p>\n<p>Chrysler \u2013 Sebring\u00a0\u2013 Ano: 1995 &gt; 2005 \u2013 Combust\u00edvel: Todos<\/p>\n<p>Dodge \u2013 Avanger\u00a0\u2013 Ano: 1995 &gt; 2000 \u2013 Combust\u00edvel: Todos<\/p>\n<p>Dodge \u2013 Stratus\u00a0\u2013 Ano: 2001 &gt; 2005 \u2013 Combust\u00edvel: Todos<\/p>\n<p>Mitsubishi \u2013 Eclipse \u2013 Ano:\u00a01995 &gt; 2005 \u2013 Combust\u00edvel: Todos<\/p>\n<p>Mitsubishi \u2013 Galant\u00a0\u2013 Ano: 1996 &gt; 2006 \u2013 Combust\u00edvel: Todos<\/p>\n<p>Mitsubishi \u2013 Lancer\u00a0\u2013 Ano: 2004 &gt; 2005 \u2013 Combust\u00edvel: Todos<\/p>\n<p><strong><span style=\"color: #00ccff\">Altura: 72,50 \u00a0 Externo: 142,00 \u00a0 Dentes homocin\u00e9tica: 25 \u00a0 Gera\u00e7\u00e3o: 3\u00aa \u00a0 Contru\u00e7\u00e3o: Esfera \u00a0 Tipo ABS: Sem ABS \u00a0 Qt pafarusos: 5<\/span><\/strong><\/p>\n<p><strong><span style=\"color: #00ccff\">CUBO DE RODA DIANTEIRO COM ROLAMENTO<\/span><\/strong><\/p>\n<p><strong><span style=\"color: #00ccff\">N\u00daMERO ORIGINAL: \u2013<\/span><\/strong><\/p>\n<p><strong><span style=\"color: #00ccff\">REFER\u00caNCIA: SKF:<\/span><\/strong> BR930214 \u2013 IMA: AL785<\/p>\n<p><strong><span style=\"color: #00ccff\">MARCA:<\/span> <\/strong>ZTL \u2013 CR113<\/p>\n<p><span style=\"color: #00ccff\"><strong>PRODUTO NOVO<\/strong><\/span><\/p>\n<p><span style=\"color: #00ccff\"><strong>GARANTIA:\u00a0<\/strong><\/span> 90 dias ap\u00f3s o recebimento do produto. Todas as garantias s\u00e3o dadas pelos fabricantes, e variam de produto para produto. Para devolu\u00e7\u00f5es, os produtos dever\u00e3o ser remetidos em suas embalagens originais e caso for constatado mal uso, o custo ser\u00e1 por parte do comprador.<\/p>\n","protected":false},"excerpt":{"rendered":"<p><strong><span style=\"color: #00ccff\">C\u00d3DIGO:<\/span> <span style=\"color: #3366ff\">CR113<\/span><\/strong><\/p>\n<p><strong><span style=\"color: #00ccff\">CATEGORIA:<\/span> <span style=\"color: #3366ff\">Cubo de Roda<\/span><\/strong><\/p>\n<p><strong><span style=\"color: #00ccff\">MARCA:<\/span> <span style=\"color: #3366ff\">ZTL<\/span><\/strong><\/p>\n","protected":false},"featured_media":374,"comment_status":"open","ping_status":"closed","template":"","meta":{"_joinchat":[]},"product_brand":[],"product_cat":[40],"product_tag":[47,92,42,81],"class_list":{"0":"post-373","1":"product","2":"type-product","3":"status-publish","4":"has-post-thumbnail","6":"product_cat-cubo-de-roda","7":"product_tag-chrysler","8":"product_tag-cr113","9":"product_tag-cubo-de-roda","10":"product_tag-sebring","12":"first","13":"instock","14":"taxable","15":"shipping-taxable","16":"purchasable","17":"product-type-simple"},"_links":{"self":[{"href":"https:\/\/ztlrolamentos.com.br\/loja\/wp-json\/wp\/v2\/product\/373","targetHints":{"allow":["GET"]}}],"collection":[{"href":"https:\/\/ztlrolamentos.com.br\/loja\/wp-json\/wp\/v2\/product"}],"about":[{"href":"https:\/\/ztlrolamentos.com.br\/loja\/wp-json\/wp\/v2\/types\/product"}],"replies":[{"embeddable":true,"href":"https:\/\/ztlrolamentos.com.br\/loja\/wp-json\/wp\/v2\/comments?post=373"}],"wp:featuredmedia":[{"embeddable":true,"href":"https:\/\/ztlrolamentos.com.br\/loja\/wp-json\/wp\/v2\/media\/374"}],"wp:attachment":[{"href":"https:\/\/ztlrolamentos.com.br\/loja\/wp-json\/wp\/v2\/media?parent=373"}],"wp:term":[{"taxonomy":"product_brand","embeddable":true,"href":"https:\/\/ztlrolamentos.com.br\/loja\/wp-json\/wp\/v2\/product_brand?post=373"},{"taxonomy":"product_cat","embeddable":true,"href":"https:\/\/ztlrolamentos.com.br\/loja\/wp-json\/wp\/v2\/product_cat?post=373"},{"taxonomy":"product_tag","embeddable":true,"href":"https:\/\/ztlrolamentos.com.br\/loja\/wp-json\/wp\/v2\/product_tag?post=373"}],"curies":[{"name":"wp","href":"https:\/\/api.w.org\/{rel}","templated":true}]}}