{"id":370,"date":"2020-07-15T10:10:31","date_gmt":"2020-07-15T13:10:31","guid":{"rendered":"https:\/\/www.lpicomercial.com.br\/?post_type=product&#038;p=370"},"modified":"2020-07-15T10:10:57","modified_gmt":"2020-07-15T13:10:57","slug":"cubo-de-roda-chrysler-neon-ano-2001-2002-combustiv","status":"publish","type":"product","link":"https:\/\/ztlrolamentos.com.br\/loja\/produto\/cubo-de-roda-chrysler-neon-ano-2001-2002-combustiv\/","title":{"rendered":"CUBO DE RODA- CHRYSLER \u2013 NEON \u2013 ANO: 2001 &gt; 2002 \u2013 COMBUST\u00cdV"},"content":{"rendered":"<p>LPI. PRODUTOS DE QUALIDADE PARA SEU VE\u00cdCULO. LINHA LEVE,PESADA E VANS.<\/p>\n<p><span style=\"color: #00ccff\"><strong>APLICA\u00c7\u00c3O:<\/strong><\/span><\/p>\n<p>Chrysler \u2013 Neon \u2013 Ano:\u00a02001 &gt; 2002 \u2013 Combust\u00edvel: Todos<\/p>\n<p>Chrysler \u2013 PT Cruiser \u2013 Ano:\u00a02001 &gt; Combust\u00edvel: Todos<\/p>\n<p>Dodge \u2013 Neon\u00a0\u2013 Ano: 2000 &gt; 2005 \u2013 Combust\u00edvel: Todos<\/p>\n<p>Dodge \u2013 SX 2.0\u00a0\u2013 Ano: 2003 &gt; 2005 \u2013 Combust\u00edvel: Todos<\/p>\n<p>Plymouth \u2013 Neon \u2013 Ano:\u00a02000 &gt; 2001 \u2013 Combust\u00edvel:Todos<\/p>\n<p><span style=\"color: #00ccff\"><strong>Gera\u00e7\u00e3o: 2\u00aa \u00a0 Contru\u00e7\u00e3o: Esfera \u00a0 Tipo ABS: Coroa \u00a0 Qt pafarusos: 5<\/strong><\/span><\/p>\n<p><span style=\"color: #00ccff\"><strong>CUBO DE RODA TRASEIRO COM ROLAMENTO<\/strong><\/span><\/p>\n<p><span style=\"color: #00ccff\"><strong>N\u00daMERO ORIGINAL: \u2013<\/strong><\/span><\/p>\n<p><span style=\"color: #00ccff\"><strong>REFER\u00caNCIA: SKF:<\/strong><\/span> BR930173 \u2013 IMA: AL880<\/p>\n<p><span style=\"color: #00ccff\"><strong>MARCA:<\/strong> <\/span>ZTL \u2013 CR116<\/p>\n<p><span style=\"color: #00ccff\"><strong>PRODUTO NOVO<\/strong><\/span><\/p>\n<p><span style=\"color: #00ccff\"><strong>GARANTIA:<\/strong><\/span>\u00a0 90 dias ap\u00f3s o recebimento do produto. Todas as garantias s\u00e3o dadas pelos fabricantes, e variam de produto para produto. Para devolu\u00e7\u00f5es, os produtos dever\u00e3o ser remetidos em suas embalagens originais e caso for constatado mal uso, o custo ser\u00e1 por parte do comprador.<\/p>\n","protected":false},"excerpt":{"rendered":"<p><strong><span style=\"color: #00ccff\">C\u00d3DIGO:<\/span> <span style=\"color: #3366ff\">CR116<\/span><\/strong><\/p>\n<p><strong><span style=\"color: #00ccff\">CATEGORIA:<\/span> <span style=\"color: #3366ff\">Cubo de Roda<\/span><\/strong><\/p>\n<p><strong><span style=\"color: #00ccff\">MARCA:<\/span><span style=\"color: #3366ff\"> ZTL<\/span><\/strong><\/p>\n","protected":false},"featured_media":371,"comment_status":"open","ping_status":"closed","template":"","meta":{"_joinchat":[]},"product_brand":[],"product_cat":[40],"product_tag":[47,90,42,91],"class_list":{"0":"post-370","1":"product","2":"type-product","3":"status-publish","4":"has-post-thumbnail","6":"product_cat-cubo-de-roda","7":"product_tag-chrysler","8":"product_tag-cr116","9":"product_tag-cubo-de-roda","10":"product_tag-neon","12":"first","13":"instock","14":"taxable","15":"shipping-taxable","16":"purchasable","17":"product-type-simple"},"_links":{"self":[{"href":"https:\/\/ztlrolamentos.com.br\/loja\/wp-json\/wp\/v2\/product\/370","targetHints":{"allow":["GET"]}}],"collection":[{"href":"https:\/\/ztlrolamentos.com.br\/loja\/wp-json\/wp\/v2\/product"}],"about":[{"href":"https:\/\/ztlrolamentos.com.br\/loja\/wp-json\/wp\/v2\/types\/product"}],"replies":[{"embeddable":true,"href":"https:\/\/ztlrolamentos.com.br\/loja\/wp-json\/wp\/v2\/comments?post=370"}],"wp:featuredmedia":[{"embeddable":true,"href":"https:\/\/ztlrolamentos.com.br\/loja\/wp-json\/wp\/v2\/media\/371"}],"wp:attachment":[{"href":"https:\/\/ztlrolamentos.com.br\/loja\/wp-json\/wp\/v2\/media?parent=370"}],"wp:term":[{"taxonomy":"product_brand","embeddable":true,"href":"https:\/\/ztlrolamentos.com.br\/loja\/wp-json\/wp\/v2\/product_brand?post=370"},{"taxonomy":"product_cat","embeddable":true,"href":"https:\/\/ztlrolamentos.com.br\/loja\/wp-json\/wp\/v2\/product_cat?post=370"},{"taxonomy":"product_tag","embeddable":true,"href":"https:\/\/ztlrolamentos.com.br\/loja\/wp-json\/wp\/v2\/product_tag?post=370"}],"curies":[{"name":"wp","href":"https:\/\/api.w.org\/{rel}","templated":true}]}}