{"id":362,"date":"2020-07-15T09:17:35","date_gmt":"2020-07-15T12:17:35","guid":{"rendered":"https:\/\/www.lpicomercial.com.br\/?post_type=product&#038;p=362"},"modified":"2020-07-17T12:55:32","modified_gmt":"2020-07-17T15:55:32","slug":"cubo-de-roda-gm-tracker-ano-2001-2008-combustiv","status":"publish","type":"product","link":"https:\/\/ztlrolamentos.com.br\/loja\/produto\/cubo-de-roda-gm-tracker-ano-2001-2008-combustiv\/","title":{"rendered":"CUBO DE RODA- GM \u2013 TRACKER \u2013 ANO: 2001 &gt; 2008 \u2013 COMBUST\u00cdV"},"content":{"rendered":"<p><span style=\"color: #00ccff\">LPI.<\/span> PRODUTOS DE QUALIDADE PARA SEU VE\u00cdCULO. LINHA LEVE, PESADA E VANS.<\/p>\n<p>APLICA\u00c7\u00c3O: GM \u2013 Tracker\u00a0\u2013 Ano: 2001 &gt; 2008 \u2013 Combust\u00edvel: Todos<\/p>\n<p>Suzuki \u2013 Grand Vitara \u2013 Ano:\u00a02001 &gt; 2007 \u2013 Combust\u00edvel: Todos<\/p>\n<p>Suzuki \u2013 Vitara\u00a0\u2013 Ano: 2001 &gt; 2005 \u2013 Combust\u00edvel: Todos<\/p>\n<p>Suzuki \u2013 XL-7 \u2013 Ano:\u00a02002 &gt; 2005 \u2013 Combust\u00edvel: Todos<\/p>\n<p><span style=\"color: #00ccff\"><strong>Eixo rolamento: 41,00 \u00a0 Altura: 54,50 \u00a0 Externo: 173,00 \u00a0 Gera\u00e7\u00e3o: 2\u00aa \u00a0 Contru\u00e7\u00e3o: Esfera \u00a0 Alt\/Conj\/Rolante: 40,00 \u00a0 Tipo ABS: Coroa \u00a0 Altura coroa ABS: 3,30 \u00a0 Dentes coroa ABS: 53 \u00a0 Qt pafarusos: 5<\/strong><\/span><\/p>\n<p><span style=\"color: #00ccff\"><strong>CUBO DE RODA COM ROLAMENTO E PRISIONEIRO COM ABS<\/strong><\/span><\/p>\n<p><span style=\"color: #00ccff\"><strong>N\u00daMERO ORIGINAL:<\/strong> <\/span>\u2013 43401-65D00 \/ 43401-65D10<\/p>\n<p><strong><span style=\"color: #00ccff\">REFER\u00caNCIA: SKF:<\/span><\/strong> BR930308 \/\u00a0 NSK 41WK03E<\/p>\n<p><strong><span style=\"color: #00ccff\">MARCA:<\/span><\/strong> ZTL \u2013 CR126<\/p>\n<p><strong><span style=\"color: #00ccff\">PRODUTO NOVO<\/span><\/strong><\/p>\n<p>GARANTIA:\u00a0 90 dias ap\u00f3s o recebimento do produto. Todas as garantias s\u00e3o dadas pelos fabricantes, e variam de produto para produto. Para devolu\u00e7\u00f5es, os produtos dever\u00e3o ser remetidos em suas embalagens originais e caso for constatado mal uso, o custo ser\u00e1 por parte do comprador.<\/p>\n","protected":false},"excerpt":{"rendered":"<p><strong><span style=\"color: #00ccff\">C\u00d3DIGO:<\/span> <span style=\"color: #3366ff\">CR126<\/span><\/strong><\/p>\n<p><strong><span style=\"color: #00ccff\">CATEGORIA:<\/span> <span style=\"color: #3366ff\">Cubo de Roda<\/span><\/strong><\/p>\n<p><strong><span style=\"color: #00ccff\">MARCA:<\/span> <span style=\"color: #3366ff\">ZTL<\/span><\/strong><\/p>\n","protected":false},"featured_media":363,"comment_status":"open","ping_status":"closed","template":"","meta":{"_joinchat":[]},"product_brand":[],"product_cat":[40],"product_tag":[86,42,61,87],"class_list":{"0":"post-362","1":"product","2":"type-product","3":"status-publish","4":"has-post-thumbnail","6":"product_cat-cubo-de-roda","7":"product_tag-cr126","8":"product_tag-cubo-de-roda","9":"product_tag-gm","10":"product_tag-tracker","12":"first","13":"instock","14":"taxable","15":"shipping-taxable","16":"purchasable","17":"product-type-simple"},"_links":{"self":[{"href":"https:\/\/ztlrolamentos.com.br\/loja\/wp-json\/wp\/v2\/product\/362","targetHints":{"allow":["GET"]}}],"collection":[{"href":"https:\/\/ztlrolamentos.com.br\/loja\/wp-json\/wp\/v2\/product"}],"about":[{"href":"https:\/\/ztlrolamentos.com.br\/loja\/wp-json\/wp\/v2\/types\/product"}],"replies":[{"embeddable":true,"href":"https:\/\/ztlrolamentos.com.br\/loja\/wp-json\/wp\/v2\/comments?post=362"}],"wp:featuredmedia":[{"embeddable":true,"href":"https:\/\/ztlrolamentos.com.br\/loja\/wp-json\/wp\/v2\/media\/363"}],"wp:attachment":[{"href":"https:\/\/ztlrolamentos.com.br\/loja\/wp-json\/wp\/v2\/media?parent=362"}],"wp:term":[{"taxonomy":"product_brand","embeddable":true,"href":"https:\/\/ztlrolamentos.com.br\/loja\/wp-json\/wp\/v2\/product_brand?post=362"},{"taxonomy":"product_cat","embeddable":true,"href":"https:\/\/ztlrolamentos.com.br\/loja\/wp-json\/wp\/v2\/product_cat?post=362"},{"taxonomy":"product_tag","embeddable":true,"href":"https:\/\/ztlrolamentos.com.br\/loja\/wp-json\/wp\/v2\/product_tag?post=362"}],"curies":[{"name":"wp","href":"https:\/\/api.w.org\/{rel}","templated":true}]}}