{"id":354,"date":"2020-07-14T17:47:32","date_gmt":"2020-07-14T20:47:32","guid":{"rendered":"https:\/\/www.lpicomercial.com.br\/?post_type=product&#038;p=354"},"modified":"2020-07-14T17:48:18","modified_gmt":"2020-07-14T20:48:18","slug":"cubo-de-roda-tempra-16v-ano-1993-1999-combustivel","status":"publish","type":"product","link":"https:\/\/ztlrolamentos.com.br\/loja\/produto\/cubo-de-roda-tempra-16v-ano-1993-1999-combustivel\/","title":{"rendered":"CUBO DE RODA- TEMPRA 16V \u2013 ANO: 1993 &gt; 1999 \u2013 COMBUST\u00cdVEL"},"content":{"rendered":"<p>LPI. PRODUTOS DE QUALIDADE PARA SEU VE\u00cdCULO. LINHA LEVE,PESADA E VANS.<\/p>\n<p><span style=\"color: #00ccff\"><strong>APLICA\u00c7\u00c3O:<\/strong><\/span><\/p>\n<p>Fiat \u2013 Tempra 16V \u2013 Ano:\u00a01993 &gt; 1999 \u2013 Combust\u00edvel: Todos<\/p>\n<p>Fiat \u2013 Tempra Turbo\u00a0\u2013 Ano: 1995 &gt; 1998 \u2013 Combust\u00edvel: Todos<\/p>\n<p><span style=\"color: #00ccff\"><strong>*ABS Tipo Coroa (Alta) \u2013 N\u00e3o aplica Tempra SW. Mesmas medidas CR32.<\/strong><\/span><\/p>\n<p><span style=\"color: #00ccff\"><strong>Eixo rolamento: 35,00 \u00a0 Altura: 63,00 \u00a0 Externo: 116,00 \u00a0 Gera\u00e7\u00e3o: 1\u00aa \u00a0 Contru\u00e7\u00e3o: Esfera \u00a0 Alt\/Conj\/Rolante: 37,00 \u00a0 Tipo ABS: Coroa \u00a0 Altura coroa ABS: 15,00 \u00a0 Dentes coroa ABS: 44 \u00a0 Qt furos: 4<\/strong><\/span><\/p>\n<p><span style=\"color: #00ccff\"><strong>CUBO DE RODA TRASEIRO COM ROLAMENTO<\/strong><\/span><\/p>\n<p><span style=\"color: #00ccff\"><strong>N\u00daMERO ORIGINAL: \u2013<\/strong><\/span><\/p>\n<p><span style=\"color: #00ccff\"><strong>REFER\u00caNCIA: \u2013 SKF:<\/strong> <\/span>BAFB633938B \u2013 IMA: AL636<\/p>\n<p><span style=\"color: #00ccff\"><strong>MARCA:<\/strong><\/span> ZTL \u2013 CR138<\/p>\n<p><span style=\"color: #00ccff\"><strong>PRODUTO NOVO<\/strong><\/span><\/p>\n<p><span style=\"color: #00ccff\"><strong>GARANTIA:\u00a0<\/strong><\/span> 90 dias ap\u00f3s o recebimento do produto. Todas as garantias s\u00e3o dadas pelos fabricantes, e variam de produto para produto. Para devolu\u00e7\u00f5es, os produtos dever\u00e3o ser remetidos em suas embalagens originais e caso for constatado mal uso, o custo ser\u00e1 por parte do comprador.<\/p>\n","protected":false},"excerpt":{"rendered":"<p><strong><span style=\"color: #00ccff\">C\u00d3DIGO:<\/span> <span style=\"color: #3366ff\">CR138<\/span><\/strong><\/p>\n<p><strong><span style=\"color: #00ccff\">CATEGORIA:<\/span> <span style=\"color: #3366ff\">Cubo de Roda<\/span><\/strong><\/p>\n<p><strong><span style=\"color: #00ccff\">MARCA:<\/span> <span style=\"color: #3366ff\">ZTL<\/span><\/strong><\/p>\n","protected":false},"featured_media":355,"comment_status":"open","ping_status":"closed","template":"","meta":{"_joinchat":[]},"product_brand":[],"product_cat":[40],"product_tag":[82,42,57,83],"class_list":{"0":"post-354","1":"product","2":"type-product","3":"status-publish","4":"has-post-thumbnail","6":"product_cat-cubo-de-roda","7":"product_tag-cr138","8":"product_tag-cubo-de-roda","9":"product_tag-fiat","10":"product_tag-tempra","12":"first","13":"instock","14":"taxable","15":"shipping-taxable","16":"purchasable","17":"product-type-simple"},"_links":{"self":[{"href":"https:\/\/ztlrolamentos.com.br\/loja\/wp-json\/wp\/v2\/product\/354","targetHints":{"allow":["GET"]}}],"collection":[{"href":"https:\/\/ztlrolamentos.com.br\/loja\/wp-json\/wp\/v2\/product"}],"about":[{"href":"https:\/\/ztlrolamentos.com.br\/loja\/wp-json\/wp\/v2\/types\/product"}],"replies":[{"embeddable":true,"href":"https:\/\/ztlrolamentos.com.br\/loja\/wp-json\/wp\/v2\/comments?post=354"}],"wp:featuredmedia":[{"embeddable":true,"href":"https:\/\/ztlrolamentos.com.br\/loja\/wp-json\/wp\/v2\/media\/355"}],"wp:attachment":[{"href":"https:\/\/ztlrolamentos.com.br\/loja\/wp-json\/wp\/v2\/media?parent=354"}],"wp:term":[{"taxonomy":"product_brand","embeddable":true,"href":"https:\/\/ztlrolamentos.com.br\/loja\/wp-json\/wp\/v2\/product_brand?post=354"},{"taxonomy":"product_cat","embeddable":true,"href":"https:\/\/ztlrolamentos.com.br\/loja\/wp-json\/wp\/v2\/product_cat?post=354"},{"taxonomy":"product_tag","embeddable":true,"href":"https:\/\/ztlrolamentos.com.br\/loja\/wp-json\/wp\/v2\/product_tag?post=354"}],"curies":[{"name":"wp","href":"https:\/\/api.w.org\/{rel}","templated":true}]}}