{"id":342,"date":"2020-07-14T17:24:14","date_gmt":"2020-07-14T20:24:14","guid":{"rendered":"https:\/\/www.lpicomercial.com.br\/?post_type=product&#038;p=342"},"modified":"2020-07-14T17:24:40","modified_gmt":"2020-07-14T20:24:40","slug":"cubo-de-roda-seat-cordoba-ano-todos-combustivel-tod","status":"publish","type":"product","link":"https:\/\/ztlrolamentos.com.br\/loja\/produto\/cubo-de-roda-seat-cordoba-ano-todos-combustivel-tod\/","title":{"rendered":"CUBO DE RODA- SEAT \u2013 CORDOBA \u2013 ANO: TODOS \u2013 COMBUST\u00cdVEL: TOD"},"content":{"rendered":"<p>LPI.PRODUTOS DE QUALIDADE PARA SEU VE\u00cdCULO. LINHA LEVE,PESADA E VANS.<\/p>\n<p><span style=\"color: #00ccff\"><strong>APLICA\u00c7\u00c3O:<\/strong><\/span><\/p>\n<p>Seat \u2013 Cordoba\u00a0\u2013 Ano: Todos \u2013 Combust\u00edvel: Todos<\/p>\n<p>Seat \u2013 Ibiza \u2013 Ano:\u00a0Todos \u2013 Combust\u00edvel: Todos<\/p>\n<p>VW \u2013 Golf\u00a0\u2013 Ano: 1994 &gt; 1998 \u2013 Combust\u00edvel: Todos<\/p>\n<p>VW \u2013 Passat Alem\u00e3o 2.0\u00a0\u2013 Ano: 1994 &gt; 1998 \u2013 Combust\u00edvel: Todos<\/p>\n<p>VW \u2013 Polo Classic \u2013 Ano:\u00a0Todos \u2013 Combust\u00edvel: Todos<\/p>\n<p><span style=\"color: #00ccff\"><strong>Eixo rolamento: 40,00 \u00a0 Altura: 74,50 \u00a0 Externo: 120,50 \u00a0 Dentes homocin\u00e9tica: 22 \u00a0 Gera\u00e7\u00e3o: 1\u00aa \u00a0 Tipo ABS: Coroa \u00a0 Altura coroa ABS: 24,00 \u00a0 Dentes coroa ABS: 46 \u00a0 Qt furos: 4<\/strong><\/span><\/p>\n<p><span style=\"color: #00ccff\"><strong>CUBO DE RODA DIANTEIRO COM ABS COROA<\/strong><\/span><\/p>\n<p><span style=\"color: #00ccff\"><strong>N\u00daMERO ORIGINAL: \u2013<\/strong><\/span><\/p>\n<p><span style=\"color: #00ccff\"><strong>REFER\u00caNCIA: IMA:<\/strong><\/span> AL809<\/p>\n<p><span style=\"color: #00ccff\"><strong>MARCA:<\/strong><\/span> ZTL \u2013 CR164<\/p>\n<p><span style=\"color: #00ccff\"><strong>PRODUTO NOVO<\/strong><\/span><\/p>\n<p><span style=\"color: #00ccff\"><strong>GARANTIA:<\/strong><\/span>\u00a0 90 dias ap\u00f3s o recebimento do produto. Todas as garantias s\u00e3o dadas pelos fabricantes, e variam de produto para produto. Para devolu\u00e7\u00f5es, os produtos dever\u00e3o ser remetidos em suas embalagens originais e caso for constatado mal uso, o custo ser\u00e1 por parte do comprador.<\/p>\n","protected":false},"excerpt":{"rendered":"<p><strong><span style=\"color: #00ccff\">C\u00d3DIGO:<\/span> <span style=\"color: #3366ff\">CR164<\/span><\/strong><\/p>\n<p><strong><span style=\"color: #00ccff\">CATEGORIA:<\/span> <span style=\"color: #3366ff\">Cubo de Roda<\/span><\/strong><\/p>\n<p><strong><span style=\"color: #00ccff\">MARCA:<\/span> <span style=\"color: #3366ff\">ZTL<\/span><\/strong><\/p>\n","protected":false},"featured_media":343,"comment_status":"open","ping_status":"closed","template":"","meta":{"_joinchat":[]},"product_brand":[],"product_cat":[40],"product_tag":[77,42],"class_list":{"0":"post-342","1":"product","2":"type-product","3":"status-publish","4":"has-post-thumbnail","6":"product_cat-cubo-de-roda","7":"product_tag-cr164","8":"product_tag-cubo-de-roda","10":"first","11":"instock","12":"taxable","13":"shipping-taxable","14":"purchasable","15":"product-type-simple"},"_links":{"self":[{"href":"https:\/\/ztlrolamentos.com.br\/loja\/wp-json\/wp\/v2\/product\/342","targetHints":{"allow":["GET"]}}],"collection":[{"href":"https:\/\/ztlrolamentos.com.br\/loja\/wp-json\/wp\/v2\/product"}],"about":[{"href":"https:\/\/ztlrolamentos.com.br\/loja\/wp-json\/wp\/v2\/types\/product"}],"replies":[{"embeddable":true,"href":"https:\/\/ztlrolamentos.com.br\/loja\/wp-json\/wp\/v2\/comments?post=342"}],"wp:featuredmedia":[{"embeddable":true,"href":"https:\/\/ztlrolamentos.com.br\/loja\/wp-json\/wp\/v2\/media\/343"}],"wp:attachment":[{"href":"https:\/\/ztlrolamentos.com.br\/loja\/wp-json\/wp\/v2\/media?parent=342"}],"wp:term":[{"taxonomy":"product_brand","embeddable":true,"href":"https:\/\/ztlrolamentos.com.br\/loja\/wp-json\/wp\/v2\/product_brand?post=342"},{"taxonomy":"product_cat","embeddable":true,"href":"https:\/\/ztlrolamentos.com.br\/loja\/wp-json\/wp\/v2\/product_cat?post=342"},{"taxonomy":"product_tag","embeddable":true,"href":"https:\/\/ztlrolamentos.com.br\/loja\/wp-json\/wp\/v2\/product_tag?post=342"}],"curies":[{"name":"wp","href":"https:\/\/api.w.org\/{rel}","templated":true}]}}