{"id":333,"date":"2020-07-14T17:04:56","date_gmt":"2020-07-14T20:04:56","guid":{"rendered":"https:\/\/www.lpicomercial.com.br\/?post_type=product&#038;p=333"},"modified":"2020-07-14T17:05:15","modified_gmt":"2020-07-14T20:05:15","slug":"cubo-rolamento-roda-dianteiro-nissan-frontier-4x2-com-abs","status":"publish","type":"product","link":"https:\/\/ztlrolamentos.com.br\/loja\/produto\/cubo-rolamento-roda-dianteiro-nissan-frontier-4x2-com-abs\/","title":{"rendered":"CUBO ROLAMENTO RODA DIANTEIRO NISSAN FRONTIER 4\u00d72 COM ABS"},"content":{"rendered":"<p>LPI. PRODUTOS DE QUALIDADE PARA SEU VE\u00cdCULO. LINHA LEVE, PESADA E VANS.<\/p>\n<p><span style=\"color: #00ccff\"><strong>OBS.: N\u00e3o serve nas FRONTIER 4X4<\/strong><\/span><\/p>\n<p><span style=\"color: #00ccff\"><strong>N\u00e3o serve na Frontier XE D40B ( 4\u00d72 )\u00a0 e Frontier modelo SEL\u00a0 (4\u00d74)<\/strong><\/span><\/p>\n<p><strong><span style=\"color: #00ccff\">APLICA\u00c7\u00c3O:<\/span><\/strong>\u00a0Nissan \u2013 Frontier 4\u00d72 D40M \u2013 Ano: 2005 &gt; Combust\u00edvel: Todos<\/p>\n<p>Nissan \u2013 Pathfinder \u2013 Ano:\u00a02005 &gt; Combust\u00edvel: Todos<\/p>\n<p>Nissan \u2013 XTerra \u2013 Ano:\u00a02005 &gt; Combust\u00edvel: Todos<\/p>\n<p>Suzuki \u2013 Equator \u2013 Ano: \u00a02009 &gt; Combust\u00edvel: Todos<\/p>\n<p><span style=\"color: #00ccff\">*\u00a0<b>N\u00e3o possui estrias internas\u00a0<\/b><\/span><\/p>\n<p><span style=\"color: #00ccff\"><strong>CUBO DE RODA- Nissan \u2013 Frontier 4\u00d72 D40M \u2013 Ano: 2005<\/strong><\/span><\/p>\n<p><span style=\"color: #00ccff\"><strong>CUBO RODA DIANTEIRO COM ABS<\/strong><\/span><\/p>\n<p><span style=\"color: #00ccff\"><strong>Altura: 88,00 \u00a0 Externo: 140,00 \u00a0 Gera\u00e7\u00e3o: 3\u00aa \u00a0 Contru\u00e7\u00e3o: Roletes \u00a0 Tipo ABS: Cabo conector<\/strong><\/span><\/p>\n<p><span style=\"color: #00ccff\"><strong>\u00a0 Qt pafarusos: 6 \u00a0<\/strong><\/span><\/p>\n<p><span style=\"color: #00ccff\"><b>N\u00daMERO ORIGINAL:\u00a0<\/b>\u2013<\/span><\/p>\n<p><span style=\"color: #00ccff\"><b>REFER\u00caNCIA: \u2013<\/b><\/span><\/p>\n<p><span style=\"color: #00ccff\"><b>MARCA:\u00a0<\/b><\/span>ZTL \u2013 CR174<\/p>\n<p><span style=\"color: #00ccff\"><b>PRODUTO NOVO<\/b><\/span><\/p>\n<p><span style=\"color: #00ccff\"><b>GARANTIA:\u00a0\u00a0<\/b><\/span>90 dias ap\u00f3s o recebimento do produto. Todas as garantias s\u00e3o dadas pelos fabricantes, e variam de produto para produto. Para devolu\u00e7\u00f5es, os produtos dever\u00e3o ser remetidos em suas embalagens originais e caso for constatado mal uso, o custo ser\u00e1 por parte do comprador.<\/p>\n","protected":false},"excerpt":{"rendered":"<p><strong><span style=\"color: #3366ff\"><span style=\"color: #00ccff\">C\u00d3DIGO: <\/span>CR174<\/span><\/strong><\/p>\n<p><strong><span style=\"color: #00ccff\">CATEGORIA:<\/span> <span style=\"color: #3366ff\">Cubo de Roda<\/span><\/strong><\/p>\n<p><strong><span style=\"color: #00ccff\">MARCA:<\/span> <span style=\"color: #3366ff\">ZTL<\/span><\/strong><\/p>\n","protected":false},"featured_media":334,"comment_status":"open","ping_status":"closed","template":"","meta":{"_joinchat":[]},"product_brand":[],"product_cat":[40],"product_tag":[73,42,75,74],"class_list":{"0":"post-333","1":"product","2":"type-product","3":"status-publish","4":"has-post-thumbnail","6":"product_cat-cubo-de-roda","7":"product_tag-cr174","8":"product_tag-cubo-de-roda","9":"product_tag-frontier","10":"product_tag-nissan","12":"first","13":"instock","14":"taxable","15":"shipping-taxable","16":"purchasable","17":"product-type-simple"},"_links":{"self":[{"href":"https:\/\/ztlrolamentos.com.br\/loja\/wp-json\/wp\/v2\/product\/333","targetHints":{"allow":["GET"]}}],"collection":[{"href":"https:\/\/ztlrolamentos.com.br\/loja\/wp-json\/wp\/v2\/product"}],"about":[{"href":"https:\/\/ztlrolamentos.com.br\/loja\/wp-json\/wp\/v2\/types\/product"}],"replies":[{"embeddable":true,"href":"https:\/\/ztlrolamentos.com.br\/loja\/wp-json\/wp\/v2\/comments?post=333"}],"wp:featuredmedia":[{"embeddable":true,"href":"https:\/\/ztlrolamentos.com.br\/loja\/wp-json\/wp\/v2\/media\/334"}],"wp:attachment":[{"href":"https:\/\/ztlrolamentos.com.br\/loja\/wp-json\/wp\/v2\/media?parent=333"}],"wp:term":[{"taxonomy":"product_brand","embeddable":true,"href":"https:\/\/ztlrolamentos.com.br\/loja\/wp-json\/wp\/v2\/product_brand?post=333"},{"taxonomy":"product_cat","embeddable":true,"href":"https:\/\/ztlrolamentos.com.br\/loja\/wp-json\/wp\/v2\/product_cat?post=333"},{"taxonomy":"product_tag","embeddable":true,"href":"https:\/\/ztlrolamentos.com.br\/loja\/wp-json\/wp\/v2\/product_tag?post=333"}],"curies":[{"name":"wp","href":"https:\/\/api.w.org\/{rel}","templated":true}]}}