{"id":325,"date":"2020-07-14T16:48:26","date_gmt":"2020-07-14T19:48:26","guid":{"rendered":"https:\/\/www.lpicomercial.com.br\/?post_type=product&#038;p=325"},"modified":"2020-07-14T16:49:53","modified_gmt":"2020-07-14T19:49:53","slug":"cubo-de-roda-ford-ranger-ano-2002-2005-combustivel-todos-veiculos-4x4","status":"publish","type":"product","link":"https:\/\/ztlrolamentos.com.br\/loja\/produto\/cubo-de-roda-ford-ranger-ano-2002-2005-combustivel-todos-veiculos-4x4\/","title":{"rendered":"CUBO DE RODA- FORD \u2013 RANGER \u2013 ANO: 2002 &gt; 2005 \u2013 COMBUST\u00cdVEL: TODOS * VE\u00cdCULOS 4X4"},"content":{"rendered":"<p>LPI.PRODUTOS DE QUALIDADE PARA SEU VE\u00cdCULO. LINHA LEVE,PESADA E VANS.<\/p>\n<p><span style=\"color: #00ccff\"><strong>APLICA\u00c7\u00c3O:<\/strong><\/span><\/p>\n<p>Ford \u2013 Ranger \u2013 Ano:\u00a02002 &gt; 2005 \u2013 Combust\u00edvel: Todos<\/p>\n<p><strong><span style=\"color: #00ccff\">* Ve\u00edculos 4X4<\/span><\/strong><\/p>\n<p><strong><span style=\"color: #00ccff\">Altura: 91,50 \u00a0 Externo: 160,00 \u00a0 Dentes homocin\u00e9tica: 27 \u00a0 Gera\u00e7\u00e3o: 3\u00aa \u00a0 Tipo ABS: Cabo conector \u00a0 Qt pafarusos: 5<\/span><\/strong><\/p>\n<p><strong><span style=\"color: #00ccff\">CUBO DE RODA DIANTEIRO<\/span><\/strong><\/p>\n<p><strong><span style=\"color: #00ccff\">N\u00daMERO ORIGINAL: \u2013<\/span><\/strong><\/p>\n<p><strong><span style=\"color: #00ccff\">REFER\u00caNCIA: SKF:<\/span><\/strong> BR930456 \u2013 IMA: AL48<\/p>\n<p><span style=\"color: #00ccff\"><strong>MARCA:<\/strong><\/span> ZTL \u2013 CR206<\/p>\n<p><span style=\"color: #00ccff\"><strong>PRODUTO NOVO<\/strong><\/span><\/p>\n<p><span style=\"color: #00ccff\"><strong>GARANTIA:\u00a0<\/strong><\/span> 90 dias ap\u00f3s o recebimento do produto. Todas as garantias s\u00e3o dadas pelos fabricantes, e variam de produto para produto. Para devolu\u00e7\u00f5es, os produtos dever\u00e3o ser remetidos em suas embalagens originais e caso for constatado mal uso, o custo ser\u00e1 por parte do comprador.<\/p>\n","protected":false},"excerpt":{"rendered":"<p><strong><span style=\"color: #00ccff\">C\u00d3DIGO:<\/span> <span style=\"color: #3366ff\">CR206<\/span><\/strong><\/p>\n<p><strong><span style=\"color: #00ccff\">CATEGORIA:<\/span> <span style=\"color: #3366ff\">Cubo de Roda<\/span><\/strong><\/p>\n<p><strong><span style=\"color: #00ccff\">MARCA:<\/span> <span style=\"color: #3366ff\">ZTL<\/span><\/strong><\/p>\n","protected":false},"featured_media":326,"comment_status":"open","ping_status":"closed","template":"","meta":{"_joinchat":[]},"product_brand":[],"product_cat":[40],"product_tag":[68,42,49,69],"class_list":{"0":"post-325","1":"product","2":"type-product","3":"status-publish","4":"has-post-thumbnail","6":"product_cat-cubo-de-roda","7":"product_tag-cr206","8":"product_tag-cubo-de-roda","9":"product_tag-ford","10":"product_tag-ranger","12":"first","13":"instock","14":"taxable","15":"shipping-taxable","16":"purchasable","17":"product-type-simple"},"_links":{"self":[{"href":"https:\/\/ztlrolamentos.com.br\/loja\/wp-json\/wp\/v2\/product\/325","targetHints":{"allow":["GET"]}}],"collection":[{"href":"https:\/\/ztlrolamentos.com.br\/loja\/wp-json\/wp\/v2\/product"}],"about":[{"href":"https:\/\/ztlrolamentos.com.br\/loja\/wp-json\/wp\/v2\/types\/product"}],"replies":[{"embeddable":true,"href":"https:\/\/ztlrolamentos.com.br\/loja\/wp-json\/wp\/v2\/comments?post=325"}],"wp:featuredmedia":[{"embeddable":true,"href":"https:\/\/ztlrolamentos.com.br\/loja\/wp-json\/wp\/v2\/media\/326"}],"wp:attachment":[{"href":"https:\/\/ztlrolamentos.com.br\/loja\/wp-json\/wp\/v2\/media?parent=325"}],"wp:term":[{"taxonomy":"product_brand","embeddable":true,"href":"https:\/\/ztlrolamentos.com.br\/loja\/wp-json\/wp\/v2\/product_brand?post=325"},{"taxonomy":"product_cat","embeddable":true,"href":"https:\/\/ztlrolamentos.com.br\/loja\/wp-json\/wp\/v2\/product_cat?post=325"},{"taxonomy":"product_tag","embeddable":true,"href":"https:\/\/ztlrolamentos.com.br\/loja\/wp-json\/wp\/v2\/product_tag?post=325"}],"curies":[{"name":"wp","href":"https:\/\/api.w.org\/{rel}","templated":true}]}}