{"id":308,"date":"2020-07-14T16:18:51","date_gmt":"2020-07-14T19:18:51","guid":{"rendered":"https:\/\/www.lpicomercial.com.br\/?post_type=product&#038;p=308"},"modified":"2020-07-14T16:19:08","modified_gmt":"2020-07-14T19:19:08","slug":"cubo-de-roda-hyundai-accent-ano-todos-combustivel-t","status":"publish","type":"product","link":"https:\/\/ztlrolamentos.com.br\/loja\/produto\/cubo-de-roda-hyundai-accent-ano-todos-combustivel-t\/","title":{"rendered":"CUBO DE RODA- HYUNDAI \u2013 ACCENT \u2013 ANO: TODOS \u2013 COMBUST\u00cdVEL: T"},"content":{"rendered":"<p>LPI.PRODUTOS DE QUALIDADE PARA SEU VE\u00cdCULO. LINHA LEVE,PESADA E VANS.<\/p>\n<p><strong><span style=\"color: #00ccff\">APLICA\u00c7\u00c3O:<\/span><\/strong><\/p>\n<p>Hyundai \u2013 Accent\u00a0\u2013 Ano: Todos \u2013 Combust\u00edvel: Todos<\/p>\n<p>Hyundai \u2013 Excel \u2013 Ano:\u00a0Todos \u2013 Combust\u00edvel: Todos<\/p>\n<p><strong><span style=\"color: #00ccff\">Eixo rolamento: 38,00 \u00a0 Altura: 70,00 \u00a0 Externo: 154,00 \u00a0 Dentes homocin\u00e9tica: 25 \u00a0 Gera\u00e7\u00e3o: 1\u00aa \u00a0 Qt pafarusos: 4<\/span><\/strong><\/p>\n<p><strong><span style=\"color: #00ccff\">CUBO DE RODA TRASEIRO<\/span><\/strong><\/p>\n<p><strong><span style=\"color: #00ccff\">N\u00daMERO ORIGINAL: \u2013<\/span><\/strong><\/p>\n<p><strong><span style=\"color: #00ccff\">REFER\u00caNCIA: IMA: <\/span><\/strong><span style=\"color: #333333\">AL887<\/span><\/p>\n<p><strong><span style=\"color: #00ccff\">MARCA:<\/span><\/strong> ZTL \u2013 CR219<\/p>\n<p><strong><span style=\"color: #00ccff\">PRODUTO NOVO<\/span><\/strong><\/p>\n<p><span style=\"color: #00ccff\"><strong>GARANTIA:\u00a0<\/strong><\/span> 90 dias ap\u00f3s o recebimento do produto. Todas as garantias s\u00e3o dadas pelos fabricantes, e variam de produto para produto. Para devolu\u00e7\u00f5es, os produtos dever\u00e3o ser remetidos em suas embalagens originais e caso for constatado mal uso, o custo ser\u00e1 por parte do comprador.<\/p>\n","protected":false},"excerpt":{"rendered":"<p><span style=\"color: #00ccff\"><strong>C\u00d3DIGO:<\/strong><\/span> <span style=\"color: #3366ff\"><strong>CR219<\/strong><\/span><\/p>\n<p><span style=\"color: #00ccff\"><strong>CATEGORIA:<\/strong><\/span> <span style=\"color: #3366ff\"><strong>Cubo de Roda<\/strong><\/span><\/p>\n<p><strong><span style=\"color: #00ccff\">MARCA:<\/span><\/strong><span style=\"color: #3366ff\"><strong> ZTL<\/strong><\/span><\/p>\n","protected":false},"featured_media":309,"comment_status":"open","ping_status":"closed","template":"","meta":{"_joinchat":[]},"product_brand":[],"product_cat":[40],"product_tag":[62,42,63],"class_list":{"0":"post-308","1":"product","2":"type-product","3":"status-publish","4":"has-post-thumbnail","6":"product_cat-cubo-de-roda","7":"product_tag-cr219","8":"product_tag-cubo-de-roda","9":"product_tag-hyundai","11":"first","12":"instock","13":"taxable","14":"shipping-taxable","15":"purchasable","16":"product-type-simple"},"_links":{"self":[{"href":"https:\/\/ztlrolamentos.com.br\/loja\/wp-json\/wp\/v2\/product\/308","targetHints":{"allow":["GET"]}}],"collection":[{"href":"https:\/\/ztlrolamentos.com.br\/loja\/wp-json\/wp\/v2\/product"}],"about":[{"href":"https:\/\/ztlrolamentos.com.br\/loja\/wp-json\/wp\/v2\/types\/product"}],"replies":[{"embeddable":true,"href":"https:\/\/ztlrolamentos.com.br\/loja\/wp-json\/wp\/v2\/comments?post=308"}],"wp:featuredmedia":[{"embeddable":true,"href":"https:\/\/ztlrolamentos.com.br\/loja\/wp-json\/wp\/v2\/media\/309"}],"wp:attachment":[{"href":"https:\/\/ztlrolamentos.com.br\/loja\/wp-json\/wp\/v2\/media?parent=308"}],"wp:term":[{"taxonomy":"product_brand","embeddable":true,"href":"https:\/\/ztlrolamentos.com.br\/loja\/wp-json\/wp\/v2\/product_brand?post=308"},{"taxonomy":"product_cat","embeddable":true,"href":"https:\/\/ztlrolamentos.com.br\/loja\/wp-json\/wp\/v2\/product_cat?post=308"},{"taxonomy":"product_tag","embeddable":true,"href":"https:\/\/ztlrolamentos.com.br\/loja\/wp-json\/wp\/v2\/product_tag?post=308"}],"curies":[{"name":"wp","href":"https:\/\/api.w.org\/{rel}","templated":true}]}}