{"id":304,"date":"2020-07-14T16:11:13","date_gmt":"2020-07-14T19:11:13","guid":{"rendered":"https:\/\/www.lpicomercial.com.br\/?post_type=product&#038;p=304"},"modified":"2020-07-14T16:11:33","modified_gmt":"2020-07-14T19:11:33","slug":"cubo-de-roda-gm-vectra-16v-ano-1997-combustivel-todo","status":"publish","type":"product","link":"https:\/\/ztlrolamentos.com.br\/loja\/produto\/cubo-de-roda-gm-vectra-16v-ano-1997-combustivel-todo\/","title":{"rendered":"CUBO DE RODA- GM \u2013 VECTRA 16V \u2013 ANO: 1997 &gt;COMBUST\u00cdVEL: TODO"},"content":{"rendered":"<p>LPI.PRODUTOS DE QUALIDADE PARA SEU VE\u00cdCULO. LINHA LEVE,PESADA E VANS.<\/p>\n<p><span style=\"color: #00ccff\"><strong>APLICA\u00c7\u00c3O:<\/strong><\/span><\/p>\n<p>GM \u2013 Vectra 16V\u00a0\u2013 Ano: 1997 &gt; Combust\u00edvel: Todos<\/p>\n<p>*Rolamento: 397439B.<\/p>\n<p><span style=\"color: #00ccff\"><strong>Eixo rolamento: 39,00 \u00a0 Altura: 81,50 \u00a0 Externo: 137,00 \u00a0 Dentes homocin\u00e9tica: 33 \u00a0 Gera\u00e7\u00e3o: 1\u00aa \u00a0 Tipo ABS: Sem ABS \u00a0 Qt furos: 5<\/strong><\/span><\/p>\n<p><span style=\"color: #00ccff\"><strong>CUBO DE RODA DIANTEIRO<\/strong><\/span><\/p>\n<p><span style=\"color: #00ccff\"><strong>N\u00daMERO ORIGINAL: \u2013<\/strong><\/span><\/p>\n<p><span style=\"color: #00ccff\"><strong>REFER\u00caNCIA: IMA:<\/strong><\/span> AL96<\/p>\n<p><span style=\"color: #00ccff\"><strong>MARCA:<\/strong> <\/span>ZTL \u2013 CR16<\/p>\n<p><span style=\"color: #00ccff\"><strong>PRODUTO NOVO<\/strong><\/span><\/p>\n<p>GARANTIA:\u00a0 90 dias ap\u00f3s o recebimento do produto. Todas as garantias s\u00e3o dadas pelos fabricantes, e variam de produto para produto. Para devolu\u00e7\u00f5es, os produtos dever\u00e3o ser remetidos em suas embalagens originais e caso for constatado mal uso, o custo ser\u00e1 por parte do comprador.<\/p>\n","protected":false},"excerpt":{"rendered":"<p><strong><span style=\"color: #00ccff\">C\u00d3DIGO:<\/span><\/strong> <strong><span style=\"color: #3366ff\">CR16<\/span><\/strong><\/p>\n<p><span style=\"color: #00ccff\"><strong>CATEGORIA:<\/strong><\/span> <span style=\"color: #3366ff\"><strong>Cubo de Roda<\/strong><\/span><\/p>\n<p><strong><span style=\"color: #00ccff\">MARCA:<\/span><\/strong> <span style=\"color: #3366ff\"><strong>ZTL<\/strong><\/span><\/p>\n","protected":false},"featured_media":305,"comment_status":"open","ping_status":"closed","template":"","meta":{"_joinchat":[]},"product_brand":[],"product_cat":[40],"product_tag":[60,42,61],"class_list":{"0":"post-304","1":"product","2":"type-product","3":"status-publish","4":"has-post-thumbnail","6":"product_cat-cubo-de-roda","7":"product_tag-cr16","8":"product_tag-cubo-de-roda","9":"product_tag-gm","11":"first","12":"instock","13":"taxable","14":"shipping-taxable","15":"purchasable","16":"product-type-simple"},"_links":{"self":[{"href":"https:\/\/ztlrolamentos.com.br\/loja\/wp-json\/wp\/v2\/product\/304","targetHints":{"allow":["GET"]}}],"collection":[{"href":"https:\/\/ztlrolamentos.com.br\/loja\/wp-json\/wp\/v2\/product"}],"about":[{"href":"https:\/\/ztlrolamentos.com.br\/loja\/wp-json\/wp\/v2\/types\/product"}],"replies":[{"embeddable":true,"href":"https:\/\/ztlrolamentos.com.br\/loja\/wp-json\/wp\/v2\/comments?post=304"}],"wp:featuredmedia":[{"embeddable":true,"href":"https:\/\/ztlrolamentos.com.br\/loja\/wp-json\/wp\/v2\/media\/305"}],"wp:attachment":[{"href":"https:\/\/ztlrolamentos.com.br\/loja\/wp-json\/wp\/v2\/media?parent=304"}],"wp:term":[{"taxonomy":"product_brand","embeddable":true,"href":"https:\/\/ztlrolamentos.com.br\/loja\/wp-json\/wp\/v2\/product_brand?post=304"},{"taxonomy":"product_cat","embeddable":true,"href":"https:\/\/ztlrolamentos.com.br\/loja\/wp-json\/wp\/v2\/product_cat?post=304"},{"taxonomy":"product_tag","embeddable":true,"href":"https:\/\/ztlrolamentos.com.br\/loja\/wp-json\/wp\/v2\/product_tag?post=304"}],"curies":[{"name":"wp","href":"https:\/\/api.w.org\/{rel}","templated":true}]}}