{"id":300,"date":"2020-07-14T16:03:49","date_gmt":"2020-07-14T19:03:49","guid":{"rendered":"https:\/\/www.lpicomercial.com.br\/?post_type=product&#038;p=300"},"modified":"2020-07-14T16:04:43","modified_gmt":"2020-07-14T19:04:43","slug":"cubo-de-roda-citroen-xsara-ano-1997-2000-combusti","status":"publish","type":"product","link":"https:\/\/ztlrolamentos.com.br\/loja\/produto\/cubo-de-roda-citroen-xsara-ano-1997-2000-combusti\/","title":{"rendered":"CUBO DE RODA- CITROEN \u2013 XSARA \u2013 ANO:  1997 \u2013 2000 \u2013 COMBUST\u00cd"},"content":{"rendered":"<p>LPI.PRODUTOS DE QUALIDADE PARA SEU VE\u00cdCULO. LINHA LEVE,PESADA E VANS.<\/p>\n<p><span style=\"color: #00ccff\"><b>APLICA\u00c7\u00c3O:<\/b><\/span><\/p>\n<p>Citroen \u2013 Xsara \u2013 Ano: \u00a01997 &gt; 2000 \u2013 Combust\u00edvel: Todos<\/p>\n<p>Peugeot \u2013 306 Break\/Enterprise \u2013 Ano:\u00a01997 &gt; 2002 \u2013 Combust\u00edvel: Todos<\/p>\n<p>*\u00a0<span style=\"color: #00ccff\"><b>Aplica nos ve\u00edculos com freio a tambor.<\/b><\/span><\/p>\n<p><span style=\"color: #00ccff\"><strong>Eixo rolamento: 25,00 \u00a0 Altura: 72,00 \u00a0 Externo: 129,00 \u00a0 Gera\u00e7\u00e3o: 2\u00aa \u00a0 Contru\u00e7\u00e3o: Esfera \u00a0 Alt\/Conj\/Rolante: 49,00 \u00a0 Tipo ABS: Coroa \u00a0 Altura coroa ABS: 22,50 \u00a0 Dentes coroa ABS: 29 \u00a0 Qt furos: 4<\/strong><\/span><\/p>\n<p><span style=\"color: #00ccff\"><strong>CUBO DE RODA TRASEIRO COM ROLAMENTO<\/strong><\/span><\/p>\n<p><span style=\"color: #00ccff\"><b>N\u00daMERO ORIGINAL:\u00a0<\/b>\u2013<\/span><\/p>\n<p><b><span style=\"color: #00ccff\">REFER\u00caNCIA: IMA:<\/span> <\/b>AL980<\/p>\n<p><b><span style=\"color: #00ccff\">MARCA:<\/span>\u00a0<\/b>ZTL \u2013 CR74<\/p>\n<p><span style=\"color: #00ccff\"><b>PRODUTO NOVO<\/b><\/span><\/p>\n<p><b><span style=\"color: #00ccff\">GARANTIA:<\/span>\u00a0\u00a0<\/b>90 dias ap\u00f3s o recebimento do produto. Todas as garantias s\u00e3o dadas pelos fabricantes, e variam de produto para produto. Para devolu\u00e7\u00f5es, os produtos dever\u00e3o ser remetidos em suas embalagens originais e caso for constatado mal uso, o custo ser\u00e1 por parte do comprador.<\/p>\n","protected":false},"excerpt":{"rendered":"<p><strong><span style=\"color: #00ccff\">C\u00d3DIGO:<\/span><\/strong> <span style=\"color: #3366ff\"><strong>CR74<\/strong><\/span><\/p>\n<p><strong><span style=\"color: #00ccff\">CATEGORIA:<\/span><\/strong> <span style=\"color: #3366ff\"><strong>Cubo de Roda<\/strong><\/span><\/p>\n<p><span style=\"color: #00ccff\"><strong>MARCA:<\/strong><\/span> <span style=\"color: #3366ff\"><strong>ZTL<\/strong><\/span><\/p>\n","protected":false},"featured_media":302,"comment_status":"open","ping_status":"closed","template":"","meta":{"_joinchat":[]},"product_brand":[],"product_cat":[40],"product_tag":[59,58,42],"class_list":{"0":"post-300","1":"product","2":"type-product","3":"status-publish","4":"has-post-thumbnail","6":"product_cat-cubo-de-roda","7":"product_tag-citroen","8":"product_tag-cr74","9":"product_tag-cubo-de-roda","11":"first","12":"instock","13":"taxable","14":"shipping-taxable","15":"purchasable","16":"product-type-simple"},"_links":{"self":[{"href":"https:\/\/ztlrolamentos.com.br\/loja\/wp-json\/wp\/v2\/product\/300","targetHints":{"allow":["GET"]}}],"collection":[{"href":"https:\/\/ztlrolamentos.com.br\/loja\/wp-json\/wp\/v2\/product"}],"about":[{"href":"https:\/\/ztlrolamentos.com.br\/loja\/wp-json\/wp\/v2\/types\/product"}],"replies":[{"embeddable":true,"href":"https:\/\/ztlrolamentos.com.br\/loja\/wp-json\/wp\/v2\/comments?post=300"}],"wp:featuredmedia":[{"embeddable":true,"href":"https:\/\/ztlrolamentos.com.br\/loja\/wp-json\/wp\/v2\/media\/302"}],"wp:attachment":[{"href":"https:\/\/ztlrolamentos.com.br\/loja\/wp-json\/wp\/v2\/media?parent=300"}],"wp:term":[{"taxonomy":"product_brand","embeddable":true,"href":"https:\/\/ztlrolamentos.com.br\/loja\/wp-json\/wp\/v2\/product_brand?post=300"},{"taxonomy":"product_cat","embeddable":true,"href":"https:\/\/ztlrolamentos.com.br\/loja\/wp-json\/wp\/v2\/product_cat?post=300"},{"taxonomy":"product_tag","embeddable":true,"href":"https:\/\/ztlrolamentos.com.br\/loja\/wp-json\/wp\/v2\/product_tag?post=300"}],"curies":[{"name":"wp","href":"https:\/\/api.w.org\/{rel}","templated":true}]}}