{"id":295,"date":"2020-07-14T15:42:09","date_gmt":"2020-07-14T18:42:09","guid":{"rendered":"https:\/\/www.lpicomercial.com.br\/?post_type=product&#038;p=295"},"modified":"2020-07-14T15:42:29","modified_gmt":"2020-07-14T18:42:29","slug":"cubo-de-roda-chrysler-grand-voyager-ano-2000-combust","status":"publish","type":"product","link":"https:\/\/ztlrolamentos.com.br\/loja\/produto\/cubo-de-roda-chrysler-grand-voyager-ano-2000-combust\/","title":{"rendered":"CUBO DE RODA- CHRYSLER \u2013 GRAND VOYAGER \u2013 ANO: 2000 \u2013 COMBUST"},"content":{"rendered":"<p>LPI.PRODUTOS DE QUALIDADE PARA SEU VE\u00cdCULO. LINHA LEVE,PESADA E VANS.<\/p>\n<p><span style=\"color: #00ccff\"><strong>APLICA\u00c7\u00c3O:<\/strong><\/span><\/p>\n<p>Chrysler \u2013 Grand Voyager\u00a0\u2013 Ano: 2000 \u2013 Combust\u00edvel: Todos<\/p>\n<p>Chrysler \u2013 Town&amp;Country\u00a0\u2013 Ano: 1996 &gt; 2000 \u2013 Combust\u00edvel:\u00a0Todos<\/p>\n<p>Chrysler \u2013 Voyager\u00a0\u2013 Ano: 2000 \u2013 Combust\u00edvel: Todos<\/p>\n<p>Dodge \u2013 Caravan \u2013 Ano: \u00a01996 &gt; 2000 \u2013 Combust\u00edvel: Todos<\/p>\n<p>Dodge \u2013 Grand Caravan \u2013 Ano: \u00a01996 &gt; 2000 \u2013 Combust\u00edvel: Todos<\/p>\n<p><strong><span style=\"color: #00ccff\">* Ve\u00edculos aro 14.<\/span><\/strong><\/p>\n<p><strong><span style=\"color: #00ccff\">Altura: 76,00 \u00a0 Externo: 125,80 \u00a0 Dentes homocin\u00e9tica: 26 \u00a0 Gera\u00e7\u00e3o: 3\u00aa \u00a0 Contru\u00e7\u00e3o: Roletes \u00a0 Tipo ABS: Sem ABS \u00a0 Qt pafarusos: 5<\/span><\/strong><\/p>\n<p><strong><span style=\"color: #00ccff\">CUBO DE RODA DIANTEIRO SEM ABS<\/span><\/strong><\/p>\n<p><strong><span style=\"color: #00ccff\">N\u00daMERO ORIGINAL: \u2013<\/span><\/strong><\/p>\n<p><strong><span style=\"color: #00ccff\">REFER\u00caNCIA: SKF:<\/span><\/strong><span style=\"color: #333333\"> BR390216 \u2013 IMA: AL881<\/span><\/p>\n<p><strong><span style=\"color: #00ccff\">MARCA:<\/span><\/strong> ZTL \u2013 CR213<\/p>\n<p><span style=\"color: #00ccff\"><strong>PRODUTO NOVO<\/strong><\/span><\/p>\n<p>GARANTIA:\u00a0 90 dias ap\u00f3s o recebimento do produto. Todas as garantias s\u00e3o dadas pelos fabricantes, e variam de produto para produto. Para devolu\u00e7\u00f5es, os produtos dever\u00e3o ser remetidos em suas embalagens originais e caso for constatado mal uso, o custo ser\u00e1 por parte do comprador.<\/p>\n","protected":false},"excerpt":{"rendered":"<p><strong><span style=\"color: #00ccff\">C\u00d3DIGO:<\/span><\/strong> <span style=\"color: #3366ff\"><strong>CR213<\/strong><\/span><\/p>\n<p><span style=\"color: #00ccff\"><strong>CATEGORIA:<\/strong><\/span> <span style=\"color: #3366ff\"><strong>Cubo de Roda<\/strong><\/span><\/p>\n<p><span style=\"color: #00ccff\"><strong>MARCA:<\/strong><\/span><span style=\"color: #3366ff\"><strong> ZTL<\/strong><\/span><\/p>\n","protected":false},"featured_media":296,"comment_status":"open","ping_status":"closed","template":"","meta":{"_joinchat":[]},"product_brand":[],"product_cat":[40],"product_tag":[47,55,42],"class_list":{"0":"post-295","1":"product","2":"type-product","3":"status-publish","4":"has-post-thumbnail","6":"product_cat-cubo-de-roda","7":"product_tag-chrysler","8":"product_tag-cr213","9":"product_tag-cubo-de-roda","11":"first","12":"instock","13":"taxable","14":"shipping-taxable","15":"purchasable","16":"product-type-simple"},"_links":{"self":[{"href":"https:\/\/ztlrolamentos.com.br\/loja\/wp-json\/wp\/v2\/product\/295","targetHints":{"allow":["GET"]}}],"collection":[{"href":"https:\/\/ztlrolamentos.com.br\/loja\/wp-json\/wp\/v2\/product"}],"about":[{"href":"https:\/\/ztlrolamentos.com.br\/loja\/wp-json\/wp\/v2\/types\/product"}],"replies":[{"embeddable":true,"href":"https:\/\/ztlrolamentos.com.br\/loja\/wp-json\/wp\/v2\/comments?post=295"}],"wp:featuredmedia":[{"embeddable":true,"href":"https:\/\/ztlrolamentos.com.br\/loja\/wp-json\/wp\/v2\/media\/296"}],"wp:attachment":[{"href":"https:\/\/ztlrolamentos.com.br\/loja\/wp-json\/wp\/v2\/media?parent=295"}],"wp:term":[{"taxonomy":"product_brand","embeddable":true,"href":"https:\/\/ztlrolamentos.com.br\/loja\/wp-json\/wp\/v2\/product_brand?post=295"},{"taxonomy":"product_cat","embeddable":true,"href":"https:\/\/ztlrolamentos.com.br\/loja\/wp-json\/wp\/v2\/product_cat?post=295"},{"taxonomy":"product_tag","embeddable":true,"href":"https:\/\/ztlrolamentos.com.br\/loja\/wp-json\/wp\/v2\/product_tag?post=295"}],"curies":[{"name":"wp","href":"https:\/\/api.w.org\/{rel}","templated":true}]}}