{"id":291,"date":"2020-07-14T15:35:24","date_gmt":"2020-07-14T18:35:24","guid":{"rendered":"https:\/\/www.lpicomercial.com.br\/?post_type=product&#038;p=291"},"modified":"2020-07-14T15:35:40","modified_gmt":"2020-07-14T18:35:40","slug":"cubo-de-roda-audi-a4-ano-2002-combustivel-todos-au","status":"publish","type":"product","link":"https:\/\/ztlrolamentos.com.br\/loja\/produto\/cubo-de-roda-audi-a4-ano-2002-combustivel-todos-au\/","title":{"rendered":"CUBO DE RODA- AUDI \u2013 A4 \u2013 ANO: 2002 &gt; COMBUST\u00cdVEL: TODOS AU"},"content":{"rendered":"<p>LPI.PRODUTOS DE QUALIDADE PARA SEU VE\u00cdCULO. LINHA LEVE,PESADA E VANS.<\/p>\n<p><span style=\"color: #00ccff\"><strong>APLICA\u00c7\u00c3O:<\/strong><\/span><\/p>\n<p>AUDI<br \/>\nA4 3.0 V6 30V TIPTRONIC QUATTRO ANO: 2002 \u2013 2011<br \/>\nA4 3.0 V6 30V QUATTRO (TIPTRONIC) ANO: 2002 \u2013 2011<br \/>\nA4 3.0 V6 30V (MULTITRONIC) ANO: 2002 \u2013 2011<br \/>\nA4 3.0 30V MULTITRONIC ANO: 2002 \u2013 2011<\/p>\n<p>A5 3.0 TFSI SPORTBACK S TRONIC ANO: 2008 \/ \u2026<\/p>\n<p>S4 3.0 TFSI S TRONIC QUATTRO ANO: 2005 \/ \u2026<\/p>\n<p><span style=\"color: #00ccff\"><strong>Eixo rolamento: 32,00 Altura: 69,00 Externo: 131,00 Gera\u00e7\u00e3o: 2\u00aa Contru\u00e7\u00e3o: Esfera Alt\/Conj\/Rolante: 46,00 Tipo ABS: Coroa Altura coroa ABS: 6,00 Dentes coroa ABS: 45 Qt furos: 5<\/strong><\/span><\/p>\n<p><span style=\"color: #00ccff\"><strong>CUBO DE RODA TRASEIRO COM ROLAMENTO<\/strong><\/span><\/p>\n<p><span style=\"color: #00ccff\"><strong>N\u00daMERO ORIGINAL:<\/strong> <\/span>AUDI \u2013 8033755AA<\/p>\n<p><span style=\"color: #00ccff\"><strong>REFER\u00caNCIA: SKF:<\/strong><\/span> BR930445 \/ IMA: AL790<\/p>\n<p><strong><span style=\"color: #00ccff\">MARCA:<\/span><\/strong> ZTL \u2013 CR62<\/p>\n<p><span style=\"color: #00ccff\"><strong>PRODUTO NOVO<\/strong><\/span><\/p>\n<p>GARANTIA: 90 dias ap\u00f3s o recebimento do produto. Todas as garantias s\u00e3o dadas pelos fabricantes, e variam de produto para produto. Para devolu\u00e7\u00f5es, os produtos dever\u00e3o ser remetidos em suas embalagens originais e caso for constatado mal uso, o custo ser\u00e1 por parte do comprador.<\/p>\n","protected":false},"excerpt":{"rendered":"<p><strong><span style=\"color: #00ccff\">C\u00d3DIGO:<\/span><\/strong> <span style=\"color: #3366ff\"><strong>CR62<\/strong><\/span><\/p>\n<p><strong><span style=\"color: #00ccff\">CATEGORIA:<\/span><\/strong> <span style=\"color: #3366ff\"><strong>Cubo de Roda<\/strong><\/span><\/p>\n<p><strong><span style=\"color: #00ccff\">MARCA: <\/span><span style=\"color: #3366ff\">ZTL<\/span><\/strong><\/p>\n","protected":false},"featured_media":292,"comment_status":"open","ping_status":"closed","template":"","meta":{"_joinchat":[]},"product_brand":[],"product_cat":[40],"product_tag":[54,53,42],"class_list":{"0":"post-291","1":"product","2":"type-product","3":"status-publish","4":"has-post-thumbnail","6":"product_cat-cubo-de-roda","7":"product_tag-audi","8":"product_tag-cr62","9":"product_tag-cubo-de-roda","11":"first","12":"instock","13":"taxable","14":"shipping-taxable","15":"purchasable","16":"product-type-simple"},"_links":{"self":[{"href":"https:\/\/ztlrolamentos.com.br\/loja\/wp-json\/wp\/v2\/product\/291","targetHints":{"allow":["GET"]}}],"collection":[{"href":"https:\/\/ztlrolamentos.com.br\/loja\/wp-json\/wp\/v2\/product"}],"about":[{"href":"https:\/\/ztlrolamentos.com.br\/loja\/wp-json\/wp\/v2\/types\/product"}],"replies":[{"embeddable":true,"href":"https:\/\/ztlrolamentos.com.br\/loja\/wp-json\/wp\/v2\/comments?post=291"}],"wp:featuredmedia":[{"embeddable":true,"href":"https:\/\/ztlrolamentos.com.br\/loja\/wp-json\/wp\/v2\/media\/292"}],"wp:attachment":[{"href":"https:\/\/ztlrolamentos.com.br\/loja\/wp-json\/wp\/v2\/media?parent=291"}],"wp:term":[{"taxonomy":"product_brand","embeddable":true,"href":"https:\/\/ztlrolamentos.com.br\/loja\/wp-json\/wp\/v2\/product_brand?post=291"},{"taxonomy":"product_cat","embeddable":true,"href":"https:\/\/ztlrolamentos.com.br\/loja\/wp-json\/wp\/v2\/product_cat?post=291"},{"taxonomy":"product_tag","embeddable":true,"href":"https:\/\/ztlrolamentos.com.br\/loja\/wp-json\/wp\/v2\/product_tag?post=291"}],"curies":[{"name":"wp","href":"https:\/\/api.w.org\/{rel}","templated":true}]}}