{"id":287,"date":"2020-07-14T15:29:05","date_gmt":"2020-07-14T18:29:05","guid":{"rendered":"https:\/\/www.lpicomercial.com.br\/?post_type=product&#038;p=287"},"modified":"2020-07-15T08:47:55","modified_gmt":"2020-07-15T11:47:55","slug":"cubo-de-roda-mitsubishi-montero-ano-2001-2006-comb","status":"publish","type":"product","link":"https:\/\/ztlrolamentos.com.br\/loja\/produto\/cubo-de-roda-mitsubishi-montero-ano-2001-2006-comb\/","title":{"rendered":"CUBO DE RODA- MITSUBISHI \u2013 MONTERO \u2013 ANO: 2001 \u2013 2006 \u2013 COMB"},"content":{"rendered":"<div class=\"prod-tabs-wrap\">\n<div class=\"prod-tab-cont\">\n<div id=\"prod-tab-1\" class=\"prod-tab page-styling prod-tab-desc\">\n<p>LPI.PRODUTOS DE QUALIDADE PARA SEU VE\u00cdCULO. LINHA LEVE,PESADA E VANS.<\/p>\n<p><span style=\"color: #00ccff\"><strong>APLICA\u00c7\u00c3O:<\/strong><\/span><\/p>\n<p>Mitsubishi \u2013 Montero \u2013 Ano:\u00a02001 &gt; 2006 \u2013 Cmbust\u00edvel: Todos<\/p>\n<p>Mitsubishi \u2013 Pajero Full\u00a0\u2013 Ano: 2001 &gt; 2006 \u2013 Combust\u00edvel: Todos<\/p>\n<p><strong><span style=\"color: #00ccff\">*Sistema ABS n\u00e3o \u00e9 no cubo.<\/span><\/strong><\/p>\n<p><strong><span style=\"color: #00ccff\">Altura: 86,00 \u00a0 Externo: 149,00 \u00a0 Dentes homocin\u00e9tica: 30 \u00a0 Gera\u00e7\u00e3o: 3\u00aa \u00a0 Contru\u00e7\u00e3o: Roletes \u00a0 Tipo ABS: Sem ABS \u00a0 Qt pafarusos: 6<\/span><\/strong><\/p>\n<p><strong><span style=\"color: #00ccff\">CUBO DE RODA DIANTEIRO COM ROLAMENTO E PRISIONEIRO<\/span><\/strong><\/p>\n<p><strong><span style=\"color: #00ccff\">N\u00daMERO ORIGINAL: \u2013<\/span><\/strong><\/p>\n<p><span style=\"color: #00ccff\"><strong>REFER\u00caNCIA: SKF:<\/strong> <\/span>BR930308 \u2013 IMA: AL774<\/p>\n<p><strong><span style=\"color: #00ccff\">MARCA:<\/span><\/strong> ZTL \u2013 CR122<\/p>\n<p><span style=\"color: #00ccff\"><strong>PRODUTO NOVO<\/strong><\/span><\/p>\n<p>GARANTIA:\u00a0 90 dias ap\u00f3s o recebimento do produto. Todas as garantias s\u00e3o dadas pelos fabricantes, e variam de produto para produto. Para devolu\u00e7\u00f5es, os produtos dever\u00e3o ser remetidos em suas embalagens originais e caso for constatado mal uso, o custo ser\u00e1 por parte do comprador.<\/p>\n<\/div>\n<\/div>\n<\/div>\n","protected":false},"excerpt":{"rendered":"<p><strong><span style=\"color: #00ccff\">C\u00d3DIGO:\u00a0<span style=\"color: #3366ff\">CR122<\/span><\/span><\/strong><\/p>\n<p><strong><span style=\"color: #00ccff\">CATEGORIA:<\/span><\/strong> <span style=\"color: #3366ff\"><strong>Cubo de Roda<\/strong><\/span><\/p>\n<p><span style=\"color: #00ccff\"><strong>MARCA:<\/strong><\/span> <strong><span style=\"color: #3366ff\">ZTL<\/span><\/strong><\/p>\n","protected":false},"featured_media":288,"comment_status":"open","ping_status":"closed","template":"","meta":{"_joinchat":[]},"product_brand":[],"product_cat":[40],"product_tag":[51,42,52],"class_list":{"0":"post-287","1":"product","2":"type-product","3":"status-publish","4":"has-post-thumbnail","6":"product_cat-cubo-de-roda","7":"product_tag-cr122","8":"product_tag-cubo-de-roda","9":"product_tag-mitsubishi","11":"first","12":"instock","13":"taxable","14":"shipping-taxable","15":"purchasable","16":"product-type-simple"},"_links":{"self":[{"href":"https:\/\/ztlrolamentos.com.br\/loja\/wp-json\/wp\/v2\/product\/287","targetHints":{"allow":["GET"]}}],"collection":[{"href":"https:\/\/ztlrolamentos.com.br\/loja\/wp-json\/wp\/v2\/product"}],"about":[{"href":"https:\/\/ztlrolamentos.com.br\/loja\/wp-json\/wp\/v2\/types\/product"}],"replies":[{"embeddable":true,"href":"https:\/\/ztlrolamentos.com.br\/loja\/wp-json\/wp\/v2\/comments?post=287"}],"wp:featuredmedia":[{"embeddable":true,"href":"https:\/\/ztlrolamentos.com.br\/loja\/wp-json\/wp\/v2\/media\/288"}],"wp:attachment":[{"href":"https:\/\/ztlrolamentos.com.br\/loja\/wp-json\/wp\/v2\/media?parent=287"}],"wp:term":[{"taxonomy":"product_brand","embeddable":true,"href":"https:\/\/ztlrolamentos.com.br\/loja\/wp-json\/wp\/v2\/product_brand?post=287"},{"taxonomy":"product_cat","embeddable":true,"href":"https:\/\/ztlrolamentos.com.br\/loja\/wp-json\/wp\/v2\/product_cat?post=287"},{"taxonomy":"product_tag","embeddable":true,"href":"https:\/\/ztlrolamentos.com.br\/loja\/wp-json\/wp\/v2\/product_tag?post=287"}],"curies":[{"name":"wp","href":"https:\/\/api.w.org\/{rel}","templated":true}]}}