{"id":283,"date":"2020-07-14T15:19:45","date_gmt":"2020-07-14T18:19:45","guid":{"rendered":"https:\/\/www.lpicomercial.com.br\/?post_type=product&#038;p=283"},"modified":"2020-07-14T15:20:02","modified_gmt":"2020-07-14T18:20:02","slug":"cubo-de-roda-ford-courier-1-4-ano-1994-combustivel-t","status":"publish","type":"product","link":"https:\/\/ztlrolamentos.com.br\/loja\/produto\/cubo-de-roda-ford-courier-1-4-ano-1994-combustivel-t\/","title":{"rendered":"CUBO DE RODA- FORD \u2013 COURIER 1.4 -ANO: 1994 &gt; COMBUST\u00cdVEL: T"},"content":{"rendered":"<p>&nbsp;<\/p>\n<div class=\"prod-tabs-wrap\">\n<div class=\"prod-tab-cont\">\n<div id=\"prod-tab-1\" class=\"prod-tab page-styling prod-tab-desc\">\n<p>LPI.PRODUTOS DE QUALIDADE PARA SEU VE\u00cdCULO. LINHA LEVE,PESADA E VANS.<\/p>\n<p><strong><span style=\"color: #00ccff\">APLICA\u00c7\u00c3O:<\/span><\/strong><\/p>\n<p>Ford \u2013 Courier 1.4 -Ano:\u00a01994 &gt; Combust\u00edvel: Todos<\/p>\n<p>Ford \u2013 Mondeo\u00a0\u2013 Ano: 1992 &gt; 2000 \u2013 Combust\u00edvel: Todos<\/p>\n<p>Eixo rolamento: 35,00 \u00a0 Altura: 70,00 \u00a0 Externo: 136,00 \u00a0 Gera\u00e7\u00e3o: 2\u00aa \u00a0 Alt\/Conj\/Rolante: 42,00 \u00a0 Tipo ABS: Coroa \u00a0 Altura coroa ABS: 10,50 \u00a0 Dentes coroa ABS: 44 \u00a0 Qt pafarusos: 4<\/p>\n<p><span style=\"color: #00ccff\"><strong>CUBO DE RODA TRASEIRO COM ROLAMENTO E PRISIONEIRO COM ABS<\/strong><\/span><\/p>\n<p><span style=\"color: #00ccff\"><strong>N\u00daMERO ORIGINAL: \u2013<\/strong><\/span><\/p>\n<p><span style=\"color: #00ccff\"><strong>REFER\u00caNCIA: SKF:<\/strong><\/span> BAFB446935AE\/ VKBA1482\/ BR930150\/ BAF4040C\/ BAFB446930AE \u2013 IMA: AL44<\/p>\n<p><span style=\"color: #00ccff\"><strong>MARCA:<\/strong> <\/span>ZTL \u2013 CR93<\/p>\n<p><span style=\"color: #00ccff\"><strong>PRODUTO NOVO<\/strong><\/span><\/p>\n<p>GARANTIA:\u00a0 90 dias ap\u00f3s o recebimento do produto. Todas as garantias s\u00e3o dadas pelos fabricantes, e variam de produto para produto. Para devolu\u00e7\u00f5es, os produtos dever\u00e3o ser remetidos em suas embalagens originais e caso for constatado mal uso, o custo ser\u00e1 por parte do comprador.<\/p>\n<\/div>\n<\/div>\n<\/div>\n","protected":false},"excerpt":{"rendered":"<p><strong><span style=\"color: #00ccff\">C\u00d3DIGO: CR93<\/span><\/strong><\/p>\n<p><strong><span style=\"color: #00ccff\">CATEGORIA:<\/span> <\/strong><span style=\"color: #3366ff\"><strong>Cubo de Roda<\/strong><\/span><\/p>\n<p><strong><span style=\"color: #00ccff\">MARCA:<\/span> <span style=\"color: #3366ff\">ZTL<\/span><\/strong><\/p>\n","protected":false},"featured_media":284,"comment_status":"open","ping_status":"closed","template":"","meta":{"_joinchat":[]},"product_brand":[],"product_cat":[40],"product_tag":[50,42,49],"class_list":{"0":"post-283","1":"product","2":"type-product","3":"status-publish","4":"has-post-thumbnail","6":"product_cat-cubo-de-roda","7":"product_tag-cr93","8":"product_tag-cubo-de-roda","9":"product_tag-ford","11":"first","12":"instock","13":"taxable","14":"shipping-taxable","15":"purchasable","16":"product-type-simple"},"_links":{"self":[{"href":"https:\/\/ztlrolamentos.com.br\/loja\/wp-json\/wp\/v2\/product\/283","targetHints":{"allow":["GET"]}}],"collection":[{"href":"https:\/\/ztlrolamentos.com.br\/loja\/wp-json\/wp\/v2\/product"}],"about":[{"href":"https:\/\/ztlrolamentos.com.br\/loja\/wp-json\/wp\/v2\/types\/product"}],"replies":[{"embeddable":true,"href":"https:\/\/ztlrolamentos.com.br\/loja\/wp-json\/wp\/v2\/comments?post=283"}],"wp:featuredmedia":[{"embeddable":true,"href":"https:\/\/ztlrolamentos.com.br\/loja\/wp-json\/wp\/v2\/media\/284"}],"wp:attachment":[{"href":"https:\/\/ztlrolamentos.com.br\/loja\/wp-json\/wp\/v2\/media?parent=283"}],"wp:term":[{"taxonomy":"product_brand","embeddable":true,"href":"https:\/\/ztlrolamentos.com.br\/loja\/wp-json\/wp\/v2\/product_brand?post=283"},{"taxonomy":"product_cat","embeddable":true,"href":"https:\/\/ztlrolamentos.com.br\/loja\/wp-json\/wp\/v2\/product_cat?post=283"},{"taxonomy":"product_tag","embeddable":true,"href":"https:\/\/ztlrolamentos.com.br\/loja\/wp-json\/wp\/v2\/product_tag?post=283"}],"curies":[{"name":"wp","href":"https:\/\/api.w.org\/{rel}","templated":true}]}}