{"id":279,"date":"2020-07-14T15:11:09","date_gmt":"2020-07-14T18:11:09","guid":{"rendered":"https:\/\/www.lpicomercial.com.br\/?post_type=product&#038;p=279"},"modified":"2020-07-14T15:11:28","modified_gmt":"2020-07-14T18:11:28","slug":"cubo-de-roda-ford-explorer-4x4-ano-1995-2000-ranger-4","status":"publish","type":"product","link":"https:\/\/ztlrolamentos.com.br\/loja\/produto\/cubo-de-roda-ford-explorer-4x4-ano-1995-2000-ranger-4\/","title":{"rendered":"CUBO DE RODA- FORD \u2013 EXPLORER 4\u00d74 \u2013 ANO: 1995 &gt;2000 RANGER 4"},"content":{"rendered":"<p>LPI.PRODUTOS DE QUALIDADE PARA SEU VE\u00cdCULO. LINHA LEVE,PESADA E VANS.<\/p>\n<p><strong><span style=\"color: #00ccff\">APLICA\u00c7\u00c3O:<\/span><\/strong><\/p>\n<p>Ford \u2013 Explorer 4\u00d74 \u2013 Ano: \u00a01995 &gt; 2000 \u2013 Combust\u00edvel: Todos<\/p>\n<p>Ford- Ranger 4\u00d74 \u2013 Ano:2005&gt;2011 \u2013 Combust\u00edvel: Todos<\/p>\n<p>Ford \u2013 Explorer Sport Trac \u2013 Ano:\u00a02001 &gt; 2002 \u2013 Combust\u00edvel: Todos<\/p>\n<p>Mercury \u2013 Mountaineer\u00a0\u2013 Ano: 1997 &gt; 2001 \u2013 Combust\u00edvel: Todos<\/p>\n<p>Altura: 94,50 \u00a0 Externo: 150,00 \u00a0 Dentes homocin\u00e9tica: 27 \u00a0 Gera\u00e7\u00e3o: 3\u00aa \u00a0 Contru\u00e7\u00e3o: Roletes \u00a0 Tipo ABS: Cabo conector \u00a0 Qt pafarusos: 5<\/p>\n<p><strong><span style=\"color: #00ccff\">CUBO DE RODA DIANTEIRO COM ROLAMENTO E PRISIONEIRO ABS<\/span><\/strong><\/p>\n<p><span style=\"color: #00ccff\"><strong>N\u00daMERO ORIGINAL:<\/strong><\/span> \u2013 6L5Z-1104-B<\/p>\n<p><span style=\"color: #00ccff\"><strong>REFER\u00caNCIA:<\/strong><\/span> SKF: BR930252<\/p>\n<p><strong><span style=\"color: #00ccff\">MARCA: ZTL<\/span><\/strong> \u2013 CR118<\/p>\n<p><span style=\"color: #00ccff\"><strong>PRODUTO NOVO<\/strong><\/span><\/p>\n<p><span style=\"color: #00ccff\"><strong>GARANTIA:<\/strong><\/span>\u00a0 90 dias ap\u00f3s o recebimento do produto. Todas as garantias s\u00e3o dadas pelos fabricantes, e variam de produto para produto. Para devolu\u00e7\u00f5es, os produtos dever\u00e3o ser remetidos em suas embalagens originais e caso for constatado mal uso, o custo ser\u00e1 por parte do comprador.<\/p>\n","protected":false},"excerpt":{"rendered":"<p><span style=\"color: #00ccff\"><strong>C\u00d3DIGO: <span style=\"color: #3366ff\">CR118<\/span><\/strong><\/span><\/p>\n<p><span style=\"color: #00ccff\"><strong>CATEGORIA:<\/strong><\/span> <span style=\"color: #3366ff\"><strong>Cubo de Roda<\/strong><\/span><\/p>\n<p><strong><span style=\"color: #00ccff\">MARCA<\/span><\/strong>: <strong><span style=\"color: #3366ff\">ZTL<\/span><\/strong><\/p>\n","protected":false},"featured_media":280,"comment_status":"open","ping_status":"closed","template":"","meta":{"_joinchat":[]},"product_brand":[],"product_cat":[40],"product_tag":[48,42,49],"class_list":{"0":"post-279","1":"product","2":"type-product","3":"status-publish","4":"has-post-thumbnail","6":"product_cat-cubo-de-roda","7":"product_tag-cr118","8":"product_tag-cubo-de-roda","9":"product_tag-ford","11":"first","12":"instock","13":"taxable","14":"shipping-taxable","15":"purchasable","16":"product-type-simple"},"_links":{"self":[{"href":"https:\/\/ztlrolamentos.com.br\/loja\/wp-json\/wp\/v2\/product\/279","targetHints":{"allow":["GET"]}}],"collection":[{"href":"https:\/\/ztlrolamentos.com.br\/loja\/wp-json\/wp\/v2\/product"}],"about":[{"href":"https:\/\/ztlrolamentos.com.br\/loja\/wp-json\/wp\/v2\/types\/product"}],"replies":[{"embeddable":true,"href":"https:\/\/ztlrolamentos.com.br\/loja\/wp-json\/wp\/v2\/comments?post=279"}],"wp:featuredmedia":[{"embeddable":true,"href":"https:\/\/ztlrolamentos.com.br\/loja\/wp-json\/wp\/v2\/media\/280"}],"wp:attachment":[{"href":"https:\/\/ztlrolamentos.com.br\/loja\/wp-json\/wp\/v2\/media?parent=279"}],"wp:term":[{"taxonomy":"product_brand","embeddable":true,"href":"https:\/\/ztlrolamentos.com.br\/loja\/wp-json\/wp\/v2\/product_brand?post=279"},{"taxonomy":"product_cat","embeddable":true,"href":"https:\/\/ztlrolamentos.com.br\/loja\/wp-json\/wp\/v2\/product_cat?post=279"},{"taxonomy":"product_tag","embeddable":true,"href":"https:\/\/ztlrolamentos.com.br\/loja\/wp-json\/wp\/v2\/product_tag?post=279"}],"curies":[{"name":"wp","href":"https:\/\/api.w.org\/{rel}","templated":true}]}}