{"id":275,"date":"2020-07-14T15:03:24","date_gmt":"2020-07-14T18:03:24","guid":{"rendered":"https:\/\/www.lpicomercial.com.br\/?post_type=product&#038;p=275"},"modified":"2021-04-13T13:53:29","modified_gmt":"2021-04-13T16:53:29","slug":"cubo-de-roda-chrysler-sebring-ano-1995-2005-combus","status":"publish","type":"product","link":"https:\/\/ztlrolamentos.com.br\/loja\/produto\/cubo-de-roda-chrysler-sebring-ano-1995-2005-combus\/","title":{"rendered":"CUBO DE RODA- CHRYSLER \u2013 SEBRING \u2013 ANO: 1995 \u2013 2005 \u2013 COMBUS"},"content":{"rendered":"<p>LPI.PRODUTOS DE QUALIDADE PARA SEU VE\u00cdCULO. LINHA LEVE,PESADA E VANS.<\/p>\n<p><strong><span style=\"color: #00ccff\">APLICA\u00c7\u00c3O:<\/span><\/strong><\/p>\n<p>Chrysler \u2013 Sebring\u00a0\u2013 Ano: 1995 &gt; 2005 \u2013 Combust\u00edvel: Todos<\/p>\n<p>Dodge \u2013 Avanger\u00a0\u2013 Ano: 1995 &gt; 2000 \u2013 Combust\u00edvel: Todos<\/p>\n<p>Dodge \u2013 Stratus \u2013 Ano:\u00a02001 &gt; 2005 \u2013 Combust\u00edvel: Todos<\/p>\n<p>Mitsubishi \u2013 Eclipse \u2013 Ano: 1995 &gt; 2005 \u2013 Combust\u00edvel: Todos<\/p>\n<p>Mitsubishi \u2013 Galant \u2013 Ano: 1999 &gt; 2003 \u2013 Combust\u00edvel: Todos<\/p>\n<p>Gera\u00e7\u00e3o: 3\u00aa \u00a0 Contru\u00e7\u00e3o: Esfera \u00a0 Tipo ABS: Coroa \u00a0 Qt pafarusos: 5<\/p>\n<p><strong><span style=\"color: #00ccff\">CUBO DE RODA TRASEIRO COM ROLAMENTO E PRISIONEIRO COM ABS<\/span><\/strong><\/p>\n<p><strong><span style=\"color: #00ccff\">MARCA:<\/span><\/strong> ZTL<\/p>\n<p><span style=\"color: #00ccff\"><strong>PRODUTO NOVO<\/strong><\/span><\/p>\n<p><span style=\"color: #00ccff\"><strong>GARANTIA:\u00a0<\/strong> <\/span>90 dias ap\u00f3s o recebimento do produto. Todas as garantias s\u00e3o dadas pelos fabricantes, e variam de produto para produto. Para devolu\u00e7\u00f5es, os produtos dever\u00e3o ser remetidos em suas embalagens originais e caso for constatado mal uso, o custo ser\u00e1 por parte do comprador.<\/p>\n","protected":false},"excerpt":{"rendered":"<p><span style=\"color: #00ccff\"><strong>C\u00d3DIGO: <span style=\"color: #3366ff\">CR114<\/span><\/strong><\/span><\/p>\n<p><span style=\"color: #00ccff\"><strong>CATEGORIA: <span style=\"color: #3366ff\">Cubo de Roda<\/span><\/strong><\/span><\/p>\n<p><span style=\"color: #00ccff\"><strong>MARCA: <span style=\"color: #3366ff\">ZTL<\/span><\/strong><\/span><\/p>\n","protected":false},"featured_media":276,"comment_status":"open","ping_status":"closed","template":"","meta":{"_joinchat":[]},"product_brand":[],"product_cat":[40],"product_tag":[47,46,42],"class_list":{"0":"post-275","1":"product","2":"type-product","3":"status-publish","4":"has-post-thumbnail","6":"product_cat-cubo-de-roda","7":"product_tag-chrysler","8":"product_tag-cr114","9":"product_tag-cubo-de-roda","11":"first","12":"onbackorder","13":"taxable","14":"shipping-taxable","15":"purchasable","16":"product-type-simple"},"_links":{"self":[{"href":"https:\/\/ztlrolamentos.com.br\/loja\/wp-json\/wp\/v2\/product\/275","targetHints":{"allow":["GET"]}}],"collection":[{"href":"https:\/\/ztlrolamentos.com.br\/loja\/wp-json\/wp\/v2\/product"}],"about":[{"href":"https:\/\/ztlrolamentos.com.br\/loja\/wp-json\/wp\/v2\/types\/product"}],"replies":[{"embeddable":true,"href":"https:\/\/ztlrolamentos.com.br\/loja\/wp-json\/wp\/v2\/comments?post=275"}],"wp:featuredmedia":[{"embeddable":true,"href":"https:\/\/ztlrolamentos.com.br\/loja\/wp-json\/wp\/v2\/media\/276"}],"wp:attachment":[{"href":"https:\/\/ztlrolamentos.com.br\/loja\/wp-json\/wp\/v2\/media?parent=275"}],"wp:term":[{"taxonomy":"product_brand","embeddable":true,"href":"https:\/\/ztlrolamentos.com.br\/loja\/wp-json\/wp\/v2\/product_brand?post=275"},{"taxonomy":"product_cat","embeddable":true,"href":"https:\/\/ztlrolamentos.com.br\/loja\/wp-json\/wp\/v2\/product_cat?post=275"},{"taxonomy":"product_tag","embeddable":true,"href":"https:\/\/ztlrolamentos.com.br\/loja\/wp-json\/wp\/v2\/product_tag?post=275"}],"curies":[{"name":"wp","href":"https:\/\/api.w.org\/{rel}","templated":true}]}}