{"id":271,"date":"2020-07-14T14:53:21","date_gmt":"2020-07-14T17:53:21","guid":{"rendered":"https:\/\/www.lpicomercial.com.br\/?post_type=product&#038;p=271"},"modified":"2020-07-14T14:53:54","modified_gmt":"2020-07-14T17:53:54","slug":"cubo-de-roda-toyota-corolla-02%e2%80%b2-ano-2002-2007-c","status":"publish","type":"product","link":"https:\/\/ztlrolamentos.com.br\/loja\/produto\/cubo-de-roda-toyota-corolla-02%e2%80%b2-ano-2002-2007-c\/","title":{"rendered":"CUBO DE RODA- TOYOTA \u2013 COROLLA 02\u2032 \u2013 ANO: 2002 &gt; 2007 \u2013 C"},"content":{"rendered":"<p>LPI.PRODUTOS DE QUALIDADE PARA SEU VE\u00cdCULO. LINHA LEVE,PESADA E VANS.<\/p>\n<p><span style=\"color: #00ccff\"><strong>APLICA\u00c7\u00c3O:<\/strong><\/span><\/p>\n<p>Toyota \u2013 Corolla 02\u2032\u00a0\u2013 Ano: 2002 &gt; 2007 \u2013 Combust\u00edvel: Todos<\/p>\n<p>Toyota \u2013 Fielder 02\u2032\u00a0\u2013 Ano: 2002 &gt; 2007 \u2013 Combust\u00edvel: Todos<\/p>\n<p><strong><span style=\"color: #00ccff\">Altura: 94,00 \u00a0 Externo: 135,00 \u00a0 Gera\u00e7\u00e3o: 3\u00aa \u00a0 Contru\u00e7\u00e3o: Esfera \u00a0 Tipo ABS: Sem ABS \u00a0 Qt pafarusos: 4<\/span><\/strong><\/p>\n<p><strong><span style=\"color: #00ccff\">CUBO DE TRASEIRO COM ROLAMENTO E PRISIONEIRO SEM ABS<\/span><\/strong><\/p>\n<p><strong><span style=\"color: #00ccff\">N\u00daMERO ORIGINAL: \u2013<\/span><\/strong><\/p>\n<p><strong><span style=\"color: #00ccff\">REFER\u00caNCIA:<\/span><\/strong> IMA: AL967<\/p>\n<p><span style=\"color: #00ccff\"><strong>MARCA: ZTL<\/strong><\/span> \u2013 CR135<\/p>\n<p><strong><span style=\"color: #00ccff\">PRODUTO NOVO<\/span><\/strong><\/p>\n<p><strong><span style=\"color: #00ccff\">GARANTIA:<\/span><\/strong>\u00a0 90 dias ap\u00f3s o recebimento do produto. Todas as garantias s\u00e3o dadas pelos fabricantes, e variam de produto para produto. Para devolu\u00e7\u00f5es, os produtos dever\u00e3o ser remetidos em suas embalagens originais e caso for constatado mal uso, o custo ser\u00e1 por parte do comprador.<\/p>\n","protected":false},"excerpt":{"rendered":"<p><span style=\"color: #00ccff\"><strong>C\u00d3DIGO: <span style=\"color: #3366ff\">CR135<\/span><\/strong><\/span><\/p>\n<p><span style=\"color: #00ccff\"><strong>CATEGORIA: <span style=\"color: #3366ff\">Cubo De Roda<\/span><\/strong><\/span><\/p>\n<p><span style=\"color: #00ccff\"><strong>MARCA:<span style=\"color: #3366ff\"> ZTL<\/span><\/strong><\/span><\/p>\n","protected":false},"featured_media":272,"comment_status":"open","ping_status":"closed","template":"","meta":{"_joinchat":[]},"product_brand":[],"product_cat":[40],"product_tag":[44,42,45],"class_list":{"0":"post-271","1":"product","2":"type-product","3":"status-publish","4":"has-post-thumbnail","6":"product_cat-cubo-de-roda","7":"product_tag-cr135","8":"product_tag-cubo-de-roda","9":"product_tag-toyota","11":"first","12":"instock","13":"taxable","14":"shipping-taxable","15":"purchasable","16":"product-type-simple"},"_links":{"self":[{"href":"https:\/\/ztlrolamentos.com.br\/loja\/wp-json\/wp\/v2\/product\/271","targetHints":{"allow":["GET"]}}],"collection":[{"href":"https:\/\/ztlrolamentos.com.br\/loja\/wp-json\/wp\/v2\/product"}],"about":[{"href":"https:\/\/ztlrolamentos.com.br\/loja\/wp-json\/wp\/v2\/types\/product"}],"replies":[{"embeddable":true,"href":"https:\/\/ztlrolamentos.com.br\/loja\/wp-json\/wp\/v2\/comments?post=271"}],"wp:featuredmedia":[{"embeddable":true,"href":"https:\/\/ztlrolamentos.com.br\/loja\/wp-json\/wp\/v2\/media\/272"}],"wp:attachment":[{"href":"https:\/\/ztlrolamentos.com.br\/loja\/wp-json\/wp\/v2\/media?parent=271"}],"wp:term":[{"taxonomy":"product_brand","embeddable":true,"href":"https:\/\/ztlrolamentos.com.br\/loja\/wp-json\/wp\/v2\/product_brand?post=271"},{"taxonomy":"product_cat","embeddable":true,"href":"https:\/\/ztlrolamentos.com.br\/loja\/wp-json\/wp\/v2\/product_cat?post=271"},{"taxonomy":"product_tag","embeddable":true,"href":"https:\/\/ztlrolamentos.com.br\/loja\/wp-json\/wp\/v2\/product_tag?post=271"}],"curies":[{"name":"wp","href":"https:\/\/api.w.org\/{rel}","templated":true}]}}