{"id":262,"date":"2020-07-14T14:39:40","date_gmt":"2020-07-14T17:39:40","guid":{"rendered":"https:\/\/www.lpicomercial.com.br\/?post_type=product&#038;p=262"},"modified":"2020-07-14T14:40:05","modified_gmt":"2020-07-14T17:40:05","slug":"cubo-de-roda-renault-espace-iii-ano-1997-2003-comb","status":"publish","type":"product","link":"https:\/\/ztlrolamentos.com.br\/loja\/produto\/cubo-de-roda-renault-espace-iii-ano-1997-2003-comb\/","title":{"rendered":"CUBO DE RODA- RENAULT \u2013 ESPACE III \u2013 ANO: 1997 \u2013 2003 \u2013 COMB"},"content":{"rendered":"<p>LPI.PRODUTOS DE QUALIDADE PARA SEU VE\u00cdCULO. LINHA LEVE,PESADA E VANS.<\/p>\n<p><span style=\"color: #00ccff\"><b>APLICA\u00c7\u00c3O:<\/b><\/span><\/p>\n<p>Renault \u2013 Espace III \u2013 Ano:\u00a01997 &gt; 2003 \u2013 Combust\u00edvel: Todos<\/p>\n<p><span style=\"color: #00ccff\"><strong>Eixo rolamento: 25,00 \u00a0 Altura: 75,00 \u00a0 Externo: 132,50 \u00a0 Gera\u00e7\u00e3o: 2\u00aa \u00a0 Contru\u00e7\u00e3o: Esfera \u00a0 Alt\/Conj\/Rolante: 44,50 \u00a0 Tipo ABS: Coroa \u00a0 Altura coroa ABS: 9,00 \u00a0 Dentes coroa ABS: 30 \u00a0 Qt furos: 4 \u00a0<\/strong><\/span><\/p>\n<p><span style=\"color: #00ccff\"><strong>CUBO DE RODA TRASEIRO COM ROLAMENTO COM ABS<\/strong><\/span><\/p>\n<p><span style=\"color: #00ccff\"><b>N\u00daMERO ORIGINAL:\u00a0<\/b>\u2013<\/span><\/p>\n<p><span style=\"color: #00ccff\"><b>REFER\u00caNCIA: \u2013<\/b><\/span><\/p>\n<p><b><span style=\"color: #00ccff\">MARCA:<\/span>\u00a0<\/b>ZTL \u2013 CR83<\/p>\n<p><span style=\"color: #00ccff\"><b>PRODUTO NOVO<\/b><\/span><\/p>\n<p><b><span style=\"color: #00ccff\">GARANTIA:<\/span>\u00a0\u00a0<\/b>90 dias ap\u00f3s o recebimento do produto. Todas as garantias s\u00e3o dadas pelos fabricantes, e variam de produto para produto. Para devolu\u00e7\u00f5es, os produtos dever\u00e3o ser remetidos em suas embalagens originais e caso for constatado mal uso, o custo ser\u00e1 por parte do comprador.<\/p>\n","protected":false},"excerpt":{"rendered":"<p style=\"text-align: left\"><span style=\"color: #00ccff\"><strong>C\u00f3digo:<span style=\"color: #3366ff\"> CR83<\/span><\/strong><\/span><\/p>\n<p style=\"text-align: left\"><span style=\"color: #00ccff\"><strong>Categoria: <span style=\"color: #3366ff\">Cubo de Roda<\/span><\/strong><\/span><\/p>\n<p style=\"text-align: left\"><span style=\"color: #00ccff\"><strong>Marca: <span style=\"color: #3366ff\">ZTL<\/span><\/strong><\/span><\/p>\n","protected":false},"featured_media":269,"comment_status":"open","ping_status":"closed","template":"","meta":{"_joinchat":[]},"product_brand":[],"product_cat":[40],"product_tag":[41,42,43],"class_list":{"0":"post-262","1":"product","2":"type-product","3":"status-publish","4":"has-post-thumbnail","6":"product_cat-cubo-de-roda","7":"product_tag-cr83","8":"product_tag-cubo-de-roda","9":"product_tag-renault","11":"first","12":"instock","13":"taxable","14":"shipping-taxable","15":"purchasable","16":"product-type-simple"},"_links":{"self":[{"href":"https:\/\/ztlrolamentos.com.br\/loja\/wp-json\/wp\/v2\/product\/262","targetHints":{"allow":["GET"]}}],"collection":[{"href":"https:\/\/ztlrolamentos.com.br\/loja\/wp-json\/wp\/v2\/product"}],"about":[{"href":"https:\/\/ztlrolamentos.com.br\/loja\/wp-json\/wp\/v2\/types\/product"}],"replies":[{"embeddable":true,"href":"https:\/\/ztlrolamentos.com.br\/loja\/wp-json\/wp\/v2\/comments?post=262"}],"wp:featuredmedia":[{"embeddable":true,"href":"https:\/\/ztlrolamentos.com.br\/loja\/wp-json\/wp\/v2\/media\/269"}],"wp:attachment":[{"href":"https:\/\/ztlrolamentos.com.br\/loja\/wp-json\/wp\/v2\/media?parent=262"}],"wp:term":[{"taxonomy":"product_brand","embeddable":true,"href":"https:\/\/ztlrolamentos.com.br\/loja\/wp-json\/wp\/v2\/product_brand?post=262"},{"taxonomy":"product_cat","embeddable":true,"href":"https:\/\/ztlrolamentos.com.br\/loja\/wp-json\/wp\/v2\/product_cat?post=262"},{"taxonomy":"product_tag","embeddable":true,"href":"https:\/\/ztlrolamentos.com.br\/loja\/wp-json\/wp\/v2\/product_tag?post=262"}],"curies":[{"name":"wp","href":"https:\/\/api.w.org\/{rel}","templated":true}]}}