{"id":2330,"date":"2024-07-17T11:53:32","date_gmt":"2024-07-17T14:53:32","guid":{"rendered":"https:\/\/ztlrolamentos.com.br\/loja\/?post_type=product&#038;p=2330"},"modified":"2024-07-17T11:54:12","modified_gmt":"2024-07-17T14:54:12","slug":"kit-rolamento-11949-10-com-6-pecas","status":"publish","type":"product","link":"https:\/\/ztlrolamentos.com.br\/loja\/produto\/kit-rolamento-11949-10-com-6-pecas\/","title":{"rendered":"KIT ROLAMENTO 11949\/10 COM 6 PE\u00c7AS"},"content":{"rendered":"<p><strong>Cont\u00e9m 1 Pe\u00e7a;<\/strong><\/p>\n<p><strong>Descri\u00e7\u00e3o do item: KIT ROLAMENTO 11949\/10 COM 6 PE\u00c7AS<\/strong><\/p>\n<p><strong>19,05 x 45,23 x 16,63 mm<\/strong><\/p>\n<p><strong>As fotos deste an\u00fancio s\u00e3o meramente ilustrativas.<\/strong><br \/>\n<strong>PE\u00c7AS PARA CAMINH\u00d5ES, VANS, \u00d4NIBUS, TRATORES E M\u00c1QUINAS PESADAS<\/strong><br \/>\n<strong>______________________________________________________________<\/strong><br \/>\n<strong>Pe\u00e7as nacionais e importadas, com excelente pre\u00e7o e prazo de entrega.<\/strong><\/p>\n<p><strong>Encaminhe suas d\u00favidas na \u00e1rea de perguntas antes de comprar.<\/strong><\/p>\n<p><strong>Nossa equipe \u00e9 especializada e vai ajudar voc\u00ea a encontrar o produto certo para seu ve\u00edculo.<\/strong><\/p>\n<p><strong>PARA UMA MELHOR COMPRA:<\/strong><br \/>\n<strong>&#8211; Confira se o endere\u00e7o de entrega est\u00e1 completo e correto. Mantenha seus dados atualizados.<\/strong><br \/>\n<strong>&#8211; N\u00e3o utilize Caixa Postal como endere\u00e7o de entrega.<\/strong><br \/>\n<strong>&#8211; Antes de concretizar sua compra, tire suas d\u00favidas na \u00e1rea de perguntas.<\/strong><br \/>\n<strong>&#8211; Se necess\u00e1rio, confirme a aplica\u00e7\u00e3o com seu mec\u00e2nico.<\/strong><\/p>\n<p><strong>Muito obrigado,<\/strong><\/p>\n<p><strong>GARANTIA DE ENTREGA OU SEU DINHEIRO DE VOLTA.<\/strong><\/p>\n<p><strong>Equipe LPI COMERCIAL \u2013 Prazer em servir!<\/strong><\/p>\n<p><strong>Garantia do vendedor: 180 dias<\/strong><\/p>\n","protected":false},"excerpt":{"rendered":"<p><strong>MEDIDAS<\/strong><\/p>\n<p><strong>19,05 x 45,23 x 16,63 mm<\/strong><\/p>\n","protected":false},"featured_media":0,"comment_status":"open","ping_status":"closed","template":"","meta":{"_joinchat":[]},"product_brand":[],"product_cat":[148,37],"product_tag":[],"class_list":{"0":"post-2330","1":"product","2":"type-product","3":"status-publish","5":"product_cat-linha-pesada-conicos","6":"product_cat-rolamento","8":"first","9":"instock","10":"sale","11":"taxable","12":"shipping-taxable","13":"purchasable","14":"product-type-simple"},"_links":{"self":[{"href":"https:\/\/ztlrolamentos.com.br\/loja\/wp-json\/wp\/v2\/product\/2330","targetHints":{"allow":["GET"]}}],"collection":[{"href":"https:\/\/ztlrolamentos.com.br\/loja\/wp-json\/wp\/v2\/product"}],"about":[{"href":"https:\/\/ztlrolamentos.com.br\/loja\/wp-json\/wp\/v2\/types\/product"}],"replies":[{"embeddable":true,"href":"https:\/\/ztlrolamentos.com.br\/loja\/wp-json\/wp\/v2\/comments?post=2330"}],"wp:attachment":[{"href":"https:\/\/ztlrolamentos.com.br\/loja\/wp-json\/wp\/v2\/media?parent=2330"}],"wp:term":[{"taxonomy":"product_brand","embeddable":true,"href":"https:\/\/ztlrolamentos.com.br\/loja\/wp-json\/wp\/v2\/product_brand?post=2330"},{"taxonomy":"product_cat","embeddable":true,"href":"https:\/\/ztlrolamentos.com.br\/loja\/wp-json\/wp\/v2\/product_cat?post=2330"},{"taxonomy":"product_tag","embeddable":true,"href":"https:\/\/ztlrolamentos.com.br\/loja\/wp-json\/wp\/v2\/product_tag?post=2330"}],"curies":[{"name":"wp","href":"https:\/\/api.w.org\/{rel}","templated":true}]}}