{"id":2304,"date":"2024-07-17T09:48:36","date_gmt":"2024-07-17T12:48:36","guid":{"rendered":"https:\/\/ztlrolamentos.com.br\/loja\/?post_type=product&#038;p=2304"},"modified":"2024-07-17T09:49:36","modified_gmt":"2024-07-17T12:49:36","slug":"rolamento-89443-10-pinhao-ford-f350-400-4000-agrale-1600tx-d","status":"publish","type":"product","link":"https:\/\/ztlrolamentos.com.br\/loja\/produto\/rolamento-89443-10-pinhao-ford-f350-400-4000-agrale-1600tx-d\/","title":{"rendered":"ROLAMENTO 89443\/10 PINH\u00c3O FORD F350\/400\/4000\/AGRALE 1600TX D"},"content":{"rendered":"<p><strong>Cont\u00e9m 1 Pe\u00e7a;<\/strong><\/p>\n<p><strong>Descri\u00e7\u00e3o do item: ROLAMENTO 89443\/10 PINH\u00c3O FORD F350\/400\/4000\/AGRALE 1600TX D<\/strong><\/p>\n<p><strong>APLICA\u00c7\u00c3O:<\/strong><\/p>\n<p><strong>DODGE D-400<\/strong><br \/>\n<strong>FIAT 70 a partir de 1977<\/strong><br \/>\n<strong>FIAT 80 a partir de 1980<\/strong><br \/>\n<strong>FORD F-350 1957<\/strong><br \/>\n<strong>FORD F-350 1958<\/strong><br \/>\n<strong>FORD F-350 1959<\/strong><br \/>\n<strong>FORD F-350 1960<\/strong><br \/>\n<strong>FORD F-350 1961<\/strong><br \/>\n<strong>FORD F-350 1962<\/strong><br \/>\n<strong>FORD F-350 1963<\/strong><br \/>\n<strong>FORD F-350 1964<\/strong><br \/>\n<strong>FORD F-350 1965<\/strong><br \/>\n<strong>FORD F-350 1966<\/strong><br \/>\n<strong>FORD F-350 1967<\/strong><br \/>\n<strong>FORD F-350 1968<\/strong><br \/>\n<strong>FORD F-350 1969<\/strong><br \/>\n<strong>FORD F-350 1970<\/strong><br \/>\n<strong>FORD F-350 1971<\/strong><br \/>\n<strong>FORD F-350 1972<\/strong><br \/>\n<strong>FORD F-350 1973<\/strong><br \/>\n<strong>FORD F-350 1974<\/strong><br \/>\n<strong>FORD F-350 1975<\/strong><br \/>\n<strong>FORD F-350 1976<\/strong><br \/>\n<strong>FORD F-350 1977<\/strong><br \/>\n<strong>FORD F-400 1975<\/strong><br \/>\n<strong>FORD F-400 1976<\/strong><br \/>\n<strong>FORD F-400 1977<\/strong><\/p>\n<p><strong>Di\u00e2metro do Eixo: 33,34 mm<\/strong><\/p>\n<p><strong>Di\u00e2metro Externo: 76,2 mm<\/strong><\/p>\n<p><strong>Altura: 29,37 mm<\/strong><\/p>\n<p><strong>Peso: 0,668 kg<\/strong><\/p>\n<p><strong>MARCA: ZTL \u201389443\/10<\/strong><\/p>\n<p><strong>As fotos deste an\u00fancio s\u00e3o meramente ilustrativas.<\/strong><br \/>\n<strong>PE\u00c7AS PARA CAMINH\u00d5ES, VANS, \u00d4NIBUS, TRATORES E M\u00c1QUINAS PESADAS<\/strong><br \/>\n<strong>______________________________________________________________<\/strong><br \/>\n<strong>Pe\u00e7as nacionais e importadas, com excelente pre\u00e7o e prazo de entrega.<\/strong><\/p>\n<p><strong>Encaminhe suas d\u00favidas na \u00e1rea de perguntas antes de comprar.<\/strong><\/p>\n<p><strong>Nossa equipe \u00e9 especializada e vai ajudar voc\u00ea a encontrar o produto certo para seu ve\u00edculo.<\/strong><\/p>\n<p><strong>PARA UMA MELHOR COMPRA:<\/strong><br \/>\n<strong>&#8211; Confira se o endere\u00e7o de entrega est\u00e1 completo e correto. Mantenha seus dados atualizados.<\/strong><br \/>\n<strong>&#8211; N\u00e3o utilize Caixa Postal como endere\u00e7o de entrega.<\/strong><br \/>\n<strong>&#8211; Antes de concretizar sua compra, tire suas d\u00favidas na \u00e1rea de perguntas.<\/strong><br \/>\n<strong>&#8211; Se necess\u00e1rio, confirme a aplica\u00e7\u00e3o com seu mec\u00e2nico.<\/strong><\/p>\n<p><strong>Muito obrigado,<\/strong><\/p>\n<p><strong>GARANTIA DE ENTREGA OU SEU DINHEIRO DE VOLTA.<\/strong><\/p>\n<p><strong>Equipe LPI COMERCIAL \u2013 Prazer em servir!<\/strong><\/p>\n<p><strong>Garantia do vendedor: 180 dia<\/strong><\/p>\n","protected":false},"excerpt":{"rendered":"<p><strong>MEDIDAS<\/strong><\/p>\n<p><strong>Di\u00e2metro do Eixo: 33,34 mm<\/strong><br \/>\n<strong>Di\u00e2metro Externo: 76,2 mm<\/strong><br \/>\n<strong>Altura: 29,37 mm<\/strong><br \/>\n<strong>Peso: 0,668 kg<\/strong><br \/>\n<strong>MARCA: ZTL \u201389443\/10<\/strong><\/p>\n","protected":false},"featured_media":2297,"comment_status":"open","ping_status":"closed","template":"","meta":{"_joinchat":[]},"product_brand":[],"product_cat":[148,37],"product_tag":[],"class_list":{"0":"post-2304","1":"product","2":"type-product","3":"status-publish","4":"has-post-thumbnail","6":"product_cat-linha-pesada-conicos","7":"product_cat-rolamento","9":"first","10":"instock","11":"sale","12":"taxable","13":"shipping-taxable","14":"purchasable","15":"product-type-simple"},"_links":{"self":[{"href":"https:\/\/ztlrolamentos.com.br\/loja\/wp-json\/wp\/v2\/product\/2304","targetHints":{"allow":["GET"]}}],"collection":[{"href":"https:\/\/ztlrolamentos.com.br\/loja\/wp-json\/wp\/v2\/product"}],"about":[{"href":"https:\/\/ztlrolamentos.com.br\/loja\/wp-json\/wp\/v2\/types\/product"}],"replies":[{"embeddable":true,"href":"https:\/\/ztlrolamentos.com.br\/loja\/wp-json\/wp\/v2\/comments?post=2304"}],"wp:featuredmedia":[{"embeddable":true,"href":"https:\/\/ztlrolamentos.com.br\/loja\/wp-json\/wp\/v2\/media\/2297"}],"wp:attachment":[{"href":"https:\/\/ztlrolamentos.com.br\/loja\/wp-json\/wp\/v2\/media?parent=2304"}],"wp:term":[{"taxonomy":"product_brand","embeddable":true,"href":"https:\/\/ztlrolamentos.com.br\/loja\/wp-json\/wp\/v2\/product_brand?post=2304"},{"taxonomy":"product_cat","embeddable":true,"href":"https:\/\/ztlrolamentos.com.br\/loja\/wp-json\/wp\/v2\/product_cat?post=2304"},{"taxonomy":"product_tag","embeddable":true,"href":"https:\/\/ztlrolamentos.com.br\/loja\/wp-json\/wp\/v2\/product_tag?post=2304"}],"curies":[{"name":"wp","href":"https:\/\/api.w.org\/{rel}","templated":true}]}}