{"id":2303,"date":"2024-07-17T09:43:14","date_gmt":"2024-07-17T12:43:14","guid":{"rendered":"https:\/\/ztlrolamentos.com.br\/loja\/?post_type=product&#038;p=2303"},"modified":"2024-07-17T09:43:39","modified_gmt":"2024-07-17T12:43:39","slug":"rolamento-802048-11-diferencial-pinhao-d-ford-cargo-1113-1313-1517-1618-1621-gm-c80-2","status":"publish","type":"product","link":"https:\/\/ztlrolamentos.com.br\/loja\/produto\/rolamento-802048-11-diferencial-pinhao-d-ford-cargo-1113-1313-1517-1618-1621-gm-c80-2\/","title":{"rendered":"ROLAMENTO 802048\/11 DIFERENCIAL \u2013 PINH\u00c3O D | FORD CARGO 1113\/1313\/1517\/1618\/1621 \/\/ GM C80"},"content":{"rendered":"<p><strong>Cont\u00e9m 1 Pe\u00e7a;<\/strong><\/p>\n<p><strong>Descri\u00e7\u00e3o do item: Rolamento 802048\/11 diferencial \u2013 pinh\u00e3o D | Ford Cargo 1113\/1313\/1517\/1618\/1621 \/\/ GM C80<\/strong><\/p>\n<p><strong>APLICA\u00c7\u00c3O<\/strong><\/p>\n<p><strong>Ford Cargo 1113<\/strong><br \/>\n<strong>Ford Cargo 1114<\/strong><br \/>\n<strong>Ford Cargo 1116<\/strong><br \/>\n<strong>Ford Cargo 1117<\/strong><br \/>\n<strong>Ford Cargo 1313<\/strong><br \/>\n<strong>Ford Cargo 1314<\/strong><br \/>\n<strong>Ford Cargo 1317<\/strong><br \/>\n<strong>Ford Cargo 1514<\/strong><br \/>\n<strong>Ford Cargo 1517<\/strong><br \/>\n<strong>Ford Cargo 1615<\/strong><br \/>\n<strong>Ford Cargo 1617<\/strong><br \/>\n<strong>Ford Cargo 1618<\/strong><br \/>\n<strong>Ford Cargo 1619<\/strong><br \/>\n<strong>Ford Cargo 1621<\/strong><br \/>\n<strong>Ford Cargo 814<\/strong><br \/>\n<strong>Ford Cargo 815<\/strong><br \/>\n<strong>Ford Cargo 815E<\/strong><br \/>\n<strong>GM 3500 Heavy Duty 1985 &gt;<\/strong><br \/>\n<strong>GM A10 1985 &gt;<\/strong><br \/>\n<strong>GM A14 1985 &gt;<\/strong><br \/>\n<strong>GM A15 1985 &gt;<\/strong><br \/>\n<strong>GM A20 1985 &gt;<\/strong><br \/>\n<strong>GM A40 1985 &gt;<\/strong><br \/>\n<strong>GM A60 1985 &gt;<\/strong><br \/>\n<strong>GM A70 1985 &gt;<\/strong><br \/>\n<strong>GM A80 1985 &gt;<\/strong><br \/>\n<strong>GM A90 1985 &gt;<\/strong><br \/>\n<strong>GM A99 Turbo 1985 &gt;<\/strong><br \/>\n<strong>GM Blazer<\/strong><br \/>\n<strong>GM Bonanza 1985 &gt;<\/strong><br \/>\n<strong>GM C10 1985 &gt;<\/strong><br \/>\n<strong>GM C14 1985 &gt;<\/strong><br \/>\n<strong>GM C15 1985 &gt;<\/strong><br \/>\n<strong>GM C20 1985 &gt;<\/strong><br \/>\n<strong>GM C40 1985 &gt;<\/strong><br \/>\n<strong>GM C60 1985 &gt;<\/strong><br \/>\n<strong>GM C70 1985 &gt;<\/strong><br \/>\n<strong>GM C80 1985 &gt;<\/strong><br \/>\n<strong>GM C90 1985 &gt;<\/strong><br \/>\n<strong>GM C99 Turbo 1985 &gt;<\/strong><br \/>\n<strong>GM D10 1985 &gt;<\/strong><br \/>\n<strong>GM D1000 1985 &gt;<\/strong><br \/>\n<strong>GM D14 1985 &gt;<\/strong><br \/>\n<strong>GM D15 1985 &gt;<\/strong><br \/>\n<strong>GM D20 1985 &gt;<\/strong><br \/>\n<strong>GM D40 1985 &gt;<\/strong><br \/>\n<strong>GM D60 1985 &gt;<\/strong><br \/>\n<strong>GM D70 1985 &gt;<\/strong><br \/>\n<strong>GM D80 1985 &gt;<\/strong><br \/>\n<strong>GM D90 1985 &gt;<\/strong><br \/>\n<strong>GM D99 Turbo 1985 &gt;<\/strong><br \/>\n<strong>GM S10<\/strong><br \/>\n<strong>GM Silverado<\/strong><br \/>\n<strong>GM Veraneio 1985 &gt;<\/strong><\/p>\n<p><strong>Interno: 41,275 mm Externo: 82,550 mm Altura: 26,543 mm<\/strong><\/p>\n<p><strong>MARCA: ZTL \u2013 802048\/11<\/strong><\/p>\n<p><strong>As fotos deste an\u00fancio s\u00e3o meramente ilustrativas.<\/strong><br \/>\n<strong>PE\u00c7AS PARA CAMINH\u00d5ES, VANS, \u00d4NIBUS, TRATORES E M\u00c1QUINAS PESADAS<\/strong><br \/>\n<strong>______________________________________________________________<\/strong><br \/>\n<strong>Pe\u00e7as nacionais e importadas, com excelente pre\u00e7o e prazo de entrega.<\/strong><\/p>\n<p><strong>Encaminhe suas d\u00favidas na \u00e1rea de perguntas antes de comprar.<\/strong><\/p>\n<p><strong>Nossa equipe \u00e9 especializada e vai ajudar voc\u00ea a encontrar o produto certo para seu ve\u00edculo.<\/strong><\/p>\n<p><strong>PARA UMA MELHOR COMPRA:<\/strong><br \/>\n<strong>&#8211; Confira se o endere\u00e7o de entrega est\u00e1 completo e correto. Mantenha seus dados atualizados.<\/strong><br \/>\n<strong>&#8211; N\u00e3o utilize Caixa Postal como endere\u00e7o de entrega.<\/strong><br \/>\n<strong>&#8211; Antes de concretizar sua compra, tire suas d\u00favidas na \u00e1rea de perguntas.<\/strong><br \/>\n<strong>&#8211; Se necess\u00e1rio, confirme a aplica\u00e7\u00e3o com seu mec\u00e2nico.<\/strong><\/p>\n<p><strong>Muito obrigado,<\/strong><\/p>\n<p><strong>GARANTIA DE ENTREGA OU SEU DINHEIRO DE VOLTA.<\/strong><\/p>\n<p><strong>Equipe LPI COMERCIAL \u2013 Prazer em servir!<\/strong><\/p>\n<p><strong>Garantia do vendedor: 180 dia<\/strong><\/p>\n","protected":false},"excerpt":{"rendered":"<p><strong>MEDIDAS<\/strong><\/p>\n<p><strong>Interno: 41,275 mm <\/strong><\/p>\n<p><strong>Externo: 82,550 mm<\/strong><\/p>\n<p><strong> Altura: 26,543 mm<\/strong><\/p>\n","protected":false},"featured_media":2278,"comment_status":"open","ping_status":"closed","template":"","meta":{"_joinchat":[]},"product_brand":[],"product_cat":[148,37],"product_tag":[],"class_list":{"0":"post-2303","1":"product","2":"type-product","3":"status-publish","4":"has-post-thumbnail","6":"product_cat-linha-pesada-conicos","7":"product_cat-rolamento","9":"first","10":"instock","11":"sale","12":"taxable","13":"shipping-taxable","14":"purchasable","15":"product-type-simple"},"_links":{"self":[{"href":"https:\/\/ztlrolamentos.com.br\/loja\/wp-json\/wp\/v2\/product\/2303","targetHints":{"allow":["GET"]}}],"collection":[{"href":"https:\/\/ztlrolamentos.com.br\/loja\/wp-json\/wp\/v2\/product"}],"about":[{"href":"https:\/\/ztlrolamentos.com.br\/loja\/wp-json\/wp\/v2\/types\/product"}],"replies":[{"embeddable":true,"href":"https:\/\/ztlrolamentos.com.br\/loja\/wp-json\/wp\/v2\/comments?post=2303"}],"wp:featuredmedia":[{"embeddable":true,"href":"https:\/\/ztlrolamentos.com.br\/loja\/wp-json\/wp\/v2\/media\/2278"}],"wp:attachment":[{"href":"https:\/\/ztlrolamentos.com.br\/loja\/wp-json\/wp\/v2\/media?parent=2303"}],"wp:term":[{"taxonomy":"product_brand","embeddable":true,"href":"https:\/\/ztlrolamentos.com.br\/loja\/wp-json\/wp\/v2\/product_brand?post=2303"},{"taxonomy":"product_cat","embeddable":true,"href":"https:\/\/ztlrolamentos.com.br\/loja\/wp-json\/wp\/v2\/product_cat?post=2303"},{"taxonomy":"product_tag","embeddable":true,"href":"https:\/\/ztlrolamentos.com.br\/loja\/wp-json\/wp\/v2\/product_tag?post=2303"}],"curies":[{"name":"wp","href":"https:\/\/api.w.org\/{rel}","templated":true}]}}