{"id":2301,"date":"2024-07-17T09:38:47","date_gmt":"2024-07-17T12:38:47","guid":{"rendered":"https:\/\/ztlrolamentos.com.br\/loja\/?post_type=product&#038;p=2301"},"modified":"2024-07-17T09:39:02","modified_gmt":"2024-07-17T12:39:02","slug":"rolamento-72212-487-pinhao-ford-vw-eixo-140-145-220-h601-tras","status":"publish","type":"product","link":"https:\/\/ztlrolamentos.com.br\/loja\/produto\/rolamento-72212-487-pinhao-ford-vw-eixo-140-145-220-h601-tras\/","title":{"rendered":"ROLAMENTO 72212\/487 PINHAO FORD\/VW EIXO 140\/145\/220\/H601 TRAS."},"content":{"rendered":"<p><strong>Cont\u00e9m 1 Pe\u00e7a;<\/strong><\/p>\n<p><strong>Descri\u00e7\u00e3o do item: ROLAMENTO 72212\/487 PINHAO FORD\/VW EIXO 140\/145\/220\/H601 TRAS.<\/strong><\/p>\n<p><strong>APLICA\u00c7\u00c3O:<\/strong><\/p>\n<p><strong>ROLAMENTO PINHAO FORD\/VW EIXO 140\/145\/220\/H601 TRAS.<\/strong><\/p>\n<p><strong>AGRALE MA 12.0<\/strong><br \/>\n<strong>AGRALE MA-12.0<\/strong><br \/>\n<strong>FORD CARGO 1215<\/strong><br \/>\n<strong>FORD CARGO 1415<\/strong><br \/>\n<strong>FORD CARGO 1416<\/strong><br \/>\n<strong>FORD CARGO 1422<\/strong><br \/>\n<strong>FORD CARGO 1617 a partir de 1997<\/strong><br \/>\n<strong>FORD CARGO 1621 a partir de 1997<\/strong><br \/>\n<strong>FORD CARGO 1622<\/strong><br \/>\n<strong>FORD CARGO 2422<\/strong><br \/>\n<strong>FORD CARGO 2425<\/strong><br \/>\n<strong>FORD CARGO 2630<\/strong><br \/>\n<strong>GM \u2013 CHEVROLET 16-220<\/strong><br \/>\n<strong>GMC 16-220<\/strong><br \/>\n<strong>VW 13.150<\/strong><br \/>\n<strong>VW 13.170<\/strong><br \/>\n<strong>VW 13.180<\/strong><br \/>\n<strong>VW 13.210<\/strong><br \/>\n<strong>VW 14.140<\/strong><br \/>\n<strong>VW 14.150<\/strong><br \/>\n<strong>VW 14.210<\/strong><br \/>\n<strong>VW 15.170<\/strong><br \/>\n<strong>VW 15.180<\/strong><br \/>\n<strong>VW 15.210<\/strong><br \/>\n<strong>VW 16.170<\/strong><br \/>\n<strong>VW 16.180<\/strong><br \/>\n<strong>VW 16.210<\/strong><br \/>\n<strong>VW 16.220<\/strong><br \/>\n<strong>VW 17.210<\/strong><br \/>\n<strong>VW 17.220<\/strong><br \/>\n<strong>VW 17.300<\/strong><br \/>\n<strong>VW 22.140<\/strong><br \/>\n<strong>VW 22.210<\/strong><br \/>\n<strong>VW 24.220<\/strong><br \/>\n<strong>VW 24.250<\/strong><br \/>\n<strong>VW 26.300<\/strong><br \/>\n<strong>VW 35.300<\/strong><\/p>\n<p><strong>MARCA: ZTL \u201372212\/487<\/strong><\/p>\n<p><strong>As fotos deste an\u00fancio s\u00e3o meramente ilustrativas.<\/strong><br \/>\n<strong>PE\u00c7AS PARA CAMINH\u00d5ES, VANS, \u00d4NIBUS, TRATORES E M\u00c1QUINAS PESADAS<\/strong><br \/>\n<strong>______________________________________________________________<\/strong><br \/>\n<strong>Pe\u00e7as nacionais e importadas, com excelente pre\u00e7o e prazo de entrega.<\/strong><\/p>\n<p><strong>Encaminhe suas d\u00favidas na \u00e1rea de perguntas antes de comprar.<\/strong><\/p>\n<p><strong>Nossa equipe \u00e9 especializada e vai ajudar voc\u00ea a encontrar o produto certo para seu ve\u00edculo.<\/strong><\/p>\n<p><strong>PARA UMA MELHOR COMPRA:<\/strong><br \/>\n<strong>&#8211; Confira se o endere\u00e7o de entrega est\u00e1 completo e correto. Mantenha seus dados atualizados.<\/strong><br \/>\n<strong>&#8211; N\u00e3o utilize Caixa Postal como endere\u00e7o de entrega.<\/strong><br \/>\n<strong>&#8211; Antes de concretizar sua compra, tire suas d\u00favidas na \u00e1rea de perguntas.<\/strong><br \/>\n<strong>&#8211; Se necess\u00e1rio, confirme a aplica\u00e7\u00e3o com seu mec\u00e2nico.<\/strong><\/p>\n<p><strong>Muito obrigado,<\/strong><\/p>\n<p><strong>GARANTIA DE ENTREGA OU SEU DINHEIRO DE VOLTA.<\/strong><\/p>\n<p><strong>Equipe LPI COMERCIAL \u2013 Prazer em servir!<\/strong><\/p>\n<p><strong>Garantia do vendedor: 180 dia<\/strong><\/p>\n","protected":false},"excerpt":{"rendered":"<p>Cont\u00e9m 1 Pe\u00e7a; Descri\u00e7\u00e3o do item: ROLAMENTO 72212\/487 PINHAO FORD\/VW EIXO 140\/145\/220\/H601 TRAS. APLICA\u00c7\u00c3O: ROLAMENTO PINHAO FORD\/VW EIXO 140\/145\/220\/H601 TRAS. AGRALE MA 12.0 AGRALE MA-12.0 FORD CARGO 1215 FORD CARGO 1415 FORD CARGO 1416 FORD CARGO 1422 FORD CARGO 1617 a partir de 1997 FORD CARGO 1621 a partir de 1997 FORD CARGO 1622 FORD CARGO 2422 FORD CARGO 2425 FORD CARGO 2630 GM \u2013 CHEVROLET 16-220 GMC 16-220 VW 13.150 VW 13.170 VW 13.180 VW 13.210 VW 14.140 VW 14.150 VW 14.210 VW 15.170 VW 15.180 VW 15.210 VW 16.170 VW 16.180 VW 16.210 VW 16.220 VW 17.210 VW 17.220 VW 17.300 VW 22.140 VW 22.210 VW 24.220 VW&hellip; <a class=\"read-more\" href=\"https:\/\/ztlrolamentos.com.br\/loja\/produto\/rolamento-72212-487-pinhao-ford-vw-eixo-140-145-220-h601-tras\/\">Leia Mais<\/a><\/p>\n","protected":false},"featured_media":2302,"comment_status":"open","ping_status":"closed","template":"","meta":{"_joinchat":[]},"product_brand":[],"product_cat":[148,37],"product_tag":[],"class_list":{"0":"post-2301","1":"product","2":"type-product","3":"status-publish","4":"has-post-thumbnail","6":"product_cat-linha-pesada-conicos","7":"product_cat-rolamento","9":"first","10":"instock","11":"sale","12":"taxable","13":"shipping-taxable","14":"purchasable","15":"product-type-simple"},"_links":{"self":[{"href":"https:\/\/ztlrolamentos.com.br\/loja\/wp-json\/wp\/v2\/product\/2301","targetHints":{"allow":["GET"]}}],"collection":[{"href":"https:\/\/ztlrolamentos.com.br\/loja\/wp-json\/wp\/v2\/product"}],"about":[{"href":"https:\/\/ztlrolamentos.com.br\/loja\/wp-json\/wp\/v2\/types\/product"}],"replies":[{"embeddable":true,"href":"https:\/\/ztlrolamentos.com.br\/loja\/wp-json\/wp\/v2\/comments?post=2301"}],"wp:featuredmedia":[{"embeddable":true,"href":"https:\/\/ztlrolamentos.com.br\/loja\/wp-json\/wp\/v2\/media\/2302"}],"wp:attachment":[{"href":"https:\/\/ztlrolamentos.com.br\/loja\/wp-json\/wp\/v2\/media?parent=2301"}],"wp:term":[{"taxonomy":"product_brand","embeddable":true,"href":"https:\/\/ztlrolamentos.com.br\/loja\/wp-json\/wp\/v2\/product_brand?post=2301"},{"taxonomy":"product_cat","embeddable":true,"href":"https:\/\/ztlrolamentos.com.br\/loja\/wp-json\/wp\/v2\/product_cat?post=2301"},{"taxonomy":"product_tag","embeddable":true,"href":"https:\/\/ztlrolamentos.com.br\/loja\/wp-json\/wp\/v2\/product_tag?post=2301"}],"curies":[{"name":"wp","href":"https:\/\/api.w.org\/{rel}","templated":true}]}}