{"id":2274,"date":"2024-07-16T16:17:59","date_gmt":"2024-07-16T19:17:59","guid":{"rendered":"https:\/\/ztlrolamentos.com.br\/loja\/?post_type=product&#038;p=2274"},"modified":"2024-07-16T16:18:17","modified_gmt":"2024-07-16T19:18:17","slug":"rolamento-47686-20-de-roda-traseira-int-ford-cargo-f12000-ft8000-gm-3500-heavy-duty-2","status":"publish","type":"product","link":"https:\/\/ztlrolamentos.com.br\/loja\/produto\/rolamento-47686-20-de-roda-traseira-int-ford-cargo-f12000-ft8000-gm-3500-heavy-duty-2\/","title":{"rendered":"ROLAMENTO 47686\/20 DE RODA TRASEIRA INT \/\/ FORD CARGO\/F12000\/FT8000 \/\/ GM 3500 HEAVY DUTY"},"content":{"rendered":"<p><strong>Cont\u00e9m 1 Pe\u00e7a;<\/strong><\/p>\n<p><strong>Descri\u00e7\u00e3o do item: Rolamento 47686\/20 de Roda Traseira INT \/\/ Ford Cargo\/F12000\/FT8000 \/\/ GM 3500 Heavy Duty<\/strong><\/p>\n<p><strong>APLICA\u00c7\u00c3O<\/strong><\/p>\n<p><strong>Ford Cargo<\/strong><br \/>\n<strong>Ford F11000<\/strong><br \/>\n<strong>Ford F12000<\/strong><br \/>\n<strong>Ford F13000<\/strong><br \/>\n<strong>Ford F14000<\/strong><br \/>\n<strong>Ford F16000<\/strong><br \/>\n<strong>Ford F19000<\/strong><br \/>\n<strong>Ford F21000<\/strong><br \/>\n<strong>Ford F22000<\/strong><br \/>\n<strong>Ford F7000<\/strong><br \/>\n<strong>Ford F8000<\/strong><br \/>\n<strong>Ford F8500<\/strong><br \/>\n<strong>Ford FT7000<\/strong><br \/>\n<strong>Ford FT8000<\/strong><br \/>\n<strong>Ford FT8500<\/strong><br \/>\n<strong>GM 3500 Heavy Duty 1980<\/strong><br \/>\n<strong>GM A10 1980<\/strong><br \/>\n<strong>GM D60 1980<\/strong><br \/>\n<strong>GM D70 1980<\/strong><br \/>\n<strong>GM D80 1980<\/strong><br \/>\n<strong>GM D90 1980<\/strong><br \/>\n<strong>GM D99 Turbo 1980<\/strong><\/p>\n<p><strong>Interno: 82,55 mm Externo: 133,35 mm Altura: 33,338 mm<\/strong><br \/>\n<strong>MARCA: ZTL \u2013 47686\/20<\/strong><\/p>\n<p><strong>As fotos deste an\u00fancio s\u00e3o meramente ilustrativas.<\/strong><br \/>\n<strong>PE\u00c7AS PARA CAMINH\u00d5ES, VANS, \u00d4NIBUS, TRATORES E M\u00c1QUINAS PESADAS<\/strong><br \/>\n<strong>______________________________________________________________<\/strong><br \/>\n<strong>Pe\u00e7as nacionais e importadas, com excelente pre\u00e7o e prazo de entrega.<\/strong><\/p>\n<p><strong>Encaminhe suas d\u00favidas na \u00e1rea de perguntas antes de comprar.<\/strong><\/p>\n<p><strong>Nossa equipe \u00e9 especializada e vai ajudar voc\u00ea a encontrar o produto certo para seu ve\u00edculo.<\/strong><\/p>\n<p><strong>PARA UMA MELHOR COMPRA:<\/strong><br \/>\n<strong>&#8211; Confira se o endere\u00e7o de entrega est\u00e1 completo e correto. Mantenha seus dados atualizados.<\/strong><br \/>\n<strong>&#8211; N\u00e3o utilize Caixa Postal como endere\u00e7o de entrega.<\/strong><br \/>\n<strong>&#8211; Antes de concretizar sua compra, tire suas d\u00favidas na \u00e1rea de perguntas.<\/strong><br \/>\n<strong>&#8211; Se necess\u00e1rio, confirme a aplica\u00e7\u00e3o com seu mec\u00e2nico.<\/strong><\/p>\n<p><strong>Muito obrigado,<\/strong><\/p>\n<p><strong>GARANTIA DE ENTREGA OU SEU DINHEIRO DE VOLTA.<\/strong><\/p>\n<p><strong>Equipe LPI COMERCIAL \u2013 Prazer em servir!<\/strong><\/p>\n<p><strong>Garantia do vendedor: 180 dia<\/strong><\/p>\n","protected":false},"excerpt":{"rendered":"<p><strong>MEDIDAS<\/strong><\/p>\n<p><strong>Interno: 82,55 mm <\/strong><\/p>\n<p><strong>Externo: 133,35 mm <\/strong><\/p>\n<p><strong>Altura: 33,338 mm<\/strong><\/p>\n","protected":false},"featured_media":2257,"comment_status":"open","ping_status":"closed","template":"","meta":{"_joinchat":[]},"product_brand":[],"product_cat":[148,37],"product_tag":[],"class_list":{"0":"post-2274","1":"product","2":"type-product","3":"status-publish","4":"has-post-thumbnail","6":"product_cat-linha-pesada-conicos","7":"product_cat-rolamento","9":"first","10":"instock","11":"sale","12":"taxable","13":"shipping-taxable","14":"purchasable","15":"product-type-simple"},"_links":{"self":[{"href":"https:\/\/ztlrolamentos.com.br\/loja\/wp-json\/wp\/v2\/product\/2274","targetHints":{"allow":["GET"]}}],"collection":[{"href":"https:\/\/ztlrolamentos.com.br\/loja\/wp-json\/wp\/v2\/product"}],"about":[{"href":"https:\/\/ztlrolamentos.com.br\/loja\/wp-json\/wp\/v2\/types\/product"}],"replies":[{"embeddable":true,"href":"https:\/\/ztlrolamentos.com.br\/loja\/wp-json\/wp\/v2\/comments?post=2274"}],"wp:featuredmedia":[{"embeddable":true,"href":"https:\/\/ztlrolamentos.com.br\/loja\/wp-json\/wp\/v2\/media\/2257"}],"wp:attachment":[{"href":"https:\/\/ztlrolamentos.com.br\/loja\/wp-json\/wp\/v2\/media?parent=2274"}],"wp:term":[{"taxonomy":"product_brand","embeddable":true,"href":"https:\/\/ztlrolamentos.com.br\/loja\/wp-json\/wp\/v2\/product_brand?post=2274"},{"taxonomy":"product_cat","embeddable":true,"href":"https:\/\/ztlrolamentos.com.br\/loja\/wp-json\/wp\/v2\/product_cat?post=2274"},{"taxonomy":"product_tag","embeddable":true,"href":"https:\/\/ztlrolamentos.com.br\/loja\/wp-json\/wp\/v2\/product_tag?post=2274"}],"curies":[{"name":"wp","href":"https:\/\/api.w.org\/{rel}","templated":true}]}}