{"id":2273,"date":"2024-07-16T16:13:48","date_gmt":"2024-07-16T19:13:48","guid":{"rendered":"https:\/\/ztlrolamentos.com.br\/loja\/?post_type=product&#038;p=2273"},"modified":"2024-07-16T16:14:08","modified_gmt":"2024-07-16T19:14:08","slug":"rolamento-469-453x-lat-cx-satel-ford-f4000-82-vw-680-690-790-7110-difer-albarus","status":"publish","type":"product","link":"https:\/\/ztlrolamentos.com.br\/loja\/produto\/rolamento-469-453x-lat-cx-satel-ford-f4000-82-vw-680-690-790-7110-difer-albarus\/","title":{"rendered":"ROLAMENTO 469\/453X  LAT.CX.SATEL.FORD F4000 82\u2026\/VW 680\/690\/790\/7110 DIFER. ALBARUS"},"content":{"rendered":"<p><strong>Cont\u00e9m 1 Pe\u00e7a;<\/strong><\/p>\n<p><strong>Descri\u00e7\u00e3o do item: ROLAMENTO LAT.CX.SATEL.FORD F4000 82\u2026\/VW 680\/690\/790\/7110 DIFER. ALBARUS<\/strong><\/p>\n<p><strong>APLICA\u00c7\u00c3O:<\/strong><\/p>\n<p><strong>AGRALE 6000<\/strong><br \/>\n<strong>AGRALE 7500<\/strong><br \/>\n<strong>AGRALE 7500<\/strong><br \/>\n<strong>AGRALE 8500<\/strong><br \/>\n<strong>AGRALE 9200<\/strong><br \/>\n<strong>AGRALE MA 5000<\/strong><br \/>\n<strong>AGRALE MA 6000<\/strong><br \/>\n<strong>AGRALE MA 7.9<\/strong><br \/>\n<strong>AGRALE MA 8.5<\/strong><br \/>\n<strong>AGRALE MA 8000<\/strong><br \/>\n<strong>AGRALE MA-7.9<\/strong><br \/>\n<strong>AGRALE MA-8.5<\/strong><br \/>\n<strong>AGRALE MA5000<\/strong><br \/>\n<strong>AGRALE MA6000<\/strong><br \/>\n<strong>AGRALE MA8000<\/strong><br \/>\n<strong>FIAT 70<\/strong><br \/>\n<strong>FIAT 80<\/strong><br \/>\n<strong>FORD CARGO 712E<\/strong><br \/>\n<strong>FORD CARGO 814<\/strong><br \/>\n<strong>FORD CARGO 815E<\/strong><br \/>\n<strong>FORD CARGO 915E<\/strong><br \/>\n<strong>IVECO DAILY<\/strong><br \/>\n<strong>IVECO MAXI VAN<\/strong><br \/>\n<strong>VW \u2013 VOLKSWAGEN 8.120<\/strong><br \/>\n<strong>VW \u2013 VOLKSWAGEN 8.140<\/strong><br \/>\n<strong>VW \u2013 VOLKSWAGEN 8.150<\/strong><br \/>\n<strong>VW \u2013 VOLKSWAGEN 9.150<\/strong><\/p>\n<p><strong>MARCA: ZTL \u2013 469\/453X<\/strong><\/p>\n<p><strong>Di\u00e2metro interior (mm) 57,15<\/strong><br \/>\n<strong>Di\u00e2metro exterior (mm) 104,78<\/strong><br \/>\n<strong>T (mm) 30,16<\/strong><br \/>\n<strong>Peso: kg 1,03<\/strong><\/p>\n<p><strong>As fotos deste an\u00fancio s\u00e3o meramente ilustrativas.<\/strong><br \/>\n<strong>PE\u00c7AS PARA CAMINH\u00d5ES, VANS, \u00d4NIBUS, TRATORES E M\u00c1QUINAS PESADAS<\/strong><br \/>\n<strong>______________________________________________________________<\/strong><br \/>\n<strong>Pe\u00e7as nacionais e importadas, com excelente pre\u00e7o e prazo de entrega.<\/strong><\/p>\n<p><strong>Encaminhe suas d\u00favidas na \u00e1rea de perguntas antes de comprar.<\/strong><\/p>\n<p><strong>Nossa equipe \u00e9 especializada e vai ajudar voc\u00ea a encontrar o produto certo para seu ve\u00edculo.<\/strong><\/p>\n<p><strong>PARA UMA MELHOR COMPRA:<\/strong><br \/>\n<strong>&#8211; Confira se o endere\u00e7o de entrega est\u00e1 completo e correto. Mantenha seus dados atualizados.<\/strong><br \/>\n<strong>&#8211; N\u00e3o utilize Caixa Postal como endere\u00e7o de entrega.<\/strong><br \/>\n<strong>&#8211; Antes de concretizar sua compra, tire suas d\u00favidas na \u00e1rea de perguntas.<\/strong><br \/>\n<strong>&#8211; Se necess\u00e1rio, confirme a aplica\u00e7\u00e3o com seu mec\u00e2nico.<\/strong><\/p>\n<p><strong>Muito obrigado,<\/strong><\/p>\n<p><strong>GARANTIA DE ENTREGA OU SEU DINHEIRO DE VOLTA.<\/strong><\/p>\n<p><strong>Equipe LPI COMERCIAL \u2013 Prazer em servir!<\/strong><\/p>\n<p><strong>Garantia do vendedor: 180 dia<\/strong><\/p>\n","protected":false},"excerpt":{"rendered":"<p><strong>MEDIDAS<\/strong><\/p>\n<p><strong>MARCA: ZTL \u2013 469\/453X<\/strong><br \/>\n<strong>Di\u00e2metro interior (mm) 57,15<\/strong><br \/>\n<strong>Di\u00e2metro exterior (mm) 104,78<\/strong><br \/>\n<strong>T (mm) 30,16<\/strong><br \/>\n<strong>Peso: kg 1,03<\/strong><\/p>\n","protected":false},"featured_media":2226,"comment_status":"open","ping_status":"closed","template":"","meta":{"_joinchat":[]},"product_brand":[],"product_cat":[148,37],"product_tag":[],"class_list":{"0":"post-2273","1":"product","2":"type-product","3":"status-publish","4":"has-post-thumbnail","6":"product_cat-linha-pesada-conicos","7":"product_cat-rolamento","9":"first","10":"instock","11":"sale","12":"taxable","13":"shipping-taxable","14":"purchasable","15":"product-type-simple"},"_links":{"self":[{"href":"https:\/\/ztlrolamentos.com.br\/loja\/wp-json\/wp\/v2\/product\/2273","targetHints":{"allow":["GET"]}}],"collection":[{"href":"https:\/\/ztlrolamentos.com.br\/loja\/wp-json\/wp\/v2\/product"}],"about":[{"href":"https:\/\/ztlrolamentos.com.br\/loja\/wp-json\/wp\/v2\/types\/product"}],"replies":[{"embeddable":true,"href":"https:\/\/ztlrolamentos.com.br\/loja\/wp-json\/wp\/v2\/comments?post=2273"}],"wp:featuredmedia":[{"embeddable":true,"href":"https:\/\/ztlrolamentos.com.br\/loja\/wp-json\/wp\/v2\/media\/2226"}],"wp:attachment":[{"href":"https:\/\/ztlrolamentos.com.br\/loja\/wp-json\/wp\/v2\/media?parent=2273"}],"wp:term":[{"taxonomy":"product_brand","embeddable":true,"href":"https:\/\/ztlrolamentos.com.br\/loja\/wp-json\/wp\/v2\/product_brand?post=2273"},{"taxonomy":"product_cat","embeddable":true,"href":"https:\/\/ztlrolamentos.com.br\/loja\/wp-json\/wp\/v2\/product_cat?post=2273"},{"taxonomy":"product_tag","embeddable":true,"href":"https:\/\/ztlrolamentos.com.br\/loja\/wp-json\/wp\/v2\/product_tag?post=2273"}],"curies":[{"name":"wp","href":"https:\/\/api.w.org\/{rel}","templated":true}]}}