{"id":2265,"date":"2024-07-16T15:41:13","date_gmt":"2024-07-16T18:41:13","guid":{"rendered":"https:\/\/ztlrolamentos.com.br\/loja\/?post_type=product&#038;p=2265"},"modified":"2024-07-16T15:41:39","modified_gmt":"2024-07-16T18:41:39","slug":"rolamento-39581-520-roda-d-int-ford-cargo-1117-1116-1114-1113-vw-13-180-13-210-2","status":"publish","type":"product","link":"https:\/\/ztlrolamentos.com.br\/loja\/produto\/rolamento-39581-520-roda-d-int-ford-cargo-1117-1116-1114-1113-vw-13-180-13-210-2\/","title":{"rendered":"ROLAMENTO 39581\/520 RODA D INT | FORD CARGO 1117\/1116\/1114\/1113 \/\/ VW 13.180\/13.210"},"content":{"rendered":"<p><strong>Cont\u00e9m 1 Pe\u00e7a;<\/strong><\/p>\n<p><strong>Descri\u00e7\u00e3o do item: Rolamento 39581\/520 roda D INT | Ford Cargo 1117\/1116\/1114\/1113 \/\/ VW 13.180\/13.210<\/strong><\/p>\n<p><strong>APLICA\u00c7\u00c3O<\/strong><\/p>\n<p><strong>Agrale CHASSI MA 12.0 LE E-TRONIC<\/strong><br \/>\n<strong>Agrale CHASSI MA 12.0E-TRONIC<\/strong><br \/>\n<strong>Agrale CHASSI MA 12.0SB E-TRONIC<\/strong><br \/>\n<strong>Ford Cargo 1113<\/strong><br \/>\n<strong>Ford Cargo 1114<\/strong><br \/>\n<strong>Ford Cargo 1116<\/strong><br \/>\n<strong>Ford Cargo 1117<\/strong><br \/>\n<strong>VW 11.130<\/strong><br \/>\n<strong>VW 11.140<\/strong><br \/>\n<strong>VW 12.140<\/strong><br \/>\n<strong>VW 12.170 BT<\/strong><br \/>\n<strong>VW 13.130<\/strong><br \/>\n<strong>VW 13.150<\/strong><br \/>\n<strong>VW 13.170<\/strong><br \/>\n<strong>VW 13.180<\/strong><br \/>\n<strong>VW 13.190<\/strong><br \/>\n<strong>VW 13.210<\/strong><\/p>\n<p><strong>Interno: 57,150 mm Externo: 112,712 mm Altura: 30,162 mm<\/strong><br \/>\n<strong>MARCA: ZTL \u2013 39581\/520<\/strong><\/p>\n<p><strong>As fotos deste an\u00fancio s\u00e3o meramente ilustrativas.<\/strong><br \/>\n<strong>PE\u00c7AS PARA CAMINH\u00d5ES, VANS, \u00d4NIBUS, TRATORES E M\u00c1QUINAS PESADAS<\/strong><br \/>\n<strong>______________________________________________________________<\/strong><br \/>\n<strong>Pe\u00e7as nacionais e importadas, com excelente pre\u00e7o e prazo de entrega.<\/strong><\/p>\n<p><strong>Encaminhe suas d\u00favidas na \u00e1rea de perguntas antes de comprar.<\/strong><\/p>\n<p><strong>Nossa equipe \u00e9 especializada e vai ajudar voc\u00ea a encontrar o produto certo para seu ve\u00edculo.<\/strong><\/p>\n<p><strong>PARA UMA MELHOR COMPRA:<\/strong><br \/>\n<strong>&#8211; Confira se o endere\u00e7o de entrega est\u00e1 completo e correto. Mantenha seus dados atualizados.<\/strong><br \/>\n<strong>&#8211; N\u00e3o utilize Caixa Postal como endere\u00e7o de entrega.<\/strong><br \/>\n<strong>&#8211; Antes de concretizar sua compra, tire suas d\u00favidas na \u00e1rea de perguntas.<\/strong><br \/>\n<strong>&#8211; Se necess\u00e1rio, confirme a aplica\u00e7\u00e3o com seu mec\u00e2nico.<\/strong><\/p>\n<p><strong>Muito obrigado,<\/strong><\/p>\n<p><strong>GARANTIA DE ENTREGA OU SEU DINHEIRO DE VOLTA.<\/strong><\/p>\n<p><strong>Equipe LPI COMERCIAL \u2013 Prazer em servir!<\/strong><\/p>\n<p><strong>Garantia do vendedor: 180 dia<\/strong><\/p>\n","protected":false},"excerpt":{"rendered":"<p><strong>MEDIDAS<\/strong><\/p>\n<p><strong>Interno: 57,150 mm <\/strong><\/p>\n<p><strong>Externo: 112,712 mm <\/strong><\/p>\n<p><strong>Altura: 30,162 mm<\/strong><\/p>\n","protected":false},"featured_media":2264,"comment_status":"open","ping_status":"closed","template":"","meta":{"_joinchat":[]},"product_brand":[],"product_cat":[148,37],"product_tag":[],"class_list":{"0":"post-2265","1":"product","2":"type-product","3":"status-publish","4":"has-post-thumbnail","6":"product_cat-linha-pesada-conicos","7":"product_cat-rolamento","9":"first","10":"instock","11":"sale","12":"taxable","13":"shipping-taxable","14":"purchasable","15":"product-type-simple"},"_links":{"self":[{"href":"https:\/\/ztlrolamentos.com.br\/loja\/wp-json\/wp\/v2\/product\/2265","targetHints":{"allow":["GET"]}}],"collection":[{"href":"https:\/\/ztlrolamentos.com.br\/loja\/wp-json\/wp\/v2\/product"}],"about":[{"href":"https:\/\/ztlrolamentos.com.br\/loja\/wp-json\/wp\/v2\/types\/product"}],"replies":[{"embeddable":true,"href":"https:\/\/ztlrolamentos.com.br\/loja\/wp-json\/wp\/v2\/comments?post=2265"}],"wp:featuredmedia":[{"embeddable":true,"href":"https:\/\/ztlrolamentos.com.br\/loja\/wp-json\/wp\/v2\/media\/2264"}],"wp:attachment":[{"href":"https:\/\/ztlrolamentos.com.br\/loja\/wp-json\/wp\/v2\/media?parent=2265"}],"wp:term":[{"taxonomy":"product_brand","embeddable":true,"href":"https:\/\/ztlrolamentos.com.br\/loja\/wp-json\/wp\/v2\/product_brand?post=2265"},{"taxonomy":"product_cat","embeddable":true,"href":"https:\/\/ztlrolamentos.com.br\/loja\/wp-json\/wp\/v2\/product_cat?post=2265"},{"taxonomy":"product_tag","embeddable":true,"href":"https:\/\/ztlrolamentos.com.br\/loja\/wp-json\/wp\/v2\/product_tag?post=2265"}],"curies":[{"name":"wp","href":"https:\/\/api.w.org\/{rel}","templated":true}]}}